{"id":2986,"date":"2025-07-08T11:57:42","date_gmt":"2025-07-08T03:57:42","guid":{"rendered":"https:\/\/zleyholdings.com\/?post_type=product&#038;p=2986"},"modified":"2025-08-05T16:31:36","modified_gmt":"2025-08-05T08:31:36","slug":"zleyfreshenall-pla","status":"publish","type":"product","link":"https:\/\/zleyholdings.com\/de\/produkte\/zleyfreshenall-pla\/","title":{"rendered":"ZLEY\u00aeFRESHENALL-PLA"},"content":{"rendered":"<p data-start=\"0\" data-end=\"260\"><strong data-start=\"0\" data-end=\"78\">Geruchsreiniger f\u00fcr Menschen und Haustiere \u2013 Mikrobiom-Ausgleich, 24-Stunden-Desodorierung<\/strong><br data-start=\"78\" data-end=\"81\" \/>Gleicht die Mikro\u00f6kologie der Haut aus und reduziert das Wachstum geruchsbildender Bakterien, um schlechte Ger\u00fcche zu entfernen <strong data-start=\"184\" data-end=\"217\">an der Quelle innerhalb von 24 Stunden<\/strong>. <strong data-start=\"219\" data-end=\"232\">100% sicher<\/strong> f\u00fcr die K\u00f6rperpflege und Tierpflege.<\/p>\n<p data-start=\"262\" data-end=\"278\"><strong data-start=\"262\" data-end=\"278\">Hauptvorteile<\/strong><\/p>\n<ul data-start=\"279\" data-end=\"567\">\n<li data-start=\"279\" data-end=\"349\">\n<p data-start=\"281\" data-end=\"349\"><strong data-start=\"281\" data-end=\"306\">Mikrobiom-Ausgleich:<\/strong> tr\u00e4gt zur Wiederherstellung eines gesunden Hautmilieus bei<\/p>\n<\/li>\n<li data-start=\"350\" data-end=\"433\">\n<p data-start=\"352\" data-end=\"433\"><strong data-start=\"352\" data-end=\"373\">Bakterienkontrolle:<\/strong> verringert die Vermehrung sch\u00e4dlicher, geruchsbildender Mikroben<\/p>\n<\/li>\n<li data-start=\"434\" data-end=\"506\">\n<p data-start=\"436\" data-end=\"506\"><strong data-start=\"436\" data-end=\"456\">24-Stunden-Ergebnisse:<\/strong> beseitigt Ger\u00fcche von der Wurzel her, nicht nur \u00fcberdeckt<\/p>\n<\/li>\n<li data-start=\"507\" data-end=\"567\">\n<p data-start=\"509\" data-end=\"567\"><strong data-start=\"509\" data-end=\"530\">Sicher f\u00fcr Mensch und Haustier:<\/strong> sanft zur t\u00e4glichen Anwendung auf Haut und Fell<\/p>\n<\/li>\n<\/ul>","protected":false},"excerpt":{"rendered":"<div class=\"number\">\n<table width=\"647\">\n<tbody>\n<tr>\n<td width=\"208\"><strong>INCI:<\/strong><\/td>\n<td width=\"439\">Bambusessig, Inulin, Biota Orientalis-Blattextrakt, Propandiol, 1,2-Hexandiol, Hydroxyacetophenon, Wasser<\/td>\n<\/tr>\n<tr>\n<td width=\"208\"><strong>Eigenschaften:<\/strong><\/td>\n<td width=\"439\"><strong><em>GERUCHSREINIGER F\u00dcR MENSCHEN &amp; HAUSTIERE<\/em><\/strong><br \/>\nGleicht die Mikro\u00f6kologie der Haut aus und verringert die Vermehrung sch\u00e4dlicher Bakterien. Beseitigt 24 Stunden lang unangenehmen Geruch tief in der Haut. 100% ist sicher f\u00fcr die K\u00f6rper- und Tierpflege.<\/td>\n<\/tr>\n<tr>\n<td width=\"208\"><strong>Aussehen:<\/strong><\/td>\n<td width=\"439\">Braune Fl\u00fcssigkeit<\/td>\n<\/tr>\n<tr>\n<td width=\"208\"><strong>Empfohlene Dosierung:<\/strong><\/td>\n<td width=\"439\">2.0-10.0%<\/td>\n<\/tr>\n<tr>\n<td width=\"208\"><strong>L\u00f6slichkeit:<\/strong><\/td>\n<td width=\"439\">Wasserl\u00f6slich<\/td>\n<\/tr>\n<\/tbody>\n<\/table>\n<\/div>","protected":false},"featured_media":4058,"comment_status":"open","ping_status":"closed","template":"","meta":{"_acf_changed":false,"site-sidebar-layout":"default","site-content-layout":"","ast-site-content-layout":"default","site-content-style":"default","site-sidebar-style":"default","ast-global-header-display":"","ast-banner-title-visibility":"","ast-main-header-display":"","ast-hfb-above-header-display":"","ast-hfb-below-header-display":"","ast-hfb-mobile-header-display":"","site-post-title":"","ast-breadcrumbs-content":"","ast-featured-img":"","footer-sml-layout":"","theme-transparent-header-meta":"default","adv-header-id-meta":"","stick-header-meta":"default","header-above-stick-meta":"","header-main-stick-meta":"","header-below-stick-meta":"","astra-migrate-meta-layouts":"set","ast-page-background-enabled":"default","ast-page-background-meta":{"desktop":{"background-color":"","background-image":"","background-repeat":"repeat","background-position":"center center","background-size":"auto","background-attachment":"scroll","background-type":"","background-media":"","overlay-type":"","overlay-color":"","overlay-opacity":"","overlay-gradient":""},"tablet":{"background-color":"","background-image":"","background-repeat":"repeat","background-position":"center center","background-size":"auto","background-attachment":"scroll","background-type":"","background-media":"","overlay-type":"","overlay-color":"","overlay-opacity":"","overlay-gradient":""},"mobile":{"background-color":"","background-image":"","background-repeat":"repeat","background-position":"center center","background-size":"auto","background-attachment":"scroll","background-type":"","background-media":"","overlay-type":"","overlay-color":"","overlay-opacity":"","overlay-gradient":""}},"ast-content-background-meta":{"desktop":{"background-color":"var(--ast-global-color-5)","background-image":"","background-repeat":"repeat","background-position":"center center","background-size":"auto","background-attachment":"scroll","background-type":"","background-media":"","overlay-type":"","overlay-color":"","overlay-opacity":"","overlay-gradient":""},"tablet":{"background-color":"var(--ast-global-color-5)","background-image":"","background-repeat":"repeat","background-position":"center center","background-size":"auto","background-attachment":"scroll","background-type":"","background-media":"","overlay-type":"","overlay-color":"","overlay-opacity":"","overlay-gradient":""},"mobile":{"background-color":"var(--ast-global-color-5)","background-image":"","background-repeat":"repeat","background-position":"center center","background-size":"auto","background-attachment":"scroll","background-type":"","background-media":"","overlay-type":"","overlay-color":"","overlay-opacity":"","overlay-gradient":""}}},"product_brand":[],"product_cat":[30],"product_tag":[],"class_list":{"0":"post-2986","1":"product","2":"type-product","3":"status-publish","4":"has-post-thumbnail","6":"product_cat-oral-and-deodorization","7":"desktop-align-left","8":"tablet-align-left","9":"mobile-align-left","11":"first","12":"instock","13":"shipping-taxable","14":"product-type-simple"},"acf":[],"_links":{"self":[{"href":"https:\/\/zleyholdings.com\/de\/wp-json\/wp\/v2\/product\/2986","targetHints":{"allow":["GET"]}}],"collection":[{"href":"https:\/\/zleyholdings.com\/de\/wp-json\/wp\/v2\/product"}],"about":[{"href":"https:\/\/zleyholdings.com\/de\/wp-json\/wp\/v2\/types\/product"}],"replies":[{"embeddable":true,"href":"https:\/\/zleyholdings.com\/de\/wp-json\/wp\/v2\/comments?post=2986"}],"wp:featuredmedia":[{"embeddable":true,"href":"https:\/\/zleyholdings.com\/de\/wp-json\/wp\/v2\/media\/4058"}],"wp:attachment":[{"href":"https:\/\/zleyholdings.com\/de\/wp-json\/wp\/v2\/media?parent=2986"}],"wp:term":[{"taxonomy":"product_brand","embeddable":true,"href":"https:\/\/zleyholdings.com\/de\/wp-json\/wp\/v2\/product_brand?post=2986"},{"taxonomy":"product_cat","embeddable":true,"href":"https:\/\/zleyholdings.com\/de\/wp-json\/wp\/v2\/product_cat?post=2986"},{"taxonomy":"product_tag","embeddable":true,"href":"https:\/\/zleyholdings.com\/de\/wp-json\/wp\/v2\/product_tag?post=2986"}],"curies":[{"name":"wp","href":"https:\/\/api.w.org\/{rel}","templated":true}]}}