{"id":2983,"date":"2025-07-08T11:47:09","date_gmt":"2025-07-08T03:47:09","guid":{"rendered":"https:\/\/zleyholdings.com\/?post_type=product&#038;p=2983"},"modified":"2025-09-26T15:21:21","modified_gmt":"2025-09-26T07:21:21","slug":"zleyup","status":"publish","type":"product","link":"https:\/\/zleyholdings.com\/de\/produkte\/zleyup\/","title":{"rendered":"ZLEY\u00aeUP"},"content":{"rendered":"<p>Undecylenoylphenylalanin ist ein hochwirksamer, hautaufhellender Wirkstoff, der h\u00e4ufig in kosmetischen Formulierungen gegen Hyperpigmentierung und ungleichm\u00e4\u00dfigen Hautton verwendet wird. Durch die Hemmung der Tyrosinase-Aktivit\u00e4t tr\u00e4gt es zur Regulierung der Melaninproduktion bei und sorgt so f\u00fcr einen ausgeglicheneren, strahlenderen und ebenm\u00e4\u00dfigeren Teint.<\/p>\n<p>Dieser Inhaltsstoff wird in Pulverform geliefert und ist \u00f6ll\u00f6slich. Daher eignet er sich f\u00fcr Emulsionen, Seren und andere \u00f6lbasierte kosmetische Anwendungen. Mit einer empfohlenen Anwendungsmenge von \u22640,5% bietet er eine starke Wirksamkeit bei niedriger Dosierung und unterst\u00fctzt sowohl die Leistung als auch die Stabilit\u00e4t der Formulierung.<\/p>","protected":false},"excerpt":{"rendered":"<div class=\"number\">\n<table width=\"647\">\n<tbody>\n<tr>\n<td width=\"208\"><strong>INCI:<\/strong><\/td>\n<td width=\"439\">Undecylenoylphenylalanin<\/td>\n<\/tr>\n<tr>\n<td width=\"208\"><strong>Eigenschaften:<\/strong><\/td>\n<td width=\"439\">Hemmt die Produktion des Enzyms Tyrosinase, hellt den Hautton auf und gleicht ihn aus.<\/td>\n<\/tr>\n<tr>\n<td width=\"208\"><strong>Aussehen:<\/strong><\/td>\n<td width=\"439\">Pulver<\/td>\n<\/tr>\n<tr>\n<td width=\"208\"><strong>Empfohlene Dosierung:<\/strong><\/td>\n<td width=\"439\">NMT0.5%<\/td>\n<\/tr>\n<tr>\n<td width=\"208\"><strong>L\u00f6slichkeit:<\/strong><\/td>\n<td width=\"439\">\u00d6ll\u00f6slich<\/td>\n<\/tr>\n<\/tbody>\n<\/table>\n<\/div>","protected":false},"featured_media":4045,"comment_status":"open","ping_status":"closed","template":"","meta":{"_acf_changed":false,"site-sidebar-layout":"default","site-content-layout":"","ast-site-content-layout":"default","site-content-style":"default","site-sidebar-style":"default","ast-global-header-display":"","ast-banner-title-visibility":"","ast-main-header-display":"","ast-hfb-above-header-display":"","ast-hfb-below-header-display":"","ast-hfb-mobile-header-display":"","site-post-title":"","ast-breadcrumbs-content":"","ast-featured-img":"","footer-sml-layout":"","theme-transparent-header-meta":"default","adv-header-id-meta":"","stick-header-meta":"default","header-above-stick-meta":"","header-main-stick-meta":"","header-below-stick-meta":"","astra-migrate-meta-layouts":"set","ast-page-background-enabled":"default","ast-page-background-meta":{"desktop":{"background-color":"","background-image":"","background-repeat":"repeat","background-position":"center center","background-size":"auto","background-attachment":"scroll","background-type":"","background-media":"","overlay-type":"","overlay-color":"","overlay-opacity":"","overlay-gradient":""},"tablet":{"background-color":"","background-image":"","background-repeat":"repeat","background-position":"center center","background-size":"auto","background-attachment":"scroll","background-type":"","background-media":"","overlay-type":"","overlay-color":"","overlay-opacity":"","overlay-gradient":""},"mobile":{"background-color":"","background-image":"","background-repeat":"repeat","background-position":"center center","background-size":"auto","background-attachment":"scroll","background-type":"","background-media":"","overlay-type":"","overlay-color":"","overlay-opacity":"","overlay-gradient":""}},"ast-content-background-meta":{"desktop":{"background-color":"var(--ast-global-color-5)","background-image":"","background-repeat":"repeat","background-position":"center center","background-size":"auto","background-attachment":"scroll","background-type":"","background-media":"","overlay-type":"","overlay-color":"","overlay-opacity":"","overlay-gradient":""},"tablet":{"background-color":"var(--ast-global-color-5)","background-image":"","background-repeat":"repeat","background-position":"center center","background-size":"auto","background-attachment":"scroll","background-type":"","background-media":"","overlay-type":"","overlay-color":"","overlay-opacity":"","overlay-gradient":""},"mobile":{"background-color":"var(--ast-global-color-5)","background-image":"","background-repeat":"repeat","background-position":"center center","background-size":"auto","background-attachment":"scroll","background-type":"","background-media":"","overlay-type":"","overlay-color":"","overlay-opacity":"","overlay-gradient":""}}},"product_brand":[],"product_cat":[15],"product_tag":[],"class_list":{"0":"post-2983","1":"product","2":"type-product","3":"status-publish","4":"has-post-thumbnail","6":"product_cat-brightening","7":"desktop-align-left","8":"tablet-align-left","9":"mobile-align-left","11":"first","12":"instock","13":"shipping-taxable","14":"product-type-simple"},"acf":[],"_links":{"self":[{"href":"https:\/\/zleyholdings.com\/de\/wp-json\/wp\/v2\/product\/2983","targetHints":{"allow":["GET"]}}],"collection":[{"href":"https:\/\/zleyholdings.com\/de\/wp-json\/wp\/v2\/product"}],"about":[{"href":"https:\/\/zleyholdings.com\/de\/wp-json\/wp\/v2\/types\/product"}],"replies":[{"embeddable":true,"href":"https:\/\/zleyholdings.com\/de\/wp-json\/wp\/v2\/comments?post=2983"}],"wp:featuredmedia":[{"embeddable":true,"href":"https:\/\/zleyholdings.com\/de\/wp-json\/wp\/v2\/media\/4045"}],"wp:attachment":[{"href":"https:\/\/zleyholdings.com\/de\/wp-json\/wp\/v2\/media?parent=2983"}],"wp:term":[{"taxonomy":"product_brand","embeddable":true,"href":"https:\/\/zleyholdings.com\/de\/wp-json\/wp\/v2\/product_brand?post=2983"},{"taxonomy":"product_cat","embeddable":true,"href":"https:\/\/zleyholdings.com\/de\/wp-json\/wp\/v2\/product_cat?post=2983"},{"taxonomy":"product_tag","embeddable":true,"href":"https:\/\/zleyholdings.com\/de\/wp-json\/wp\/v2\/product_tag?post=2983"}],"curies":[{"name":"wp","href":"https:\/\/api.w.org\/{rel}","templated":true}]}}