{"id":2978,"date":"2025-07-08T11:29:36","date_gmt":"2025-07-08T03:29:36","guid":{"rendered":"https:\/\/zleyholdings.com\/?post_type=product&#038;p=2978"},"modified":"2025-09-29T14:03:20","modified_gmt":"2025-09-29T06:03:20","slug":"zleyvanillylbutylether","status":"publish","type":"product","link":"https:\/\/zleyholdings.com\/de\/produkte\/zleyvanillylbutylether\/","title":{"rendered":"ZLEY\u00aeVANILLYL BUTYL ETHER"},"content":{"rendered":"<p data-start=\"0\" data-end=\"67\">Vanillylbutylether ist ein kosmetischer Inhaltsstoff, der aufgrund seiner w\u00e4rmenden und stimulierenden Wirkung h\u00e4ufig in Haut- und K\u00f6rperpflegeprodukten verwendet wird. Er sorgt f\u00fcr ein sanftes W\u00e4rmegef\u00fchl auf der Haut und kann die Aufnahme anderer Wirkstoffe verbessern.<\/p>\n<p data-start=\"354\" data-end=\"366\"><strong data-start=\"354\" data-end=\"366\">Vorteile<\/strong><\/p>\n<ul data-start=\"367\" data-end=\"563\">\n<li data-start=\"367\" data-end=\"406\">\n<p data-start=\"369\" data-end=\"406\">Angenehme, kontrollierte W\u00e4rmewirkung<\/p>\n<\/li>\n<li data-start=\"407\" data-end=\"460\">\n<p data-start=\"409\" data-end=\"460\">Unterst\u00fctzt die Mikrozirkulation f\u00fcr ein revitalisiertes Gef\u00fchl<\/p>\n<\/li>\n<li data-start=\"461\" data-end=\"507\">\n<p data-start=\"463\" data-end=\"507\">Sauber, ungiftig, umweltfreundlich<\/p>\n<\/li>\n<li data-start=\"508\" data-end=\"563\">\n<p data-start=\"510\" data-end=\"563\">F\u00fcgt authentische Vanille hinzu <strong data-start=\"533\" data-end=\"553\">Duft\/Geschmack<\/strong> Charakter<\/p>\n<\/li>\n<\/ul>","protected":false},"excerpt":{"rendered":"<div class=\"number\">\n<table width=\"622\">\n<tbody>\n<tr>\n<td width=\"208\"><strong>INCI:<\/strong><\/td>\n<td width=\"414\">Vanillylbutylether<\/td>\n<\/tr>\n<tr>\n<td width=\"208\"><strong>Eigenschaften:<\/strong><\/td>\n<td width=\"414\">Sorgt f\u00fcr ein w\u00e4rmendes Gef\u00fchl und f\u00f6rdert die Durchblutung; ist umweltfreundlich und ungiftig und tr\u00e4gt wesentlich zum charakteristischen Geschmack und Duft der Vanille bei.<\/td>\n<\/tr>\n<tr>\n<td width=\"208\"><strong>Aussehen:<\/strong><\/td>\n<td width=\"414\">Farblose oder leicht gelbe Fl\u00fcssigkeit<\/td>\n<\/tr>\n<tr>\n<td width=\"208\"><strong>Empfohlene Dosierung:<\/strong><\/td>\n<td width=\"414\">0.01-0.2%<\/td>\n<\/tr>\n<tr>\n<td width=\"208\"><strong>L\u00f6slichkeit:<\/strong><\/td>\n<td width=\"414\">L\u00f6slich in Alkohol, l\u00f6slich in Wasser<\/td>\n<\/tr>\n<\/tbody>\n<\/table>\n<\/div>","protected":false},"featured_media":4003,"comment_status":"open","ping_status":"closed","template":"","meta":{"_acf_changed":false,"site-sidebar-layout":"default","site-content-layout":"","ast-site-content-layout":"default","site-content-style":"default","site-sidebar-style":"default","ast-global-header-display":"","ast-banner-title-visibility":"","ast-main-header-display":"","ast-hfb-above-header-display":"","ast-hfb-below-header-display":"","ast-hfb-mobile-header-display":"","site-post-title":"","ast-breadcrumbs-content":"","ast-featured-img":"","footer-sml-layout":"","theme-transparent-header-meta":"default","adv-header-id-meta":"","stick-header-meta":"default","header-above-stick-meta":"","header-main-stick-meta":"","header-below-stick-meta":"","astra-migrate-meta-layouts":"set","ast-page-background-enabled":"default","ast-page-background-meta":{"desktop":{"background-color":"","background-image":"","background-repeat":"repeat","background-position":"center center","background-size":"auto","background-attachment":"scroll","background-type":"","background-media":"","overlay-type":"","overlay-color":"","overlay-opacity":"","overlay-gradient":""},"tablet":{"background-color":"","background-image":"","background-repeat":"repeat","background-position":"center center","background-size":"auto","background-attachment":"scroll","background-type":"","background-media":"","overlay-type":"","overlay-color":"","overlay-opacity":"","overlay-gradient":""},"mobile":{"background-color":"","background-image":"","background-repeat":"repeat","background-position":"center center","background-size":"auto","background-attachment":"scroll","background-type":"","background-media":"","overlay-type":"","overlay-color":"","overlay-opacity":"","overlay-gradient":""}},"ast-content-background-meta":{"desktop":{"background-color":"var(--ast-global-color-5)","background-image":"","background-repeat":"repeat","background-position":"center center","background-size":"auto","background-attachment":"scroll","background-type":"","background-media":"","overlay-type":"","overlay-color":"","overlay-opacity":"","overlay-gradient":""},"tablet":{"background-color":"var(--ast-global-color-5)","background-image":"","background-repeat":"repeat","background-position":"center center","background-size":"auto","background-attachment":"scroll","background-type":"","background-media":"","overlay-type":"","overlay-color":"","overlay-opacity":"","overlay-gradient":""},"mobile":{"background-color":"var(--ast-global-color-5)","background-image":"","background-repeat":"repeat","background-position":"center center","background-size":"auto","background-attachment":"scroll","background-type":"","background-media":"","overlay-type":"","overlay-color":"","overlay-opacity":"","overlay-gradient":""}}},"product_brand":[],"product_cat":[26],"product_tag":[],"class_list":{"0":"post-2978","1":"product","2":"type-product","3":"status-publish","4":"has-post-thumbnail","6":"product_cat-oil-controlacne","7":"desktop-align-left","8":"tablet-align-left","9":"mobile-align-left","11":"first","12":"instock","13":"shipping-taxable","14":"product-type-simple"},"acf":[],"_links":{"self":[{"href":"https:\/\/zleyholdings.com\/de\/wp-json\/wp\/v2\/product\/2978","targetHints":{"allow":["GET"]}}],"collection":[{"href":"https:\/\/zleyholdings.com\/de\/wp-json\/wp\/v2\/product"}],"about":[{"href":"https:\/\/zleyholdings.com\/de\/wp-json\/wp\/v2\/types\/product"}],"replies":[{"embeddable":true,"href":"https:\/\/zleyholdings.com\/de\/wp-json\/wp\/v2\/comments?post=2978"}],"wp:featuredmedia":[{"embeddable":true,"href":"https:\/\/zleyholdings.com\/de\/wp-json\/wp\/v2\/media\/4003"}],"wp:attachment":[{"href":"https:\/\/zleyholdings.com\/de\/wp-json\/wp\/v2\/media?parent=2978"}],"wp:term":[{"taxonomy":"product_brand","embeddable":true,"href":"https:\/\/zleyholdings.com\/de\/wp-json\/wp\/v2\/product_brand?post=2978"},{"taxonomy":"product_cat","embeddable":true,"href":"https:\/\/zleyholdings.com\/de\/wp-json\/wp\/v2\/product_cat?post=2978"},{"taxonomy":"product_tag","embeddable":true,"href":"https:\/\/zleyholdings.com\/de\/wp-json\/wp\/v2\/product_tag?post=2978"}],"curies":[{"name":"wp","href":"https:\/\/api.w.org\/{rel}","templated":true}]}}