{"id":2976,"date":"2025-07-08T11:21:22","date_gmt":"2025-07-08T03:21:22","guid":{"rendered":"https:\/\/zleyholdings.com\/?post_type=product&#038;p=2976"},"modified":"2025-09-29T14:05:19","modified_gmt":"2025-09-29T06:05:19","slug":"zleybsa","status":"publish","type":"product","link":"https:\/\/zleyholdings.com\/de\/produkte\/zleybsa\/","title":{"rendered":"ZLEY\u00aeBSA"},"content":{"rendered":"<p data-start=\"91\" data-end=\"342\">Betainsalicylat ist ein sanfter Peeling-Inhaltsstoff, der h\u00e4ufig in Hautpflegeprodukten verwendet wird. Es geh\u00f6rt zur BHA-Familie (Beta-Hydroxys\u00e4ure) und hilft, abgestorbene Hautzellen zu entfernen, Poren zu \u00f6ffnen und die Hautstruktur zu verbessern.<\/p>\n<p data-start=\"344\" data-end=\"396\"><strong data-start=\"344\" data-end=\"394\">Vorteile von Betainsalicylat in unserem Produkt:<\/strong><\/p>\n<ul data-start=\"397\" data-end=\"566\">\n<li data-start=\"397\" data-end=\"455\">\n<p data-start=\"399\" data-end=\"455\">Sorgt f\u00fcr ein mildes Peeling, ohne die Haut zu reizen.<\/p>\n<\/li>\n<li data-start=\"456\" data-end=\"506\">\n<p data-start=\"458\" data-end=\"506\">Hilft, Mitesser zu reduzieren und Ausbr\u00fcche zu verhindern.<\/p>\n<\/li>\n<li data-start=\"507\" data-end=\"566\">\n<p data-start=\"509\" data-end=\"566\">Gl\u00e4ttet die Hautstruktur und sorgt f\u00fcr einen strahlenden Teint.<\/p>\n<\/li>\n<\/ul>","protected":false},"excerpt":{"rendered":"<div class=\"number\">\n<table width=\"622\">\n<tbody>\n<tr>\n<td width=\"208\"><strong>INCI:<\/strong><\/td>\n<td width=\"414\">Betainsalicylat<\/td>\n<\/tr>\n<tr>\n<td width=\"208\"><strong>Eigenschaften:<\/strong><\/td>\n<td width=\"414\">Vereint die doppelte Wirkung von Betain und Salicyls\u00e4ure mit Milde und geringer Reizung.<\/td>\n<\/tr>\n<tr>\n<td width=\"208\"><strong>Aussehen:<\/strong><\/td>\n<td width=\"414\">Wei\u00df oder wei\u00df wie kristallines Pulver<\/td>\n<\/tr>\n<tr>\n<td width=\"208\"><strong>Empfohlene Dosierung:<\/strong><\/td>\n<td width=\"414\">0.5-2.0%<\/td>\n<\/tr>\n<tr>\n<td width=\"208\"><strong>L\u00f6slichkeit:<\/strong><\/td>\n<td width=\"414\">L\u00f6slich in Alkohol; l\u00f6slich in Wasser<\/td>\n<\/tr>\n<\/tbody>\n<\/table>\n<\/div>","protected":false},"featured_media":4048,"comment_status":"open","ping_status":"closed","template":"","meta":{"_acf_changed":false,"site-sidebar-layout":"default","site-content-layout":"","ast-site-content-layout":"default","site-content-style":"default","site-sidebar-style":"default","ast-global-header-display":"","ast-banner-title-visibility":"","ast-main-header-display":"","ast-hfb-above-header-display":"","ast-hfb-below-header-display":"","ast-hfb-mobile-header-display":"","site-post-title":"","ast-breadcrumbs-content":"","ast-featured-img":"","footer-sml-layout":"","theme-transparent-header-meta":"default","adv-header-id-meta":"","stick-header-meta":"default","header-above-stick-meta":"","header-main-stick-meta":"","header-below-stick-meta":"","astra-migrate-meta-layouts":"set","ast-page-background-enabled":"default","ast-page-background-meta":{"desktop":{"background-color":"","background-image":"","background-repeat":"repeat","background-position":"center center","background-size":"auto","background-attachment":"scroll","background-type":"","background-media":"","overlay-type":"","overlay-color":"","overlay-opacity":"","overlay-gradient":""},"tablet":{"background-color":"","background-image":"","background-repeat":"repeat","background-position":"center center","background-size":"auto","background-attachment":"scroll","background-type":"","background-media":"","overlay-type":"","overlay-color":"","overlay-opacity":"","overlay-gradient":""},"mobile":{"background-color":"","background-image":"","background-repeat":"repeat","background-position":"center center","background-size":"auto","background-attachment":"scroll","background-type":"","background-media":"","overlay-type":"","overlay-color":"","overlay-opacity":"","overlay-gradient":""}},"ast-content-background-meta":{"desktop":{"background-color":"var(--ast-global-color-5)","background-image":"","background-repeat":"repeat","background-position":"center center","background-size":"auto","background-attachment":"scroll","background-type":"","background-media":"","overlay-type":"","overlay-color":"","overlay-opacity":"","overlay-gradient":""},"tablet":{"background-color":"var(--ast-global-color-5)","background-image":"","background-repeat":"repeat","background-position":"center center","background-size":"auto","background-attachment":"scroll","background-type":"","background-media":"","overlay-type":"","overlay-color":"","overlay-opacity":"","overlay-gradient":""},"mobile":{"background-color":"var(--ast-global-color-5)","background-image":"","background-repeat":"repeat","background-position":"center center","background-size":"auto","background-attachment":"scroll","background-type":"","background-media":"","overlay-type":"","overlay-color":"","overlay-opacity":"","overlay-gradient":""}}},"product_brand":[],"product_cat":[26],"product_tag":[],"class_list":{"0":"post-2976","1":"product","2":"type-product","3":"status-publish","4":"has-post-thumbnail","6":"product_cat-oil-controlacne","7":"desktop-align-left","8":"tablet-align-left","9":"mobile-align-left","11":"first","12":"instock","13":"shipping-taxable","14":"product-type-simple"},"acf":[],"_links":{"self":[{"href":"https:\/\/zleyholdings.com\/de\/wp-json\/wp\/v2\/product\/2976","targetHints":{"allow":["GET"]}}],"collection":[{"href":"https:\/\/zleyholdings.com\/de\/wp-json\/wp\/v2\/product"}],"about":[{"href":"https:\/\/zleyholdings.com\/de\/wp-json\/wp\/v2\/types\/product"}],"replies":[{"embeddable":true,"href":"https:\/\/zleyholdings.com\/de\/wp-json\/wp\/v2\/comments?post=2976"}],"wp:featuredmedia":[{"embeddable":true,"href":"https:\/\/zleyholdings.com\/de\/wp-json\/wp\/v2\/media\/4048"}],"wp:attachment":[{"href":"https:\/\/zleyholdings.com\/de\/wp-json\/wp\/v2\/media?parent=2976"}],"wp:term":[{"taxonomy":"product_brand","embeddable":true,"href":"https:\/\/zleyholdings.com\/de\/wp-json\/wp\/v2\/product_brand?post=2976"},{"taxonomy":"product_cat","embeddable":true,"href":"https:\/\/zleyholdings.com\/de\/wp-json\/wp\/v2\/product_cat?post=2976"},{"taxonomy":"product_tag","embeddable":true,"href":"https:\/\/zleyholdings.com\/de\/wp-json\/wp\/v2\/product_tag?post=2976"}],"curies":[{"name":"wp","href":"https:\/\/api.w.org\/{rel}","templated":true}]}}