{"id":2974,"date":"2025-07-08T11:12:52","date_gmt":"2025-07-08T03:12:52","guid":{"rendered":"https:\/\/zleyholdings.com\/?post_type=product&#038;p=2974"},"modified":"2025-09-29T14:08:50","modified_gmt":"2025-09-29T06:08:50","slug":"zleydha","status":"publish","type":"product","link":"https:\/\/zleyholdings.com\/de\/produkte\/zleydha\/","title":{"rendered":"ZLEY\u00aeDHA"},"content":{"rendered":"<p data-start=\"0\" data-end=\"50\">Dihydroxyaceton (DHA) ist eine zuckerbasierte Verbindung, die h\u00e4ufig in Hautpflege- und Kosmetikprodukten als Selbstbr\u00e4uner verwendet wird. Es reagiert mit den Aminos\u00e4uren in der \u00e4u\u00dferen Hautschicht und erzeugt einen vor\u00fcbergehenden Br\u00e4unungseffekt ohne Sonneneinstrahlung.<\/p>\n<p data-start=\"228\" data-end=\"240\"><strong data-start=\"228\" data-end=\"240\">Vorteile<\/strong><\/p>\n<ul data-start=\"241\" data-end=\"421\">\n<li data-start=\"241\" data-end=\"292\">\n<p data-start=\"243\" data-end=\"292\">Sogar, <strong data-start=\"249\" data-end=\"264\">streifenfrei<\/strong> Farbe; aufbaubare Ausstrahlung<\/p>\n<\/li>\n<li data-start=\"293\" data-end=\"353\">\n<p data-start=\"295\" data-end=\"353\">Hilft <strong data-start=\"301\" data-end=\"319\">gleichm\u00e4\u00dfiger Hautton<\/strong> f\u00fcr einen glatteren, sonnengek\u00fcssten Look<\/p>\n<\/li>\n<li data-start=\"354\" data-end=\"421\">\n<p data-start=\"356\" data-end=\"421\">Passend f\u00fcr <strong data-start=\"369\" data-end=\"384\">Gesicht &amp; K\u00f6rper<\/strong>; leichte, schnell einziehende Formel<\/p>\n<\/li>\n<\/ul>","protected":false},"excerpt":{"rendered":"<div class=\"number\">\n<table width=\"622\">\n<tbody>\n<tr>\n<td width=\"208\"><strong>INCI:<\/strong><\/td>\n<td width=\"414\">Dihydroxyaceton<\/td>\n<\/tr>\n<tr>\n<td width=\"208\"><strong>Eigenschaften:<\/strong><\/td>\n<td width=\"414\"><strong><em>STRAHLEND GEBR\u00c4UNTE AUSSTRAHLEN<\/em><\/strong><\/p>\n<p>Reagiert mit Aminos\u00e4uren im Hautkeratin und bildet ein braunes Polymer, das f\u00fcr ein strahlendes, gebr\u00e4untes Aussehen sorgt.<\/td>\n<\/tr>\n<tr>\n<td width=\"208\"><strong>Aussehen:<\/strong><\/td>\n<td width=\"414\">Pulver<\/td>\n<\/tr>\n<tr>\n<td width=\"208\"><strong>Empfohlene Dosierung:<\/strong><\/td>\n<td width=\"414\">2.0-5.0%<\/td>\n<\/tr>\n<tr>\n<td width=\"208\"><strong>L\u00f6slichkeit:<\/strong><\/td>\n<td width=\"414\">Wasserl\u00f6slich<\/td>\n<\/tr>\n<\/tbody>\n<\/table>\n<p>&nbsp;<\/p>\n<\/div>","protected":false},"featured_media":4025,"comment_status":"open","ping_status":"closed","template":"","meta":{"_acf_changed":false,"site-sidebar-layout":"default","site-content-layout":"","ast-site-content-layout":"default","site-content-style":"default","site-sidebar-style":"default","ast-global-header-display":"","ast-banner-title-visibility":"","ast-main-header-display":"","ast-hfb-above-header-display":"","ast-hfb-below-header-display":"","ast-hfb-mobile-header-display":"","site-post-title":"","ast-breadcrumbs-content":"","ast-featured-img":"","footer-sml-layout":"","theme-transparent-header-meta":"default","adv-header-id-meta":"","stick-header-meta":"default","header-above-stick-meta":"","header-main-stick-meta":"","header-below-stick-meta":"","astra-migrate-meta-layouts":"set","ast-page-background-enabled":"default","ast-page-background-meta":{"desktop":{"background-color":"","background-image":"","background-repeat":"repeat","background-position":"center center","background-size":"auto","background-attachment":"scroll","background-type":"","background-media":"","overlay-type":"","overlay-color":"","overlay-opacity":"","overlay-gradient":""},"tablet":{"background-color":"","background-image":"","background-repeat":"repeat","background-position":"center center","background-size":"auto","background-attachment":"scroll","background-type":"","background-media":"","overlay-type":"","overlay-color":"","overlay-opacity":"","overlay-gradient":""},"mobile":{"background-color":"","background-image":"","background-repeat":"repeat","background-position":"center center","background-size":"auto","background-attachment":"scroll","background-type":"","background-media":"","overlay-type":"","overlay-color":"","overlay-opacity":"","overlay-gradient":""}},"ast-content-background-meta":{"desktop":{"background-color":"var(--ast-global-color-5)","background-image":"","background-repeat":"repeat","background-position":"center center","background-size":"auto","background-attachment":"scroll","background-type":"","background-media":"","overlay-type":"","overlay-color":"","overlay-opacity":"","overlay-gradient":""},"tablet":{"background-color":"var(--ast-global-color-5)","background-image":"","background-repeat":"repeat","background-position":"center center","background-size":"auto","background-attachment":"scroll","background-type":"","background-media":"","overlay-type":"","overlay-color":"","overlay-opacity":"","overlay-gradient":""},"mobile":{"background-color":"var(--ast-global-color-5)","background-image":"","background-repeat":"repeat","background-position":"center center","background-size":"auto","background-attachment":"scroll","background-type":"","background-media":"","overlay-type":"","overlay-color":"","overlay-opacity":"","overlay-gradient":""}}},"product_brand":[],"product_cat":[27],"product_tag":[],"class_list":{"0":"post-2974","1":"product","2":"type-product","3":"status-publish","4":"has-post-thumbnail","6":"product_cat-sun-care","7":"desktop-align-left","8":"tablet-align-left","9":"mobile-align-left","11":"first","12":"instock","13":"shipping-taxable","14":"product-type-simple"},"acf":[],"_links":{"self":[{"href":"https:\/\/zleyholdings.com\/de\/wp-json\/wp\/v2\/product\/2974","targetHints":{"allow":["GET"]}}],"collection":[{"href":"https:\/\/zleyholdings.com\/de\/wp-json\/wp\/v2\/product"}],"about":[{"href":"https:\/\/zleyholdings.com\/de\/wp-json\/wp\/v2\/types\/product"}],"replies":[{"embeddable":true,"href":"https:\/\/zleyholdings.com\/de\/wp-json\/wp\/v2\/comments?post=2974"}],"wp:featuredmedia":[{"embeddable":true,"href":"https:\/\/zleyholdings.com\/de\/wp-json\/wp\/v2\/media\/4025"}],"wp:attachment":[{"href":"https:\/\/zleyholdings.com\/de\/wp-json\/wp\/v2\/media?parent=2974"}],"wp:term":[{"taxonomy":"product_brand","embeddable":true,"href":"https:\/\/zleyholdings.com\/de\/wp-json\/wp\/v2\/product_brand?post=2974"},{"taxonomy":"product_cat","embeddable":true,"href":"https:\/\/zleyholdings.com\/de\/wp-json\/wp\/v2\/product_cat?post=2974"},{"taxonomy":"product_tag","embeddable":true,"href":"https:\/\/zleyholdings.com\/de\/wp-json\/wp\/v2\/product_tag?post=2974"}],"curies":[{"name":"wp","href":"https:\/\/api.w.org\/{rel}","templated":true}]}}