{"id":2970,"date":"2025-07-08T10:44:00","date_gmt":"2025-07-08T02:44:00","guid":{"rendered":"https:\/\/zleyholdings.com\/?post_type=product&#038;p=2970"},"modified":"2025-09-26T15:25:27","modified_gmt":"2025-09-26T07:25:27","slug":"zleyvita1","status":"publish","type":"product","link":"https:\/\/zleyholdings.com\/de\/produkte\/zleyvita1\/","title":{"rendered":"ZLEY\u00aeVITA1"},"content":{"rendered":"<p data-start=\"55\" data-end=\"389\">Retinol ist ein bekanntes <strong data-start=\"79\" data-end=\"103\">Vitamin-A-Derivat<\/strong> wird h\u00e4ufig in Hautpflegeformulierungen verwendet <strong data-start=\"149\" data-end=\"211\">Anti-Aging-, hautgl\u00e4ttende und Akne-unterst\u00fctzende Eigenschaften<\/strong>Es zeigt <strong data-start=\"229\" data-end=\"266\">ausgezeichnete Oxidationsbest\u00e4ndigkeit<\/strong> und bietet starke <strong data-start=\"285\" data-end=\"327\">emulgierende und schmierende Eigenschaften<\/strong>, was es zu einem vielseitigen Inhaltsstoff in kosmetischen Formulierungen macht.<\/p>\n<p data-start=\"391\" data-end=\"750\">Dieser Wirkstoff wird geliefert als <strong data-start=\"420\" data-end=\"449\">gelbes kristallines Pulver<\/strong> und ist <strong data-start=\"457\" data-end=\"475\">\u00f6ll\u00f6slich<\/strong>, was eine einfache Einarbeitung in Seren, Cremes und andere \u00f6lbasierte Hautpflegeprodukte erm\u00f6glicht. Mit einem empfohlenen Anwendungsbereich von <strong data-start=\"599\" data-end=\"611\">0,1\u20131,0%<\/strong>, Retinol verbessert effektiv <strong data-start=\"642\" data-end=\"677\">Hautstruktur, reduziert Rauheit<\/strong>, und unterst\u00fctzt die Aknebehandlung, w\u00e4hrend die Stabilit\u00e4t der Formulierung erhalten bleibt.<\/p>","protected":false},"excerpt":{"rendered":"<div class=\"number\">\n<table width=\"622\">\n<tbody>\n<tr>\n<td width=\"208\"><strong>INCI:<\/strong><\/td>\n<td width=\"414\">Retinol<\/td>\n<\/tr>\n<tr>\n<td width=\"208\"><strong>Eigenschaften:<\/strong><\/td>\n<td width=\"414\">Hervorragende Oxidationsbest\u00e4ndigkeit mit starken emulgierenden und schmierenden Eigenschaften. Verbessert die Hautrauheit und unterst\u00fctzt die Aknebehandlung.<\/td>\n<\/tr>\n<tr>\n<td width=\"208\"><strong>Aussehen:<\/strong><\/td>\n<td width=\"414\">Gelbes kristallines Pulver<\/td>\n<\/tr>\n<tr>\n<td width=\"208\"><strong>Empfohlene Dosierung:<\/strong><\/td>\n<td width=\"414\">0.1-1.0%<\/td>\n<\/tr>\n<tr>\n<td width=\"208\"><strong>L\u00f6slichkeit:<\/strong><\/td>\n<td width=\"414\">\u00d6ll\u00f6slich<\/td>\n<\/tr>\n<\/tbody>\n<\/table>\n<\/div>","protected":false},"featured_media":4035,"comment_status":"open","ping_status":"closed","template":"","meta":{"_acf_changed":false,"site-sidebar-layout":"default","site-content-layout":"","ast-site-content-layout":"default","site-content-style":"default","site-sidebar-style":"default","ast-global-header-display":"","ast-banner-title-visibility":"","ast-main-header-display":"","ast-hfb-above-header-display":"","ast-hfb-below-header-display":"","ast-hfb-mobile-header-display":"","site-post-title":"","ast-breadcrumbs-content":"","ast-featured-img":"","footer-sml-layout":"","theme-transparent-header-meta":"default","adv-header-id-meta":"","stick-header-meta":"default","header-above-stick-meta":"","header-main-stick-meta":"","header-below-stick-meta":"","astra-migrate-meta-layouts":"set","ast-page-background-enabled":"default","ast-page-background-meta":{"desktop":{"background-color":"","background-image":"","background-repeat":"repeat","background-position":"center center","background-size":"auto","background-attachment":"scroll","background-type":"","background-media":"","overlay-type":"","overlay-color":"","overlay-opacity":"","overlay-gradient":""},"tablet":{"background-color":"","background-image":"","background-repeat":"repeat","background-position":"center center","background-size":"auto","background-attachment":"scroll","background-type":"","background-media":"","overlay-type":"","overlay-color":"","overlay-opacity":"","overlay-gradient":""},"mobile":{"background-color":"","background-image":"","background-repeat":"repeat","background-position":"center center","background-size":"auto","background-attachment":"scroll","background-type":"","background-media":"","overlay-type":"","overlay-color":"","overlay-opacity":"","overlay-gradient":""}},"ast-content-background-meta":{"desktop":{"background-color":"var(--ast-global-color-5)","background-image":"","background-repeat":"repeat","background-position":"center center","background-size":"auto","background-attachment":"scroll","background-type":"","background-media":"","overlay-type":"","overlay-color":"","overlay-opacity":"","overlay-gradient":""},"tablet":{"background-color":"var(--ast-global-color-5)","background-image":"","background-repeat":"repeat","background-position":"center center","background-size":"auto","background-attachment":"scroll","background-type":"","background-media":"","overlay-type":"","overlay-color":"","overlay-opacity":"","overlay-gradient":""},"mobile":{"background-color":"var(--ast-global-color-5)","background-image":"","background-repeat":"repeat","background-position":"center center","background-size":"auto","background-attachment":"scroll","background-type":"","background-media":"","overlay-type":"","overlay-color":"","overlay-opacity":"","overlay-gradient":""}}},"product_brand":[],"product_cat":[54],"product_tag":[],"class_list":{"0":"post-2970","1":"product","2":"type-product","3":"status-publish","4":"has-post-thumbnail","6":"product_cat-well-agin-and-repairing","7":"desktop-align-left","8":"tablet-align-left","9":"mobile-align-left","11":"first","12":"instock","13":"shipping-taxable","14":"product-type-simple"},"acf":[],"_links":{"self":[{"href":"https:\/\/zleyholdings.com\/de\/wp-json\/wp\/v2\/product\/2970","targetHints":{"allow":["GET"]}}],"collection":[{"href":"https:\/\/zleyholdings.com\/de\/wp-json\/wp\/v2\/product"}],"about":[{"href":"https:\/\/zleyholdings.com\/de\/wp-json\/wp\/v2\/types\/product"}],"replies":[{"embeddable":true,"href":"https:\/\/zleyholdings.com\/de\/wp-json\/wp\/v2\/comments?post=2970"}],"wp:featuredmedia":[{"embeddable":true,"href":"https:\/\/zleyholdings.com\/de\/wp-json\/wp\/v2\/media\/4035"}],"wp:attachment":[{"href":"https:\/\/zleyholdings.com\/de\/wp-json\/wp\/v2\/media?parent=2970"}],"wp:term":[{"taxonomy":"product_brand","embeddable":true,"href":"https:\/\/zleyholdings.com\/de\/wp-json\/wp\/v2\/product_brand?post=2970"},{"taxonomy":"product_cat","embeddable":true,"href":"https:\/\/zleyholdings.com\/de\/wp-json\/wp\/v2\/product_cat?post=2970"},{"taxonomy":"product_tag","embeddable":true,"href":"https:\/\/zleyholdings.com\/de\/wp-json\/wp\/v2\/product_tag?post=2970"}],"curies":[{"name":"wp","href":"https:\/\/api.w.org\/{rel}","templated":true}]}}