{"id":2967,"date":"2025-07-08T10:38:31","date_gmt":"2025-07-08T02:38:31","guid":{"rendered":"https:\/\/zleyholdings.com\/?post_type=product&#038;p=2967"},"modified":"2025-09-01T14:14:02","modified_gmt":"2025-09-01T06:14:02","slug":"zleyluxaigis","status":"publish","type":"product","link":"https:\/\/zleyholdings.com\/de\/produkte\/zleyluxaigis\/","title":{"rendered":"ZLEY\u00aeLUXAIGIS"},"content":{"rendered":"<p data-start=\"29\" data-end=\"162\"><strong data-start=\"29\" data-end=\"84\">AMPK Cell Charger &amp; PPARs Skin\u2011Barrier Repair Serum<\/strong><br data-start=\"84\" data-end=\"87\" \/>Diese fortschrittliche Formel basiert auf einer Dreifachmischung aus Omega-reichen Pflanzen\u00f6len und bietet folgende Vorteile:<\/p>\n<ol data-start=\"164\" data-end=\"556\">\n<li data-start=\"164\" data-end=\"282\">\n<p data-start=\"167\" data-end=\"282\"><strong data-start=\"167\" data-end=\"205\">Neutralisiert entz\u00fcndliche Stressoren<\/strong> In drei gezielten Schritten werden die Poren gereinigt und Sch\u00e4den durch freie Radikale blockiert.<\/p>\n<\/li>\n<li data-start=\"283\" data-end=\"431\">\n<p data-start=\"286\" data-end=\"431\"><strong data-start=\"286\" data-end=\"324\">Reaktiviert zellul\u00e4re AMPK-Signalwege<\/strong> Und <strong data-start=\"329\" data-end=\"355\">PPARs-Lipidsignalisierung<\/strong>, kurbelt die gesunde Zellerneuerung an und sorgt f\u00fcr sichtbar st\u00e4rkere, glattere Haut.<\/p>\n<\/li>\n<li data-start=\"432\" data-end=\"556\">\n<p data-start=\"435\" data-end=\"556\"><strong data-start=\"435\" data-end=\"486\">F\u00fcllt essentielle Ceramide und Fetts\u00e4uren auf<\/strong>, wodurch der Feuchtigkeitsspeicher der Hautbarriere von innen heraus wiederhergestellt wird.<\/p>\n<\/li>\n<\/ol>\n<p data-start=\"558\" data-end=\"745\">Es wurde klinisch nachgewiesen, dass das Serum R\u00f6tungen mildert, Mikrorisse repariert und feine Linien reduziert. Es sorgt f\u00fcr eine schnelle, reizfreie Erholung bei zu Akne neigender, sensibilisierter und vorzeitig gealterter Haut.<\/p>","protected":false},"excerpt":{"rendered":"<div class=\"number\">\n<table width=\"622\">\n<tbody>\n<tr>\n<td width=\"208\"><strong>INCI:<\/strong><\/td>\n<td width=\"414\">Ferulas\u00e4ure, Diethylhexylsyringylidenmalonat, Capryl-\/Caprin-Triglycerid, Dimethylisosorbid<\/td>\n<\/tr>\n<tr>\n<td width=\"208\"><strong>Eigenschaften:<\/strong><\/td>\n<td width=\"414\"><strong><em>SCHL\u00dcSSEL ZUR STIMULATION DES Nrf2-SIGNALWEGS<\/em><\/strong><\/p>\n<p>Eine neue \u00c4ra der Ferulas\u00e4ure \u2013 \u00dcberlegene Stabilit\u00e4t, bessere Aufnahme durch die Haut. Entwickelt f\u00fcr UV-gesch\u00e4digte und m\u00fcde Haut.<\/td>\n<\/tr>\n<tr>\n<td width=\"208\"><strong>Aussehen:<\/strong><\/td>\n<td width=\"414\">Hellgelbe Fl\u00fcssigkeit<\/td>\n<\/tr>\n<tr>\n<td width=\"208\"><strong>Empfohlene Dosierung:<\/strong><\/td>\n<td width=\"414\">1.0-5.0%<\/td>\n<\/tr>\n<tr>\n<td width=\"208\"><strong>L\u00f6slichkeit:<\/strong><\/td>\n<td width=\"414\">L\u00f6slich in Alkohol<\/td>\n<\/tr>\n<\/tbody>\n<\/table>\n<\/div>","protected":false},"featured_media":4016,"comment_status":"open","ping_status":"closed","template":"","meta":{"_acf_changed":false,"site-sidebar-layout":"default","site-content-layout":"","ast-site-content-layout":"default","site-content-style":"default","site-sidebar-style":"default","ast-global-header-display":"","ast-banner-title-visibility":"","ast-main-header-display":"","ast-hfb-above-header-display":"","ast-hfb-below-header-display":"","ast-hfb-mobile-header-display":"","site-post-title":"","ast-breadcrumbs-content":"","ast-featured-img":"","footer-sml-layout":"","theme-transparent-header-meta":"default","adv-header-id-meta":"","stick-header-meta":"default","header-above-stick-meta":"","header-main-stick-meta":"","header-below-stick-meta":"","astra-migrate-meta-layouts":"set","ast-page-background-enabled":"default","ast-page-background-meta":{"desktop":{"background-color":"","background-image":"","background-repeat":"repeat","background-position":"center center","background-size":"auto","background-attachment":"scroll","background-type":"","background-media":"","overlay-type":"","overlay-color":"","overlay-opacity":"","overlay-gradient":""},"tablet":{"background-color":"","background-image":"","background-repeat":"repeat","background-position":"center center","background-size":"auto","background-attachment":"scroll","background-type":"","background-media":"","overlay-type":"","overlay-color":"","overlay-opacity":"","overlay-gradient":""},"mobile":{"background-color":"","background-image":"","background-repeat":"repeat","background-position":"center center","background-size":"auto","background-attachment":"scroll","background-type":"","background-media":"","overlay-type":"","overlay-color":"","overlay-opacity":"","overlay-gradient":""}},"ast-content-background-meta":{"desktop":{"background-color":"var(--ast-global-color-5)","background-image":"","background-repeat":"repeat","background-position":"center center","background-size":"auto","background-attachment":"scroll","background-type":"","background-media":"","overlay-type":"","overlay-color":"","overlay-opacity":"","overlay-gradient":""},"tablet":{"background-color":"var(--ast-global-color-5)","background-image":"","background-repeat":"repeat","background-position":"center center","background-size":"auto","background-attachment":"scroll","background-type":"","background-media":"","overlay-type":"","overlay-color":"","overlay-opacity":"","overlay-gradient":""},"mobile":{"background-color":"var(--ast-global-color-5)","background-image":"","background-repeat":"repeat","background-position":"center center","background-size":"auto","background-attachment":"scroll","background-type":"","background-media":"","overlay-type":"","overlay-color":"","overlay-opacity":"","overlay-gradient":""}}},"product_brand":[],"product_cat":[25],"product_tag":[],"class_list":{"0":"post-2967","1":"product","2":"type-product","3":"status-publish","4":"has-post-thumbnail","6":"product_cat-anti-photoageing","7":"desktop-align-left","8":"tablet-align-left","9":"mobile-align-left","11":"first","12":"instock","13":"shipping-taxable","14":"product-type-simple"},"acf":[],"_links":{"self":[{"href":"https:\/\/zleyholdings.com\/de\/wp-json\/wp\/v2\/product\/2967","targetHints":{"allow":["GET"]}}],"collection":[{"href":"https:\/\/zleyholdings.com\/de\/wp-json\/wp\/v2\/product"}],"about":[{"href":"https:\/\/zleyholdings.com\/de\/wp-json\/wp\/v2\/types\/product"}],"replies":[{"embeddable":true,"href":"https:\/\/zleyholdings.com\/de\/wp-json\/wp\/v2\/comments?post=2967"}],"wp:featuredmedia":[{"embeddable":true,"href":"https:\/\/zleyholdings.com\/de\/wp-json\/wp\/v2\/media\/4016"}],"wp:attachment":[{"href":"https:\/\/zleyholdings.com\/de\/wp-json\/wp\/v2\/media?parent=2967"}],"wp:term":[{"taxonomy":"product_brand","embeddable":true,"href":"https:\/\/zleyholdings.com\/de\/wp-json\/wp\/v2\/product_brand?post=2967"},{"taxonomy":"product_cat","embeddable":true,"href":"https:\/\/zleyholdings.com\/de\/wp-json\/wp\/v2\/product_cat?post=2967"},{"taxonomy":"product_tag","embeddable":true,"href":"https:\/\/zleyholdings.com\/de\/wp-json\/wp\/v2\/product_tag?post=2967"}],"curies":[{"name":"wp","href":"https:\/\/api.w.org\/{rel}","templated":true}]}}