{"id":2965,"date":"2025-07-08T10:26:30","date_gmt":"2025-07-08T02:26:30","guid":{"rendered":"https:\/\/zleyholdings.com\/?post_type=product&#038;p=2965"},"modified":"2025-08-29T18:07:34","modified_gmt":"2025-08-29T10:07:34","slug":"zleyholellia","status":"publish","type":"product","link":"https:\/\/zleyholdings.com\/de\/produkte\/zleyholellia\/","title":{"rendered":"ZLEY\u00aePE910-HOLELLIA"},"content":{"rendered":"<p data-start=\"29\" data-end=\"162\"><strong data-start=\"29\" data-end=\"84\">AMPK Cell Charger &amp; PPARs Skin\u2011Barrier Repair Serum<\/strong><br data-start=\"84\" data-end=\"87\" \/>Diese fortschrittliche Formel basiert auf einer Dreifachmischung aus Omega-reichen Pflanzen\u00f6len und bietet folgende Vorteile:<\/p>\n<ol data-start=\"164\" data-end=\"556\">\n<li data-start=\"164\" data-end=\"282\">\n<p data-start=\"167\" data-end=\"282\"><strong data-start=\"167\" data-end=\"205\">Neutralisiert entz\u00fcndliche Stressoren<\/strong> In drei gezielten Schritten werden die Poren gereinigt und Sch\u00e4den durch freie Radikale blockiert.<\/p>\n<\/li>\n<li data-start=\"283\" data-end=\"431\">\n<p data-start=\"286\" data-end=\"431\"><strong data-start=\"286\" data-end=\"324\">Reaktiviert zellul\u00e4re AMPK-Signalwege<\/strong> Und <strong data-start=\"329\" data-end=\"355\">PPARs-Lipidsignalisierung<\/strong>, kurbelt die gesunde Zellerneuerung an und sorgt f\u00fcr sichtbar st\u00e4rkere, glattere Haut.<\/p>\n<\/li>\n<li data-start=\"432\" data-end=\"556\">\n<p data-start=\"435\" data-end=\"556\"><strong data-start=\"435\" data-end=\"486\">F\u00fcllt essentielle Ceramide und Fetts\u00e4uren auf<\/strong>, wodurch der Feuchtigkeitsspeicher der Hautbarriere von innen heraus wiederhergestellt wird.<\/p>\n<\/li>\n<\/ol>\n<p data-start=\"558\" data-end=\"745\">Es ist klinisch erwiesen, dass das Serum R\u00f6tungen mildert, Mikrorisse repariert und feine Linien reduziert. Es sorgt f\u00fcr eine schnelle, reizfreie Erholung bei zu Akne neigender, sensibilisierter und vorzeitig gealterter Haut.<\/p>","protected":false},"excerpt":{"rendered":"<div class=\"number\">\n<table width=\"657\">\n<tbody>\n<tr>\n<td width=\"208\"><strong>INCI:<\/strong><\/td>\n<td width=\"448\">Camellia Reticulata-Samen\u00f6l, Olea Europaea (Oliven\u00f6l), unverseifbare Bestandteile, Phytosterole, Oryzanol, Tocopherol<\/td>\n<\/tr>\n<tr>\n<td width=\"208\"><strong>Eigenschaften:<\/strong><\/td>\n<td width=\"448\"><strong><em>AMPK-ZELL-LADEGER\u00c4T &amp; PPARs-BARRIERE-REPARATUR<\/em><\/strong><br \/>\nFormuliert mit einer Mischung multifunktionaler Pflanzen\u00f6le, um Hautsch\u00e4den von innen heraus zu reparieren. Dreistufige Wirkung zur Neutralisierung entz\u00fcndungshemmender Angreifer, F\u00f6rderung gesunder Zellaktivit\u00e4t und Auff\u00fcllung der Hautlipide.<\/td>\n<\/tr>\n<tr>\n<td width=\"208\"><strong>Aussehen:<\/strong><\/td>\n<td width=\"448\">Hellgelbe bis gelbe durchscheinende Gelpaste<\/td>\n<\/tr>\n<tr>\n<td width=\"208\"><strong>Empfohlene Dosierung:<\/strong><\/td>\n<td width=\"448\">0.5-3.0%<\/td>\n<\/tr>\n<tr>\n<td width=\"208\"><strong>L\u00f6slichkeit:<\/strong><\/td>\n<td width=\"448\">\u00d6ll\u00f6slich<\/td>\n<\/tr>\n<\/tbody>\n<\/table>\n<\/div>","protected":false},"featured_media":4087,"comment_status":"open","ping_status":"closed","template":"","meta":{"_acf_changed":false,"site-sidebar-layout":"default","site-content-layout":"","ast-site-content-layout":"default","site-content-style":"default","site-sidebar-style":"default","ast-global-header-display":"","ast-banner-title-visibility":"","ast-main-header-display":"","ast-hfb-above-header-display":"","ast-hfb-below-header-display":"","ast-hfb-mobile-header-display":"","site-post-title":"","ast-breadcrumbs-content":"","ast-featured-img":"","footer-sml-layout":"","theme-transparent-header-meta":"default","adv-header-id-meta":"","stick-header-meta":"default","header-above-stick-meta":"","header-main-stick-meta":"","header-below-stick-meta":"","astra-migrate-meta-layouts":"set","ast-page-background-enabled":"default","ast-page-background-meta":{"desktop":{"background-color":"","background-image":"","background-repeat":"repeat","background-position":"center center","background-size":"auto","background-attachment":"scroll","background-type":"","background-media":"","overlay-type":"","overlay-color":"","overlay-opacity":"","overlay-gradient":""},"tablet":{"background-color":"","background-image":"","background-repeat":"repeat","background-position":"center center","background-size":"auto","background-attachment":"scroll","background-type":"","background-media":"","overlay-type":"","overlay-color":"","overlay-opacity":"","overlay-gradient":""},"mobile":{"background-color":"","background-image":"","background-repeat":"repeat","background-position":"center center","background-size":"auto","background-attachment":"scroll","background-type":"","background-media":"","overlay-type":"","overlay-color":"","overlay-opacity":"","overlay-gradient":""}},"ast-content-background-meta":{"desktop":{"background-color":"var(--ast-global-color-5)","background-image":"","background-repeat":"repeat","background-position":"center center","background-size":"auto","background-attachment":"scroll","background-type":"","background-media":"","overlay-type":"","overlay-color":"","overlay-opacity":"","overlay-gradient":""},"tablet":{"background-color":"var(--ast-global-color-5)","background-image":"","background-repeat":"repeat","background-position":"center center","background-size":"auto","background-attachment":"scroll","background-type":"","background-media":"","overlay-type":"","overlay-color":"","overlay-opacity":"","overlay-gradient":""},"mobile":{"background-color":"var(--ast-global-color-5)","background-image":"","background-repeat":"repeat","background-position":"center center","background-size":"auto","background-attachment":"scroll","background-type":"","background-media":"","overlay-type":"","overlay-color":"","overlay-opacity":"","overlay-gradient":""}}},"product_brand":[],"product_cat":[54],"product_tag":[],"class_list":{"0":"post-2965","1":"product","2":"type-product","3":"status-publish","4":"has-post-thumbnail","6":"product_cat-well-agin-and-repairing","7":"desktop-align-left","8":"tablet-align-left","9":"mobile-align-left","11":"first","12":"instock","13":"shipping-taxable","14":"product-type-simple"},"acf":[],"_links":{"self":[{"href":"https:\/\/zleyholdings.com\/de\/wp-json\/wp\/v2\/product\/2965","targetHints":{"allow":["GET"]}}],"collection":[{"href":"https:\/\/zleyholdings.com\/de\/wp-json\/wp\/v2\/product"}],"about":[{"href":"https:\/\/zleyholdings.com\/de\/wp-json\/wp\/v2\/types\/product"}],"replies":[{"embeddable":true,"href":"https:\/\/zleyholdings.com\/de\/wp-json\/wp\/v2\/comments?post=2965"}],"wp:featuredmedia":[{"embeddable":true,"href":"https:\/\/zleyholdings.com\/de\/wp-json\/wp\/v2\/media\/4087"}],"wp:attachment":[{"href":"https:\/\/zleyholdings.com\/de\/wp-json\/wp\/v2\/media?parent=2965"}],"wp:term":[{"taxonomy":"product_brand","embeddable":true,"href":"https:\/\/zleyholdings.com\/de\/wp-json\/wp\/v2\/product_brand?post=2965"},{"taxonomy":"product_cat","embeddable":true,"href":"https:\/\/zleyholdings.com\/de\/wp-json\/wp\/v2\/product_cat?post=2965"},{"taxonomy":"product_tag","embeddable":true,"href":"https:\/\/zleyholdings.com\/de\/wp-json\/wp\/v2\/product_tag?post=2965"}],"curies":[{"name":"wp","href":"https:\/\/api.w.org\/{rel}","templated":true}]}}