{"id":2963,"date":"2025-07-08T10:16:12","date_gmt":"2025-07-08T02:16:12","guid":{"rendered":"https:\/\/zleyholdings.com\/?post_type=product&#038;p=2963"},"modified":"2025-09-26T15:26:26","modified_gmt":"2025-09-26T07:26:26","slug":"zleylignumcure","status":"publish","type":"product","link":"https:\/\/zleyholdings.com\/de\/produkte\/zleylignumcure\/","title":{"rendered":"ZLEY\u00aePE503-LIGNUMCURE"},"content":{"rendered":"<p data-start=\"76\" data-end=\"435\">Natriumguaiazulensulfonat, kombiniert mit Butylenglykol, ist ein <strong data-start=\"142\" data-end=\"179\">nat\u00fcrlicher hautreparierender Inhaltsstoff<\/strong> entwickelt f\u00fcr empfindliche und gereizte Haut. Bekannt f\u00fcr seine <strong data-start=\"237\" data-end=\"270\">kraftvolle reparierende Eigenschaften<\/strong>Es hilft, die Haut zu beruhigen und ihre Gesundheit wiederherzustellen, w\u00e4hrend es gleichzeitig sanft wirkt und sich daher ideal f\u00fcr Formulierungen eignet, die auf empfindliche, gesch\u00e4digte oder gestresste Haut abzielen.<\/p>\n<p data-start=\"437\" data-end=\"798\">Dieser Inhaltsstoff wird als <strong data-start=\"471\" data-end=\"520\">flie\u00dfende Fl\u00fcssigkeit in den Farben Blau bis Dunkelblau<\/strong> und ist <strong data-start=\"528\" data-end=\"548\">wasserl\u00f6slich<\/strong>, wodurch eine einfache Einarbeitung in Cremes, Seren, Masken und andere wasserbasierte Hautpflegeprodukte gew\u00e4hrleistet wird. Mit einer empfohlenen Verwendung von <strong data-start=\"675\" data-end=\"688\">0,5\u201320,0%<\/strong>, es bietet vielseitige Formulierungsm\u00f6glichkeiten und wirkt gleichzeitig hautberuhigend und regenerierend.<\/p>","protected":false},"excerpt":{"rendered":"<div class=\"number\">\n<table width=\"641\">\n<tbody>\n<tr>\n<td width=\"208\"><strong>INCI:<\/strong><\/td>\n<td width=\"433\">Natriumguaiazulensulfonat, Butylenglykol<\/td>\n<\/tr>\n<tr>\n<td width=\"208\"><strong>Eigenschaften:<\/strong><\/td>\n<td width=\"433\"><strong><em>DIE KRAFT DER NAT\u00dcRLICHEN REPARATUR<\/em><\/strong><br \/>\nSanft zu empfindlicher Haut, mit kraftvollen reparierenden Eigenschaften.<\/td>\n<\/tr>\n<tr>\n<td width=\"208\"><strong>Aussehen:<\/strong><\/td>\n<td width=\"433\">Eine flie\u00dfende Fl\u00fcssigkeit, deren Farbe von Blau bis Dunkelblau reicht<\/td>\n<\/tr>\n<tr>\n<td width=\"208\"><strong>Empfohlene Dosierung:<\/strong><\/td>\n<td width=\"433\">0.5-20.0%<\/td>\n<\/tr>\n<tr>\n<td width=\"208\"><strong>L\u00f6slichkeit:<\/strong><\/td>\n<td width=\"433\">Wasserl\u00f6slich<\/td>\n<\/tr>\n<\/tbody>\n<\/table>\n<\/div>","protected":false},"featured_media":4005,"comment_status":"open","ping_status":"closed","template":"","meta":{"_acf_changed":false,"site-sidebar-layout":"default","site-content-layout":"","ast-site-content-layout":"default","site-content-style":"default","site-sidebar-style":"default","ast-global-header-display":"","ast-banner-title-visibility":"","ast-main-header-display":"","ast-hfb-above-header-display":"","ast-hfb-below-header-display":"","ast-hfb-mobile-header-display":"","site-post-title":"","ast-breadcrumbs-content":"","ast-featured-img":"","footer-sml-layout":"","theme-transparent-header-meta":"default","adv-header-id-meta":"","stick-header-meta":"default","header-above-stick-meta":"","header-main-stick-meta":"","header-below-stick-meta":"","astra-migrate-meta-layouts":"set","ast-page-background-enabled":"default","ast-page-background-meta":{"desktop":{"background-color":"","background-image":"","background-repeat":"repeat","background-position":"center center","background-size":"auto","background-attachment":"scroll","background-type":"","background-media":"","overlay-type":"","overlay-color":"","overlay-opacity":"","overlay-gradient":""},"tablet":{"background-color":"","background-image":"","background-repeat":"repeat","background-position":"center center","background-size":"auto","background-attachment":"scroll","background-type":"","background-media":"","overlay-type":"","overlay-color":"","overlay-opacity":"","overlay-gradient":""},"mobile":{"background-color":"","background-image":"","background-repeat":"repeat","background-position":"center center","background-size":"auto","background-attachment":"scroll","background-type":"","background-media":"","overlay-type":"","overlay-color":"","overlay-opacity":"","overlay-gradient":""}},"ast-content-background-meta":{"desktop":{"background-color":"var(--ast-global-color-5)","background-image":"","background-repeat":"repeat","background-position":"center center","background-size":"auto","background-attachment":"scroll","background-type":"","background-media":"","overlay-type":"","overlay-color":"","overlay-opacity":"","overlay-gradient":""},"tablet":{"background-color":"var(--ast-global-color-5)","background-image":"","background-repeat":"repeat","background-position":"center center","background-size":"auto","background-attachment":"scroll","background-type":"","background-media":"","overlay-type":"","overlay-color":"","overlay-opacity":"","overlay-gradient":""},"mobile":{"background-color":"var(--ast-global-color-5)","background-image":"","background-repeat":"repeat","background-position":"center center","background-size":"auto","background-attachment":"scroll","background-type":"","background-media":"","overlay-type":"","overlay-color":"","overlay-opacity":"","overlay-gradient":""}}},"product_brand":[],"product_cat":[54],"product_tag":[],"class_list":{"0":"post-2963","1":"product","2":"type-product","3":"status-publish","4":"has-post-thumbnail","6":"product_cat-well-agin-and-repairing","7":"desktop-align-left","8":"tablet-align-left","9":"mobile-align-left","11":"first","12":"instock","13":"shipping-taxable","14":"product-type-simple"},"acf":[],"_links":{"self":[{"href":"https:\/\/zleyholdings.com\/de\/wp-json\/wp\/v2\/product\/2963","targetHints":{"allow":["GET"]}}],"collection":[{"href":"https:\/\/zleyholdings.com\/de\/wp-json\/wp\/v2\/product"}],"about":[{"href":"https:\/\/zleyholdings.com\/de\/wp-json\/wp\/v2\/types\/product"}],"replies":[{"embeddable":true,"href":"https:\/\/zleyholdings.com\/de\/wp-json\/wp\/v2\/comments?post=2963"}],"wp:featuredmedia":[{"embeddable":true,"href":"https:\/\/zleyholdings.com\/de\/wp-json\/wp\/v2\/media\/4005"}],"wp:attachment":[{"href":"https:\/\/zleyholdings.com\/de\/wp-json\/wp\/v2\/media?parent=2963"}],"wp:term":[{"taxonomy":"product_brand","embeddable":true,"href":"https:\/\/zleyholdings.com\/de\/wp-json\/wp\/v2\/product_brand?post=2963"},{"taxonomy":"product_cat","embeddable":true,"href":"https:\/\/zleyholdings.com\/de\/wp-json\/wp\/v2\/product_cat?post=2963"},{"taxonomy":"product_tag","embeddable":true,"href":"https:\/\/zleyholdings.com\/de\/wp-json\/wp\/v2\/product_tag?post=2963"}],"curies":[{"name":"wp","href":"https:\/\/api.w.org\/{rel}","templated":true}]}}