{"id":2369,"date":"2025-06-18T17:25:19","date_gmt":"2025-06-18T09:25:19","guid":{"rendered":"https:\/\/zleyholdings.com\/?post_type=product&#038;p=2369"},"modified":"2025-09-26T15:27:05","modified_gmt":"2025-09-26T07:27:05","slug":"zleyhprelm-2","status":"publish","type":"product","link":"https:\/\/zleyholdings.com\/de\/produkte\/zleyhprelm-2\/","title":{"rendered":"ZLEY\u00aeHPRELM"},"content":{"rendered":"<p data-start=\"83\" data-end=\"511\">Diese fortschrittliche Formel kombiniert <strong data-start=\"118\" data-end=\"240\">Hydroxypinacolonretinoat, Ulmus Davidiana-Wurzelextrakt, Dimethylmethoxychromanol und Caprylic\/Capric Triglyceride<\/strong> zur Verf\u00fcgung zu stellen <strong data-start=\"254\" data-end=\"290\">multifunktionaler Hautpflegewirkstoff<\/strong> das den Teint aufhellt und vor Lichtalterung sch\u00fctzt. Es liefert <strong data-start=\"370\" data-end=\"437\">antioxidative, entz\u00fcndungshemmende und barriereverst\u00e4rkende Wirkung<\/strong>, wodurch es f\u00fcr empfindliche Haut geeignet ist und gleichzeitig eine hohe Wirksamkeit aufweist.<\/p>\n<p data-start=\"513\" data-end=\"879\">Pr\u00e4sentiert als <strong data-start=\"528\" data-end=\"557\">gelbe transparente Fl\u00fcssigkeit<\/strong>, dieser Wirkstoffkomplex ist <strong data-start=\"586\" data-end=\"621\">l\u00f6slich in \u00d6l und Alkohol<\/strong>, bietet vielseitige Formulierungsm\u00f6glichkeiten f\u00fcr Seren, Cremes und andere \u00f6l- oder alkoholbasierte Hautpflegeprodukte. Mit einer empfohlenen Verwendung von <strong data-start=\"761\" data-end=\"775\">bis zu 2,0%<\/strong>, es sorgt f\u00fcr eine effektive Hautaufhellung und Anti-Aging-Wirkung und bleibt dabei sanft und stabil.<\/p>","protected":false},"excerpt":{"rendered":"<div class=\"number\">\n<table width=\"621\">\n<tbody>\n<tr>\n<td width=\"208\"><strong>INCI:<\/strong><\/td>\n<td width=\"413\">Hydroxypinacolonretinoat, Ulmus Davidiana-Wurzelextrakt, Dimethylmethoxychromanol, Capryl-\/Caprin-Triglycerid<\/td>\n<\/tr>\n<tr>\n<td width=\"208\"><strong>Eigenschaften:<\/strong><\/td>\n<td width=\"413\">Hellt auf und sch\u00fctzt vor lichtbedingter Hautalterung. Wirkt antioxidativ, entz\u00fcndungshemmend und barriereunterst\u00fctzend. Sanft, stabil und effektiv.<\/td>\n<\/tr>\n<tr>\n<td width=\"208\"><strong>Aussehen:<\/strong><\/td>\n<td width=\"413\">Gelbe transparente Fl\u00fcssigkeit<\/td>\n<\/tr>\n<tr>\n<td width=\"208\"><strong>Empfohlene Dosierung:<\/strong><\/td>\n<td width=\"413\">NMT2.0%<\/td>\n<\/tr>\n<tr>\n<td width=\"208\"><strong>L\u00f6slichkeit:<\/strong><\/td>\n<td width=\"413\">\u00d6ll\u00f6slich, alkoholl\u00f6slich<\/td>\n<\/tr>\n<\/tbody>\n<\/table>\n<\/div>","protected":false},"featured_media":4058,"comment_status":"open","ping_status":"closed","template":"","meta":{"_acf_changed":false,"site-sidebar-layout":"default","site-content-layout":"","ast-site-content-layout":"default","site-content-style":"default","site-sidebar-style":"default","ast-global-header-display":"","ast-banner-title-visibility":"","ast-main-header-display":"","ast-hfb-above-header-display":"","ast-hfb-below-header-display":"","ast-hfb-mobile-header-display":"","site-post-title":"","ast-breadcrumbs-content":"","ast-featured-img":"","footer-sml-layout":"","theme-transparent-header-meta":"default","adv-header-id-meta":"","stick-header-meta":"default","header-above-stick-meta":"","header-main-stick-meta":"","header-below-stick-meta":"","astra-migrate-meta-layouts":"set","ast-page-background-enabled":"default","ast-page-background-meta":{"desktop":{"background-color":"","background-image":"","background-repeat":"repeat","background-position":"center center","background-size":"auto","background-attachment":"scroll","background-type":"","background-media":"","overlay-type":"","overlay-color":"","overlay-opacity":"","overlay-gradient":""},"tablet":{"background-color":"","background-image":"","background-repeat":"repeat","background-position":"center center","background-size":"auto","background-attachment":"scroll","background-type":"","background-media":"","overlay-type":"","overlay-color":"","overlay-opacity":"","overlay-gradient":""},"mobile":{"background-color":"","background-image":"","background-repeat":"repeat","background-position":"center center","background-size":"auto","background-attachment":"scroll","background-type":"","background-media":"","overlay-type":"","overlay-color":"","overlay-opacity":"","overlay-gradient":""}},"ast-content-background-meta":{"desktop":{"background-color":"var(--ast-global-color-5)","background-image":"","background-repeat":"repeat","background-position":"center center","background-size":"auto","background-attachment":"scroll","background-type":"","background-media":"","overlay-type":"","overlay-color":"","overlay-opacity":"","overlay-gradient":""},"tablet":{"background-color":"var(--ast-global-color-5)","background-image":"","background-repeat":"repeat","background-position":"center center","background-size":"auto","background-attachment":"scroll","background-type":"","background-media":"","overlay-type":"","overlay-color":"","overlay-opacity":"","overlay-gradient":""},"mobile":{"background-color":"var(--ast-global-color-5)","background-image":"","background-repeat":"repeat","background-position":"center center","background-size":"auto","background-attachment":"scroll","background-type":"","background-media":"","overlay-type":"","overlay-color":"","overlay-opacity":"","overlay-gradient":""}}},"product_brand":[],"product_cat":[54],"product_tag":[],"class_list":{"0":"post-2369","1":"product","2":"type-product","3":"status-publish","4":"has-post-thumbnail","6":"product_cat-well-agin-and-repairing","7":"desktop-align-left","8":"tablet-align-left","9":"mobile-align-left","11":"first","12":"instock","13":"shipping-taxable","14":"product-type-simple"},"acf":[],"_links":{"self":[{"href":"https:\/\/zleyholdings.com\/de\/wp-json\/wp\/v2\/product\/2369","targetHints":{"allow":["GET"]}}],"collection":[{"href":"https:\/\/zleyholdings.com\/de\/wp-json\/wp\/v2\/product"}],"about":[{"href":"https:\/\/zleyholdings.com\/de\/wp-json\/wp\/v2\/types\/product"}],"replies":[{"embeddable":true,"href":"https:\/\/zleyholdings.com\/de\/wp-json\/wp\/v2\/comments?post=2369"}],"wp:featuredmedia":[{"embeddable":true,"href":"https:\/\/zleyholdings.com\/de\/wp-json\/wp\/v2\/media\/4058"}],"wp:attachment":[{"href":"https:\/\/zleyholdings.com\/de\/wp-json\/wp\/v2\/media?parent=2369"}],"wp:term":[{"taxonomy":"product_brand","embeddable":true,"href":"https:\/\/zleyholdings.com\/de\/wp-json\/wp\/v2\/product_brand?post=2369"},{"taxonomy":"product_cat","embeddable":true,"href":"https:\/\/zleyholdings.com\/de\/wp-json\/wp\/v2\/product_cat?post=2369"},{"taxonomy":"product_tag","embeddable":true,"href":"https:\/\/zleyholdings.com\/de\/wp-json\/wp\/v2\/product_tag?post=2369"}],"curies":[{"name":"wp","href":"https:\/\/api.w.org\/{rel}","templated":true}]}}