{"id":2355,"date":"2025-06-18T16:35:16","date_gmt":"2025-06-18T08:35:16","guid":{"rendered":"https:\/\/zleyholdings.com\/?post_type=product&#038;p=2355"},"modified":"2025-09-26T15:27:42","modified_gmt":"2025-09-26T07:27:42","slug":"zleybrc-ws","status":"publish","type":"product","link":"https:\/\/zleyholdings.com\/de\/produkte\/zleybrc-ws\/","title":{"rendered":"ZLEY\u00aeBRC-WS"},"content":{"rendered":"<p data-start=\"79\" data-end=\"469\">Diese innovative Zutatenmischung kombiniert <strong data-start=\"121\" data-end=\"217\">4-Butylresorcin, Propylenglykol, Hydroxypropylcyclodextrin, Natriumbisulfit und Wasser<\/strong> liefern eine <strong data-start=\"231\" data-end=\"282\">hochwirksame L\u00f6sung zur Aufhellung des Hauttons<\/strong>. Durch die Nutzung patentierter Technologie verbessert BRC die Stabilit\u00e4t und Bioverf\u00fcgbarkeit von 4-Butylresorcinol und sorgt so f\u00fcr eine effizientere <strong data-start=\"408\" data-end=\"433\">Tyrosinasehemmung<\/strong> f\u00fcr eine sichtbare Verbesserung der Ausstrahlung.<\/p>\n<p data-start=\"471\" data-end=\"828\">Dieser Komplex ist <strong data-start=\"487\" data-end=\"535\">farblose bis hellgelbe transparente Fl\u00fcssigkeit<\/strong>, <strong data-start=\"537\" data-end=\"557\">wasserl\u00f6slich<\/strong>und eignet sich f\u00fcr verschiedene Kosmetik- und Hautpflegeformulierungen, einschlie\u00dflich Seren, Cremes und Lotionen. Mit einer empfohlenen Verwendung von <strong data-start=\"687\" data-end=\"699\">1.0\u20138.0%<\/strong>, es bietet <strong data-start=\"713\" data-end=\"777\">aufhellende Effekte ohne Phototoxizit\u00e4t oder Hautreizung<\/strong>, wodurch es sicher f\u00fcr die Anwendung auf empfindlicher Haut ist.<\/p>","protected":false},"excerpt":{"rendered":"<div class=\"number\">\n<table width=\"647\">\n<tbody>\n<tr>\n<td width=\"208\"><strong>INCI:<\/strong><\/td>\n<td width=\"439\">4-Butylreorcinol, Propylenglykol, Hydroxypropylcyclodextrin, Natriumbisulfit, Wasser<\/td>\n<\/tr>\n<tr>\n<td width=\"208\"><strong>Eigenschaften:<\/strong><\/td>\n<td width=\"439\"><strong><em>INNOVATIVE TONE-UP-POWER<\/em><\/strong><br \/>\nPatentierte Technologie f\u00fcr eine effektivere Anwendung von BRC in verschiedenen Formulierungen. Strahlkraftsteigernd, hohe Effizienz beim Tyrosinase-Abbau. Keine Phototoxizit\u00e4t und keine allergischen Hautreaktionen.<\/td>\n<\/tr>\n<tr>\n<td width=\"208\"><strong>Aussehen:<\/strong><\/td>\n<td width=\"439\">Farblose oder hellgelbe transparente Fl\u00fcssigkeit<\/td>\n<\/tr>\n<tr>\n<td width=\"208\"><strong>Empfohlene Dosierung:<\/strong><\/td>\n<td width=\"439\">1.0-8.0%<\/td>\n<\/tr>\n<tr>\n<td width=\"208\"><strong>L\u00f6slichkeit:<\/strong><\/td>\n<td width=\"439\">Wasserl\u00f6slich<\/td>\n<\/tr>\n<\/tbody>\n<\/table>\n<\/div>","protected":false},"featured_media":4045,"comment_status":"open","ping_status":"closed","template":"","meta":{"_acf_changed":false,"site-sidebar-layout":"default","site-content-layout":"","ast-site-content-layout":"default","site-content-style":"default","site-sidebar-style":"default","ast-global-header-display":"","ast-banner-title-visibility":"","ast-main-header-display":"","ast-hfb-above-header-display":"","ast-hfb-below-header-display":"","ast-hfb-mobile-header-display":"","site-post-title":"","ast-breadcrumbs-content":"","ast-featured-img":"","footer-sml-layout":"","theme-transparent-header-meta":"default","adv-header-id-meta":"","stick-header-meta":"default","header-above-stick-meta":"","header-main-stick-meta":"","header-below-stick-meta":"","astra-migrate-meta-layouts":"set","ast-page-background-enabled":"default","ast-page-background-meta":{"desktop":{"background-color":"","background-image":"","background-repeat":"repeat","background-position":"center center","background-size":"auto","background-attachment":"scroll","background-type":"","background-media":"","overlay-type":"","overlay-color":"","overlay-opacity":"","overlay-gradient":""},"tablet":{"background-color":"","background-image":"","background-repeat":"repeat","background-position":"center center","background-size":"auto","background-attachment":"scroll","background-type":"","background-media":"","overlay-type":"","overlay-color":"","overlay-opacity":"","overlay-gradient":""},"mobile":{"background-color":"","background-image":"","background-repeat":"repeat","background-position":"center center","background-size":"auto","background-attachment":"scroll","background-type":"","background-media":"","overlay-type":"","overlay-color":"","overlay-opacity":"","overlay-gradient":""}},"ast-content-background-meta":{"desktop":{"background-color":"var(--ast-global-color-5)","background-image":"","background-repeat":"repeat","background-position":"center center","background-size":"auto","background-attachment":"scroll","background-type":"","background-media":"","overlay-type":"","overlay-color":"","overlay-opacity":"","overlay-gradient":""},"tablet":{"background-color":"var(--ast-global-color-5)","background-image":"","background-repeat":"repeat","background-position":"center center","background-size":"auto","background-attachment":"scroll","background-type":"","background-media":"","overlay-type":"","overlay-color":"","overlay-opacity":"","overlay-gradient":""},"mobile":{"background-color":"var(--ast-global-color-5)","background-image":"","background-repeat":"repeat","background-position":"center center","background-size":"auto","background-attachment":"scroll","background-type":"","background-media":"","overlay-type":"","overlay-color":"","overlay-opacity":"","overlay-gradient":""}}},"product_brand":[],"product_cat":[15],"product_tag":[],"class_list":{"0":"post-2355","1":"product","2":"type-product","3":"status-publish","4":"has-post-thumbnail","6":"product_cat-brightening","7":"desktop-align-left","8":"tablet-align-left","9":"mobile-align-left","11":"first","12":"instock","13":"shipping-taxable","14":"product-type-simple"},"acf":[],"_links":{"self":[{"href":"https:\/\/zleyholdings.com\/de\/wp-json\/wp\/v2\/product\/2355","targetHints":{"allow":["GET"]}}],"collection":[{"href":"https:\/\/zleyholdings.com\/de\/wp-json\/wp\/v2\/product"}],"about":[{"href":"https:\/\/zleyholdings.com\/de\/wp-json\/wp\/v2\/types\/product"}],"replies":[{"embeddable":true,"href":"https:\/\/zleyholdings.com\/de\/wp-json\/wp\/v2\/comments?post=2355"}],"wp:featuredmedia":[{"embeddable":true,"href":"https:\/\/zleyholdings.com\/de\/wp-json\/wp\/v2\/media\/4045"}],"wp:attachment":[{"href":"https:\/\/zleyholdings.com\/de\/wp-json\/wp\/v2\/media?parent=2355"}],"wp:term":[{"taxonomy":"product_brand","embeddable":true,"href":"https:\/\/zleyholdings.com\/de\/wp-json\/wp\/v2\/product_brand?post=2355"},{"taxonomy":"product_cat","embeddable":true,"href":"https:\/\/zleyholdings.com\/de\/wp-json\/wp\/v2\/product_cat?post=2355"},{"taxonomy":"product_tag","embeddable":true,"href":"https:\/\/zleyholdings.com\/de\/wp-json\/wp\/v2\/product_tag?post=2355"}],"curies":[{"name":"wp","href":"https:\/\/api.w.org\/{rel}","templated":true}]}}