{"id":2352,"date":"2025-06-18T16:21:53","date_gmt":"2025-06-18T08:21:53","guid":{"rendered":"https:\/\/zleyholdings.com\/?post_type=product&#038;p=2352"},"modified":"2025-09-26T15:28:47","modified_gmt":"2025-09-26T07:28:47","slug":"zleyelmtrifun","status":"publish","type":"product","link":"https:\/\/zleyholdings.com\/de\/produkte\/zleyelmtrifun\/","title":{"rendered":"ZLEY\u00aePE601-ELMTRIFUN"},"content":{"rendered":"<p data-start=\"84\" data-end=\"570\">Diese botanische Extraktmischung, bestehend aus <strong data-start=\"128\" data-end=\"183\">Ulmus Davidiana-Wurzelextrakt, Butandiol und Wasser<\/strong>, fungiert als <strong data-start=\"195\" data-end=\"226\">nat\u00fcrliche Retinol-Alternative<\/strong> mit mehreren Vorteilen f\u00fcr die Haut. Es effektiv <strong data-start=\"271\" data-end=\"330\">stimuliert die Synthese von Kollagen Typ I und Elastin<\/strong>, f\u00f6rdert eine straffere, widerstandsf\u00e4higere Haut. Dar\u00fcber hinaus bietet es <strong data-start=\"397\" data-end=\"476\">entz\u00fcndungshemmende Wirkung bis zu 10-mal st\u00e4rker als herk\u00f6mmliche Wirkstoffe<\/strong>, bietet eine Drei-in-Eins-Hautpflegel\u00f6sung: <strong data-start=\"523\" data-end=\"567\">Antioxidans, Anti-Aging und \u00d6lkontrolle<\/strong>.<\/p>\n<p data-start=\"572\" data-end=\"889\">Die Zutat wird als <strong data-start=\"605\" data-end=\"638\">gelbe bis braungelbe Fl\u00fcssigkeit<\/strong> und ist <strong data-start=\"646\" data-end=\"668\">l\u00f6slich in Alkohol<\/strong>, wodurch es sich f\u00fcr die Einarbeitung in Seren, Cremes und andere alkoholbasierte Hautpflegeformulierungen eignet. Mit einer empfohlenen Verwendung von <strong data-start=\"803\" data-end=\"815\">0,5\u20132,0%<\/strong>, es bietet eine starke Wirksamkeit und wirkt gleichzeitig sanft auf die Haut.<\/p>","protected":false},"excerpt":{"rendered":"<div class=\"number\">\n<table width=\"642\">\n<tbody>\n<tr>\n<td width=\"208\"><strong>INCI:<\/strong><\/td>\n<td width=\"434\">Ulmus Davidiana Wurzelextrakt, Butandiol, Wasser<\/td>\n<\/tr>\n<tr>\n<td width=\"208\"><strong>Eigenschaften:<\/strong><\/td>\n<td width=\"434\"><strong><em>NEUES BOTANISCHES RETINOL<\/em><\/strong><br \/>\nStimuliert effektiv die Synthese von Kollagen Typ I und Elastin. Nat\u00fcrliche Kraft zur 10-fachen Reduzierung von Entz\u00fcndungen und dreifacher Hautpflegevorteile: Antioxidans, Anti-Aging und \u00d6lkontrolle.<\/td>\n<\/tr>\n<tr>\n<td width=\"208\"><strong>Aussehen:<\/strong><\/td>\n<td width=\"434\">Gelbe bis braungelbe Fl\u00fcssigkeit<\/td>\n<\/tr>\n<tr>\n<td width=\"208\"><strong>Empfohlene Dosierung:<\/strong><\/td>\n<td width=\"434\">0.5-2.0%<\/td>\n<\/tr>\n<tr>\n<td width=\"208\"><strong>L\u00f6slichkeit:<\/strong><\/td>\n<td width=\"434\">L\u00f6slich in Alkohol<\/td>\n<\/tr>\n<\/tbody>\n<\/table>\n<\/div>","protected":false},"featured_media":4007,"comment_status":"open","ping_status":"closed","template":"","meta":{"_acf_changed":false,"site-sidebar-layout":"default","site-content-layout":"","ast-site-content-layout":"default","site-content-style":"default","site-sidebar-style":"default","ast-global-header-display":"","ast-banner-title-visibility":"","ast-main-header-display":"","ast-hfb-above-header-display":"","ast-hfb-below-header-display":"","ast-hfb-mobile-header-display":"","site-post-title":"","ast-breadcrumbs-content":"","ast-featured-img":"","footer-sml-layout":"","theme-transparent-header-meta":"default","adv-header-id-meta":"","stick-header-meta":"default","header-above-stick-meta":"","header-main-stick-meta":"","header-below-stick-meta":"","astra-migrate-meta-layouts":"set","ast-page-background-enabled":"default","ast-page-background-meta":{"desktop":{"background-color":"","background-image":"","background-repeat":"repeat","background-position":"center center","background-size":"auto","background-attachment":"scroll","background-type":"","background-media":"","overlay-type":"","overlay-color":"","overlay-opacity":"","overlay-gradient":""},"tablet":{"background-color":"","background-image":"","background-repeat":"repeat","background-position":"center center","background-size":"auto","background-attachment":"scroll","background-type":"","background-media":"","overlay-type":"","overlay-color":"","overlay-opacity":"","overlay-gradient":""},"mobile":{"background-color":"","background-image":"","background-repeat":"repeat","background-position":"center center","background-size":"auto","background-attachment":"scroll","background-type":"","background-media":"","overlay-type":"","overlay-color":"","overlay-opacity":"","overlay-gradient":""}},"ast-content-background-meta":{"desktop":{"background-color":"var(--ast-global-color-5)","background-image":"","background-repeat":"repeat","background-position":"center center","background-size":"auto","background-attachment":"scroll","background-type":"","background-media":"","overlay-type":"","overlay-color":"","overlay-opacity":"","overlay-gradient":""},"tablet":{"background-color":"var(--ast-global-color-5)","background-image":"","background-repeat":"repeat","background-position":"center center","background-size":"auto","background-attachment":"scroll","background-type":"","background-media":"","overlay-type":"","overlay-color":"","overlay-opacity":"","overlay-gradient":""},"mobile":{"background-color":"var(--ast-global-color-5)","background-image":"","background-repeat":"repeat","background-position":"center center","background-size":"auto","background-attachment":"scroll","background-type":"","background-media":"","overlay-type":"","overlay-color":"","overlay-opacity":"","overlay-gradient":""}}},"product_brand":[],"product_cat":[54],"product_tag":[],"class_list":{"0":"post-2352","1":"product","2":"type-product","3":"status-publish","4":"has-post-thumbnail","6":"product_cat-well-agin-and-repairing","7":"desktop-align-left","8":"tablet-align-left","9":"mobile-align-left","11":"first","12":"instock","13":"shipping-taxable","14":"product-type-simple"},"acf":[],"_links":{"self":[{"href":"https:\/\/zleyholdings.com\/de\/wp-json\/wp\/v2\/product\/2352","targetHints":{"allow":["GET"]}}],"collection":[{"href":"https:\/\/zleyholdings.com\/de\/wp-json\/wp\/v2\/product"}],"about":[{"href":"https:\/\/zleyholdings.com\/de\/wp-json\/wp\/v2\/types\/product"}],"replies":[{"embeddable":true,"href":"https:\/\/zleyholdings.com\/de\/wp-json\/wp\/v2\/comments?post=2352"}],"wp:featuredmedia":[{"embeddable":true,"href":"https:\/\/zleyholdings.com\/de\/wp-json\/wp\/v2\/media\/4007"}],"wp:attachment":[{"href":"https:\/\/zleyholdings.com\/de\/wp-json\/wp\/v2\/media?parent=2352"}],"wp:term":[{"taxonomy":"product_brand","embeddable":true,"href":"https:\/\/zleyholdings.com\/de\/wp-json\/wp\/v2\/product_brand?post=2352"},{"taxonomy":"product_cat","embeddable":true,"href":"https:\/\/zleyholdings.com\/de\/wp-json\/wp\/v2\/product_cat?post=2352"},{"taxonomy":"product_tag","embeddable":true,"href":"https:\/\/zleyholdings.com\/de\/wp-json\/wp\/v2\/product_tag?post=2352"}],"curies":[{"name":"wp","href":"https:\/\/api.w.org\/{rel}","templated":true}]}}