{"id":2254,"date":"2025-06-17T13:48:25","date_gmt":"2025-06-17T05:48:25","guid":{"rendered":"https:\/\/zleyholdings.com\/?post_type=product&#038;p=2254"},"modified":"2025-09-26T15:30:55","modified_gmt":"2025-09-26T07:30:55","slug":"4-butylresorcin","status":"publish","type":"product","link":"https:\/\/zleyholdings.com\/de\/produkte\/4-butylresorcin\/","title":{"rendered":"ZLEY\u00aeBRC"},"content":{"rendered":"<p data-start=\"65\" data-end=\"382\">4-Butylresorcin ist ein <strong data-start=\"88\" data-end=\"116\">Derivat von Resorcin<\/strong> weit verbreitet in kosmetischen Formulierungen f\u00fcr <strong data-start=\"158\" data-end=\"200\">Hautaufhellung und Anti-Pigmentierung<\/strong>. Es effektiv <strong data-start=\"217\" data-end=\"249\">hemmt die Tyrosinase-Aktivit\u00e4t<\/strong>, reduziert die Melaninoxidation und f\u00f6rdert den Tyrosinaseabbau, wodurch ein ungleichm\u00e4\u00dfiger Hautton verbessert und die allgemeine Ausstrahlung verbessert wird.<\/p>\n<p data-start=\"384\" data-end=\"738\">Dieser Wirkstoff wird als <strong data-start=\"424\" data-end=\"453\">wei\u00dfes bis cremefarbenes Pulver<\/strong> und ist <strong data-start=\"461\" data-end=\"496\">l\u00f6slich in \u00d6l und Alkohol<\/strong>, wodurch es vielseitig in Cremes, Seren, Lotionen und andere Formulierungen auf \u00d6l- oder Alkoholbasis eingearbeitet werden kann. Mit einer empfohlenen Verwendung von <strong data-start=\"640\" data-end=\"652\">0,1\u20132,2%<\/strong>, es bietet effiziente Aufhellungseffekte bei gleichzeitiger Wahrung der Formulierungsstabilit\u00e4t.<\/p>","protected":false},"excerpt":{"rendered":"<div class=\"number\">\n<table width=\"622\">\n<tbody>\n<tr>\n<td width=\"208\"><strong>INCI:<\/strong><\/td>\n<td width=\"414\">4-Butylreorcinol<\/td>\n<\/tr>\n<tr>\n<td width=\"208\"><strong>Eigenschaften:<\/strong><\/td>\n<td width=\"414\">Das Resorcin-Derivat hemmt die Tyrosinase-Aktivit\u00e4t und die Melaninoxidation. Es f\u00f6rdert den Stoffwechsel und den Tyrosinase-Abbaus.<\/td>\n<\/tr>\n<tr>\n<td width=\"208\"><strong>Aussehen:<\/strong><\/td>\n<td width=\"414\">Wei\u00dfes oder cremefarbenes Pulver<\/td>\n<\/tr>\n<tr>\n<td width=\"208\"><strong>Empfohlene Dosierung:<\/strong><\/td>\n<td width=\"414\">0.1-2.2%<\/td>\n<\/tr>\n<tr>\n<td width=\"208\"><strong>L\u00f6slichkeit:<\/strong><\/td>\n<td width=\"414\">\u00d6ll\u00f6slich, alkoholl\u00f6slich<\/td>\n<\/tr>\n<\/tbody>\n<\/table>\n<\/div>","protected":false},"featured_media":4025,"comment_status":"open","ping_status":"closed","template":"","meta":{"_acf_changed":false,"site-sidebar-layout":"default","site-content-layout":"","ast-site-content-layout":"default","site-content-style":"default","site-sidebar-style":"default","ast-global-header-display":"","ast-banner-title-visibility":"","ast-main-header-display":"","ast-hfb-above-header-display":"","ast-hfb-below-header-display":"","ast-hfb-mobile-header-display":"","site-post-title":"","ast-breadcrumbs-content":"","ast-featured-img":"","footer-sml-layout":"","theme-transparent-header-meta":"default","adv-header-id-meta":"","stick-header-meta":"default","header-above-stick-meta":"","header-main-stick-meta":"","header-below-stick-meta":"","astra-migrate-meta-layouts":"set","ast-page-background-enabled":"default","ast-page-background-meta":{"desktop":{"background-color":"","background-image":"","background-repeat":"repeat","background-position":"center center","background-size":"auto","background-attachment":"scroll","background-type":"","background-media":"","overlay-type":"","overlay-color":"","overlay-opacity":"","overlay-gradient":""},"tablet":{"background-color":"","background-image":"","background-repeat":"repeat","background-position":"center center","background-size":"auto","background-attachment":"scroll","background-type":"","background-media":"","overlay-type":"","overlay-color":"","overlay-opacity":"","overlay-gradient":""},"mobile":{"background-color":"","background-image":"","background-repeat":"repeat","background-position":"center center","background-size":"auto","background-attachment":"scroll","background-type":"","background-media":"","overlay-type":"","overlay-color":"","overlay-opacity":"","overlay-gradient":""}},"ast-content-background-meta":{"desktop":{"background-color":"var(--ast-global-color-5)","background-image":"","background-repeat":"repeat","background-position":"center center","background-size":"auto","background-attachment":"scroll","background-type":"","background-media":"","overlay-type":"","overlay-color":"","overlay-opacity":"","overlay-gradient":""},"tablet":{"background-color":"var(--ast-global-color-5)","background-image":"","background-repeat":"repeat","background-position":"center center","background-size":"auto","background-attachment":"scroll","background-type":"","background-media":"","overlay-type":"","overlay-color":"","overlay-opacity":"","overlay-gradient":""},"mobile":{"background-color":"var(--ast-global-color-5)","background-image":"","background-repeat":"repeat","background-position":"center center","background-size":"auto","background-attachment":"scroll","background-type":"","background-media":"","overlay-type":"","overlay-color":"","overlay-opacity":"","overlay-gradient":""}}},"product_brand":[],"product_cat":[15],"product_tag":[],"class_list":{"0":"post-2254","1":"product","2":"type-product","3":"status-publish","4":"has-post-thumbnail","6":"product_cat-brightening","7":"desktop-align-left","8":"tablet-align-left","9":"mobile-align-left","11":"first","12":"instock","13":"shipping-taxable","14":"product-type-simple"},"acf":[],"_links":{"self":[{"href":"https:\/\/zleyholdings.com\/de\/wp-json\/wp\/v2\/product\/2254","targetHints":{"allow":["GET"]}}],"collection":[{"href":"https:\/\/zleyholdings.com\/de\/wp-json\/wp\/v2\/product"}],"about":[{"href":"https:\/\/zleyholdings.com\/de\/wp-json\/wp\/v2\/types\/product"}],"replies":[{"embeddable":true,"href":"https:\/\/zleyholdings.com\/de\/wp-json\/wp\/v2\/comments?post=2254"}],"wp:featuredmedia":[{"embeddable":true,"href":"https:\/\/zleyholdings.com\/de\/wp-json\/wp\/v2\/media\/4025"}],"wp:attachment":[{"href":"https:\/\/zleyholdings.com\/de\/wp-json\/wp\/v2\/media?parent=2254"}],"wp:term":[{"taxonomy":"product_brand","embeddable":true,"href":"https:\/\/zleyholdings.com\/de\/wp-json\/wp\/v2\/product_brand?post=2254"},{"taxonomy":"product_cat","embeddable":true,"href":"https:\/\/zleyholdings.com\/de\/wp-json\/wp\/v2\/product_cat?post=2254"},{"taxonomy":"product_tag","embeddable":true,"href":"https:\/\/zleyholdings.com\/de\/wp-json\/wp\/v2\/product_tag?post=2254"}],"curies":[{"name":"wp","href":"https:\/\/api.w.org\/{rel}","templated":true}]}}