{"id":2250,"date":"2025-06-17T11:57:19","date_gmt":"2025-06-17T03:57:19","guid":{"rendered":"https:\/\/zleyholdings.com\/?post_type=product&#038;p=2250"},"modified":"2025-09-26T16:08:40","modified_gmt":"2025-09-26T08:08:40","slug":"3-o-ethylascorbinsaure","status":"publish","type":"product","link":"https:\/\/zleyholdings.com\/de\/produkte\/3-o-ethylascorbinsaure\/","title":{"rendered":"ZLEY\u00aeVCE"},"content":{"rendered":"<p data-start=\"71\" data-end=\"474\">3-O-Ethylascorbins\u00e4ure ist eine <strong data-start=\"100\" data-end=\"134\">stabiles Derivat von Vitamin C,<\/strong> bekannt f\u00fcr seine <strong data-start=\"152\" data-end=\"205\">hautaufhellende und pigmenthemmende Eigenschaften<\/strong>. Es effektiv <strong data-start=\"222\" data-end=\"254\">hemmt die Tyrosinase-Aktivit\u00e4t<\/strong> und unterbricht die Melaninbildung, wodurch ein ungleichm\u00e4\u00dfiger Hautton verbessert und die Ausstrahlung der Haut verbessert wird. Dank seiner <strong data-start=\"364\" data-end=\"410\">ausgezeichnete Permeabilit\u00e4t und Bioverf\u00fcgbarkeit<\/strong>, dieser Wirkstoff liefert effizient sichtbare Ergebnisse.<\/p>\n<p data-start=\"476\" data-end=\"787\">Lieferung als <strong data-start=\"490\" data-end=\"531\">wei\u00dfes bis cremefarbenes kristallines Pulver<\/strong>, es ist <strong data-start=\"539\" data-end=\"559\">wasserl\u00f6slich<\/strong>, wodurch es sich f\u00fcr die Einarbeitung in Seren, Cremes, Lotionen und andere wasserbasierte Formulierungen eignet. Mit einer empfohlenen Verwendung von <strong data-start=\"692\" data-end=\"704\">0,5\u20133,0%<\/strong>, es bietet starke aufhellende Effekte bei gleichzeitiger Wahrung der Formulierungsstabilit\u00e4t.<\/p>","protected":false},"excerpt":{"rendered":"<div class=\"number\">\n<table width=\"647\">\n<tbody>\n<tr>\n<td width=\"208\"><strong>INCI:<\/strong><\/td>\n<td width=\"439\">3-O-Ethylascorbins\u00e4ure<\/td>\n<\/tr>\n<tr>\n<td width=\"208\"><strong>Eigenschaften:<\/strong><\/td>\n<td width=\"439\">Ein Vitamin-C-Derivat, hemmt die Tyrosinase-Produktion und st\u00f6rt die Melaninbildung. Hohe Durchl\u00e4ssigkeit und Bioverf\u00fcgbarkeit.<\/td>\n<\/tr>\n<tr>\n<td width=\"208\"><strong>Aussehen:<\/strong><\/td>\n<td width=\"439\">Wei\u00dfes bis cremefarbenes kristallines Pulver<\/td>\n<\/tr>\n<tr>\n<td width=\"208\"><strong>Empfohlene Dosierung:<\/strong><\/td>\n<td width=\"439\">0.5-3.0%<\/td>\n<\/tr>\n<tr>\n<td width=\"208\"><strong>L\u00f6slichkeit:<\/strong><\/td>\n<td width=\"439\">Wasserl\u00f6slich<\/td>\n<\/tr>\n<\/tbody>\n<\/table>\n<\/div>","protected":false},"featured_media":4048,"comment_status":"open","ping_status":"closed","template":"","meta":{"_acf_changed":false,"site-sidebar-layout":"default","site-content-layout":"","ast-site-content-layout":"default","site-content-style":"default","site-sidebar-style":"default","ast-global-header-display":"","ast-banner-title-visibility":"","ast-main-header-display":"","ast-hfb-above-header-display":"","ast-hfb-below-header-display":"","ast-hfb-mobile-header-display":"","site-post-title":"","ast-breadcrumbs-content":"","ast-featured-img":"","footer-sml-layout":"","theme-transparent-header-meta":"default","adv-header-id-meta":"","stick-header-meta":"default","header-above-stick-meta":"","header-main-stick-meta":"","header-below-stick-meta":"","astra-migrate-meta-layouts":"set","ast-page-background-enabled":"default","ast-page-background-meta":{"desktop":{"background-color":"","background-image":"","background-repeat":"repeat","background-position":"center center","background-size":"auto","background-attachment":"scroll","background-type":"","background-media":"","overlay-type":"","overlay-color":"","overlay-opacity":"","overlay-gradient":""},"tablet":{"background-color":"","background-image":"","background-repeat":"repeat","background-position":"center center","background-size":"auto","background-attachment":"scroll","background-type":"","background-media":"","overlay-type":"","overlay-color":"","overlay-opacity":"","overlay-gradient":""},"mobile":{"background-color":"","background-image":"","background-repeat":"repeat","background-position":"center center","background-size":"auto","background-attachment":"scroll","background-type":"","background-media":"","overlay-type":"","overlay-color":"","overlay-opacity":"","overlay-gradient":""}},"ast-content-background-meta":{"desktop":{"background-color":"var(--ast-global-color-5)","background-image":"","background-repeat":"repeat","background-position":"center center","background-size":"auto","background-attachment":"scroll","background-type":"","background-media":"","overlay-type":"","overlay-color":"","overlay-opacity":"","overlay-gradient":""},"tablet":{"background-color":"var(--ast-global-color-5)","background-image":"","background-repeat":"repeat","background-position":"center center","background-size":"auto","background-attachment":"scroll","background-type":"","background-media":"","overlay-type":"","overlay-color":"","overlay-opacity":"","overlay-gradient":""},"mobile":{"background-color":"var(--ast-global-color-5)","background-image":"","background-repeat":"repeat","background-position":"center center","background-size":"auto","background-attachment":"scroll","background-type":"","background-media":"","overlay-type":"","overlay-color":"","overlay-opacity":"","overlay-gradient":""}}},"product_brand":[],"product_cat":[15],"product_tag":[],"class_list":{"0":"post-2250","1":"product","2":"type-product","3":"status-publish","4":"has-post-thumbnail","6":"product_cat-brightening","7":"desktop-align-left","8":"tablet-align-left","9":"mobile-align-left","11":"first","12":"instock","13":"shipping-taxable","14":"product-type-simple"},"acf":[],"_links":{"self":[{"href":"https:\/\/zleyholdings.com\/de\/wp-json\/wp\/v2\/product\/2250","targetHints":{"allow":["GET"]}}],"collection":[{"href":"https:\/\/zleyholdings.com\/de\/wp-json\/wp\/v2\/product"}],"about":[{"href":"https:\/\/zleyholdings.com\/de\/wp-json\/wp\/v2\/types\/product"}],"replies":[{"embeddable":true,"href":"https:\/\/zleyholdings.com\/de\/wp-json\/wp\/v2\/comments?post=2250"}],"wp:featuredmedia":[{"embeddable":true,"href":"https:\/\/zleyholdings.com\/de\/wp-json\/wp\/v2\/media\/4048"}],"wp:attachment":[{"href":"https:\/\/zleyholdings.com\/de\/wp-json\/wp\/v2\/media?parent=2250"}],"wp:term":[{"taxonomy":"product_brand","embeddable":true,"href":"https:\/\/zleyholdings.com\/de\/wp-json\/wp\/v2\/product_brand?post=2250"},{"taxonomy":"product_cat","embeddable":true,"href":"https:\/\/zleyholdings.com\/de\/wp-json\/wp\/v2\/product_cat?post=2250"},{"taxonomy":"product_tag","embeddable":true,"href":"https:\/\/zleyholdings.com\/de\/wp-json\/wp\/v2\/product_tag?post=2250"}],"curies":[{"name":"wp","href":"https:\/\/api.w.org\/{rel}","templated":true}]}}