{"id":2242,"date":"2025-06-17T11:45:34","date_gmt":"2025-06-17T03:45:34","guid":{"rendered":"https:\/\/zleyholdings.com\/?post_type=product&#038;p=2242"},"modified":"2025-09-01T14:19:24","modified_gmt":"2025-09-01T06:19:24","slug":"zleycoburrhy","status":"publish","type":"product","link":"https:\/\/zleyholdings.com\/de\/produkte\/zleycoburrhy\/","title":{"rendered":"ZLEY\u00aePE701-COBURRHY"},"content":{"rendered":"<p>Produktbeschreibung:<\/p>\n<div><img decoding=\"async\" src=\"https:\/\/ueeshop.ly200-cdn.com\/u_file\/UPAN\/UPAN198\/2412\/photo\/3eacba48e1.png?x-oss-process=image\/format,webp\" alt=\"\" title=\"\"><\/div>\n<div>ZLEY-PE701-Coburrhy besteht aus Sparganium Stoloniferum-Extrakt und 1,2-Pentandiol.<\/div>\n<div>\n<div>Kraftvoll \u2013 Reich an starker aufhellender Energie, folgt es dem wissenschaftlichen Ansatz \u201e1 Aufhellung, 2 Linderung von R\u00f6tungen, 3 Anti-Dunkelheit\u201c und entschl\u00fcsselt revolution\u00e4r die vier Hauttonprobleme: rot, dunkel, gelb und matt. Es hellt nicht nur Flecken auf und l\u00e4sst sie verblassen, sondern macht die Haut auch zarter und strahlender.<\/div>\n<p>Die wichtigsten Eigenschaften von ZLEY\u00aeCoburrhy:<\/p>\n<p>1. Aufhellung<br \/>\n2. Linderung von R\u00f6tungen<br \/>\n3. Anti-Dunkelheit<\/p>\n<\/div>","protected":false},"excerpt":{"rendered":"<table width=\"653\">\n<tbody>\n<tr>\n<td width=\"208\"><strong>INCI:<\/strong><\/td>\n<td width=\"445\">Sparganium Stoloniferum-Extrakt, Pentylenglykol<\/td>\n<\/tr>\n<tr>\n<td width=\"208\"><strong>Eigenschaften:<\/strong><\/td>\n<td width=\"445\"><em><strong>NAT\u00dcRLICHER HAUTAUFHELLUNGSMITTEL<\/strong><\/em><br \/>\nDer perfekte Inhaltsstoff, um den Hautton auszugleichen und Ihre Haut in 3 Schritten von innen heraus aufzuhellen \u2013 ohne Risiko einer erneuten Hyperpigmentierung.<\/td>\n<\/tr>\n<tr>\n<td width=\"208\"><strong>Aussehen:<\/strong><\/td>\n<td width=\"445\">Rotbraune Fl\u00fcssigkeit<\/td>\n<\/tr>\n<tr>\n<td width=\"208\"><strong>Empfohlene Dosierung:<\/strong><\/td>\n<td width=\"445\">0.1-1.0%<\/td>\n<\/tr>\n<tr>\n<td width=\"208\"><strong>L\u00f6slichkeit:<\/strong><\/td>\n<td width=\"445\">L\u00f6slich in Alkohol<\/td>\n<\/tr>\n<\/tbody>\n<\/table>","protected":false},"featured_media":4009,"comment_status":"open","ping_status":"closed","template":"","meta":{"_acf_changed":false,"site-sidebar-layout":"default","site-content-layout":"","ast-site-content-layout":"default","site-content-style":"default","site-sidebar-style":"default","ast-global-header-display":"","ast-banner-title-visibility":"","ast-main-header-display":"","ast-hfb-above-header-display":"","ast-hfb-below-header-display":"","ast-hfb-mobile-header-display":"","site-post-title":"","ast-breadcrumbs-content":"","ast-featured-img":"","footer-sml-layout":"","theme-transparent-header-meta":"default","adv-header-id-meta":"","stick-header-meta":"default","header-above-stick-meta":"","header-main-stick-meta":"","header-below-stick-meta":"","astra-migrate-meta-layouts":"set","ast-page-background-enabled":"default","ast-page-background-meta":{"desktop":{"background-color":"","background-image":"","background-repeat":"repeat","background-position":"center center","background-size":"auto","background-attachment":"scroll","background-type":"","background-media":"","overlay-type":"","overlay-color":"","overlay-opacity":"","overlay-gradient":""},"tablet":{"background-color":"","background-image":"","background-repeat":"repeat","background-position":"center center","background-size":"auto","background-attachment":"scroll","background-type":"","background-media":"","overlay-type":"","overlay-color":"","overlay-opacity":"","overlay-gradient":""},"mobile":{"background-color":"","background-image":"","background-repeat":"repeat","background-position":"center center","background-size":"auto","background-attachment":"scroll","background-type":"","background-media":"","overlay-type":"","overlay-color":"","overlay-opacity":"","overlay-gradient":""}},"ast-content-background-meta":{"desktop":{"background-color":"var(--ast-global-color-5)","background-image":"","background-repeat":"repeat","background-position":"center center","background-size":"auto","background-attachment":"scroll","background-type":"","background-media":"","overlay-type":"","overlay-color":"","overlay-opacity":"","overlay-gradient":""},"tablet":{"background-color":"var(--ast-global-color-5)","background-image":"","background-repeat":"repeat","background-position":"center center","background-size":"auto","background-attachment":"scroll","background-type":"","background-media":"","overlay-type":"","overlay-color":"","overlay-opacity":"","overlay-gradient":""},"mobile":{"background-color":"var(--ast-global-color-5)","background-image":"","background-repeat":"repeat","background-position":"center center","background-size":"auto","background-attachment":"scroll","background-type":"","background-media":"","overlay-type":"","overlay-color":"","overlay-opacity":"","overlay-gradient":""}}},"product_brand":[],"product_cat":[15],"product_tag":[],"class_list":{"0":"post-2242","1":"product","2":"type-product","3":"status-publish","4":"has-post-thumbnail","6":"product_cat-brightening","7":"desktop-align-left","8":"tablet-align-left","9":"mobile-align-left","11":"first","12":"instock","13":"shipping-taxable","14":"product-type-simple"},"acf":[],"_links":{"self":[{"href":"https:\/\/zleyholdings.com\/de\/wp-json\/wp\/v2\/product\/2242","targetHints":{"allow":["GET"]}}],"collection":[{"href":"https:\/\/zleyholdings.com\/de\/wp-json\/wp\/v2\/product"}],"about":[{"href":"https:\/\/zleyholdings.com\/de\/wp-json\/wp\/v2\/types\/product"}],"replies":[{"embeddable":true,"href":"https:\/\/zleyholdings.com\/de\/wp-json\/wp\/v2\/comments?post=2242"}],"wp:featuredmedia":[{"embeddable":true,"href":"https:\/\/zleyholdings.com\/de\/wp-json\/wp\/v2\/media\/4009"}],"wp:attachment":[{"href":"https:\/\/zleyholdings.com\/de\/wp-json\/wp\/v2\/media?parent=2242"}],"wp:term":[{"taxonomy":"product_brand","embeddable":true,"href":"https:\/\/zleyholdings.com\/de\/wp-json\/wp\/v2\/product_brand?post=2242"},{"taxonomy":"product_cat","embeddable":true,"href":"https:\/\/zleyholdings.com\/de\/wp-json\/wp\/v2\/product_cat?post=2242"},{"taxonomy":"product_tag","embeddable":true,"href":"https:\/\/zleyholdings.com\/de\/wp-json\/wp\/v2\/product_tag?post=2242"}],"curies":[{"name":"wp","href":"https:\/\/api.w.org\/{rel}","templated":true}]}}