{"id":2239,"date":"2025-06-17T11:39:33","date_gmt":"2025-06-17T03:39:33","guid":{"rendered":"https:\/\/zleyholdings.com\/?post_type=product&#038;p=2239"},"modified":"2025-09-26T15:34:19","modified_gmt":"2025-09-26T07:34:19","slug":"ascorbyltetraisopalmitat","status":"publish","type":"product","link":"https:\/\/zleyholdings.com\/de\/produkte\/ascorbyltetraisopalmitat\/","title":{"rendered":"ZLEY\u00aeVCIP"},"content":{"rendered":"<p data-start=\"74\" data-end=\"451\">Ascorbyl Tetraisopalmitat ist ein <strong data-start=\"106\" data-end=\"153\">stabiles, \u00f6ll\u00f6sliches Derivat von Vitamin C<\/strong> bekannt f\u00fcr seine <strong data-start=\"168\" data-end=\"231\">hohe Wirksamkeit bei der Aufhellung der Haut und der Reduzierung der Pigmentierung<\/strong>. Im Vergleich zu herk\u00f6mmlichem Vitamin C ist es <strong data-start=\"275\" data-end=\"327\">milder, stabiler und weniger anf\u00e4llig f\u00fcr Oxidation<\/strong>, w\u00e4hrend effektiv <strong data-start=\"347\" data-end=\"381\">Hemmung der Tyrosinase-Aktivit\u00e4t<\/strong> und die Verringerung der Melaninproduktion, um einen gleichm\u00e4\u00dfigeren Hautton zu f\u00f6rdern.<\/p>\n<p data-start=\"453\" data-end=\"772\">Lieferung als <strong data-start=\"467\" data-end=\"502\">farblose bis blassgelbe Fl\u00fcssigkeit<\/strong>, es ist <strong data-start=\"510\" data-end=\"528\">\u00f6ll\u00f6slich<\/strong>, wodurch es sich f\u00fcr die Einarbeitung in Seren, Cremes, \u00d6le und andere \u00f6lbasierte Hautpflegeformulierungen eignet. Mit einer empfohlenen Dosierung von <strong data-start=\"666\" data-end=\"678\">0,5\u20134,0%<\/strong>, es liefert starke aufhellende Effekte und beh\u00e4lt gleichzeitig die Stabilit\u00e4t und Sicherheit der Formulierung bei.<\/p>","protected":false},"excerpt":{"rendered":"<div class=\"number\">\n<table width=\"647\">\n<tbody>\n<tr>\n<td width=\"208\"><strong>INCI:<\/strong><\/td>\n<td width=\"439\">Ascorbyltetraisopalmitat<\/td>\n<\/tr>\n<tr>\n<td width=\"208\"><strong>Eigenschaften:<\/strong><\/td>\n<td width=\"439\">Milder und stabiler als VC, hervorragende Wirksamkeit bei der Hemmung der Tyrosinaseaktivit\u00e4t und der Reduzierung von Melanin.<\/td>\n<\/tr>\n<tr>\n<td width=\"208\"><strong>Aussehen:<\/strong><\/td>\n<td width=\"439\">Farblose bis blassgelbe Fl\u00fcssigkeit<\/td>\n<\/tr>\n<tr>\n<td width=\"208\"><strong>Empfohlene Dosierung:<\/strong><\/td>\n<td width=\"439\">0.5-4.0%<\/td>\n<\/tr>\n<tr>\n<td width=\"208\"><strong>L\u00f6slichkeit:<\/strong><\/td>\n<td width=\"439\">\u00d6ll\u00f6slich<\/td>\n<\/tr>\n<\/tbody>\n<\/table>\n<\/div>","protected":false},"featured_media":4045,"comment_status":"open","ping_status":"closed","template":"","meta":{"_acf_changed":false,"site-sidebar-layout":"default","site-content-layout":"","ast-site-content-layout":"default","site-content-style":"default","site-sidebar-style":"default","ast-global-header-display":"","ast-banner-title-visibility":"","ast-main-header-display":"","ast-hfb-above-header-display":"","ast-hfb-below-header-display":"","ast-hfb-mobile-header-display":"","site-post-title":"","ast-breadcrumbs-content":"","ast-featured-img":"","footer-sml-layout":"","theme-transparent-header-meta":"default","adv-header-id-meta":"","stick-header-meta":"default","header-above-stick-meta":"","header-main-stick-meta":"","header-below-stick-meta":"","astra-migrate-meta-layouts":"set","ast-page-background-enabled":"default","ast-page-background-meta":{"desktop":{"background-color":"","background-image":"","background-repeat":"repeat","background-position":"center center","background-size":"auto","background-attachment":"scroll","background-type":"","background-media":"","overlay-type":"","overlay-color":"","overlay-opacity":"","overlay-gradient":""},"tablet":{"background-color":"","background-image":"","background-repeat":"repeat","background-position":"center center","background-size":"auto","background-attachment":"scroll","background-type":"","background-media":"","overlay-type":"","overlay-color":"","overlay-opacity":"","overlay-gradient":""},"mobile":{"background-color":"","background-image":"","background-repeat":"repeat","background-position":"center center","background-size":"auto","background-attachment":"scroll","background-type":"","background-media":"","overlay-type":"","overlay-color":"","overlay-opacity":"","overlay-gradient":""}},"ast-content-background-meta":{"desktop":{"background-color":"var(--ast-global-color-5)","background-image":"","background-repeat":"repeat","background-position":"center center","background-size":"auto","background-attachment":"scroll","background-type":"","background-media":"","overlay-type":"","overlay-color":"","overlay-opacity":"","overlay-gradient":""},"tablet":{"background-color":"var(--ast-global-color-5)","background-image":"","background-repeat":"repeat","background-position":"center center","background-size":"auto","background-attachment":"scroll","background-type":"","background-media":"","overlay-type":"","overlay-color":"","overlay-opacity":"","overlay-gradient":""},"mobile":{"background-color":"var(--ast-global-color-5)","background-image":"","background-repeat":"repeat","background-position":"center center","background-size":"auto","background-attachment":"scroll","background-type":"","background-media":"","overlay-type":"","overlay-color":"","overlay-opacity":"","overlay-gradient":""}}},"product_brand":[],"product_cat":[15],"product_tag":[],"class_list":{"0":"post-2239","1":"product","2":"type-product","3":"status-publish","4":"has-post-thumbnail","6":"product_cat-brightening","7":"desktop-align-left","8":"tablet-align-left","9":"mobile-align-left","11":"first","12":"instock","13":"shipping-taxable","14":"product-type-simple"},"acf":[],"_links":{"self":[{"href":"https:\/\/zleyholdings.com\/de\/wp-json\/wp\/v2\/product\/2239","targetHints":{"allow":["GET"]}}],"collection":[{"href":"https:\/\/zleyholdings.com\/de\/wp-json\/wp\/v2\/product"}],"about":[{"href":"https:\/\/zleyholdings.com\/de\/wp-json\/wp\/v2\/types\/product"}],"replies":[{"embeddable":true,"href":"https:\/\/zleyholdings.com\/de\/wp-json\/wp\/v2\/comments?post=2239"}],"wp:featuredmedia":[{"embeddable":true,"href":"https:\/\/zleyholdings.com\/de\/wp-json\/wp\/v2\/media\/4045"}],"wp:attachment":[{"href":"https:\/\/zleyholdings.com\/de\/wp-json\/wp\/v2\/media?parent=2239"}],"wp:term":[{"taxonomy":"product_brand","embeddable":true,"href":"https:\/\/zleyholdings.com\/de\/wp-json\/wp\/v2\/product_brand?post=2239"},{"taxonomy":"product_cat","embeddable":true,"href":"https:\/\/zleyholdings.com\/de\/wp-json\/wp\/v2\/product_cat?post=2239"},{"taxonomy":"product_tag","embeddable":true,"href":"https:\/\/zleyholdings.com\/de\/wp-json\/wp\/v2\/product_tag?post=2239"}],"curies":[{"name":"wp","href":"https:\/\/api.w.org\/{rel}","templated":true}]}}