{"id":2235,"date":"2025-06-17T11:33:39","date_gmt":"2025-06-17T03:33:39","guid":{"rendered":"https:\/\/zleyholdings.com\/?post_type=product&#038;p=2235"},"modified":"2025-09-26T15:34:57","modified_gmt":"2025-09-26T07:34:57","slug":"ethylferulat-2","status":"publish","type":"product","link":"https:\/\/zleyholdings.com\/de\/produkte\/ethylferulat-2\/","title":{"rendered":"ZLEY\u00aeEF"},"content":{"rendered":"<p data-start=\"62\" data-end=\"485\">Ethylferulat ist ein multifunktionales <strong data-start=\"98\" data-end=\"151\">hautsch\u00fctzender und aufhellender Wirkstoff<\/strong>Es weist starke <strong data-start=\"172\" data-end=\"214\">antioxidative und bakteriostatische Wirkung<\/strong>, hilft, die Haut vor oxidativem Stress und Umweltsch\u00e4den zu sch\u00fctzen. Dar\u00fcber hinaus <strong data-start=\"309\" data-end=\"356\">hemmt die Bindung von Endothelin-1 (ET-1)<\/strong> und hilft bei der Regulierung <strong data-start=\"376\" data-end=\"404\">Melanozytenproliferation<\/strong>, unterst\u00fctzt einen gleichm\u00e4\u00dfigeren Hautton und reduziert das Auftreten von Pigmentflecken.<\/p>\n<p data-start=\"487\" data-end=\"862\">Dieser Inhaltsstoff wird als <strong data-start=\"520\" data-end=\"552\">wei\u00dfes bis fast wei\u00dfes Pulver<\/strong> und ist <strong data-start=\"560\" data-end=\"595\">l\u00f6slich in Alkohol und \u00d6l<\/strong>, wodurch es vielseitig in Seren, Cremes, Lotionen und andere \u00f6l- oder alkoholbasierte Hautpflegeformulierungen eingearbeitet werden kann. Mit einer empfohlenen Verwendung von <strong data-start=\"748\" data-end=\"760\">0,1\u20130,5%<\/strong>, es bietet wirksame aufhellende und sch\u00fctzende Vorteile bei gleichzeitiger Wahrung der Formulierungsstabilit\u00e4t.<\/p>","protected":false},"excerpt":{"rendered":"<div class=\"number\">\n<table width=\"622\">\n<tbody>\n<tr>\n<td width=\"208\"><strong>INCI:<\/strong><\/td>\n<td width=\"414\">Ethylferulat<\/td>\n<\/tr>\n<tr>\n<td width=\"208\"><strong>Eigenschaften:<\/strong><\/td>\n<td width=\"414\">Gute bakteriostatische und antioxidative Wirkung. Hemmt die Bindung von ET-1 und kontrolliert die Proliferation von Melanozyten.<\/td>\n<\/tr>\n<tr>\n<td width=\"208\"><strong>Aussehen:<\/strong><\/td>\n<td width=\"414\">Wei\u00dfes oder fast wei\u00dfes Pulver<\/td>\n<\/tr>\n<tr>\n<td width=\"208\"><strong>Empfohlene Dosierung:<\/strong><\/td>\n<td width=\"414\">0.1-0.5%<\/td>\n<\/tr>\n<tr>\n<td width=\"208\"><strong>L\u00f6slichkeit:<\/strong><\/td>\n<td width=\"414\">L\u00f6slich in Alkohol; l\u00f6slich in \u00d6l<\/td>\n<\/tr>\n<\/tbody>\n<\/table>\n<\/div>","protected":false},"featured_media":4023,"comment_status":"open","ping_status":"closed","template":"","meta":{"_acf_changed":false,"site-sidebar-layout":"default","site-content-layout":"","ast-site-content-layout":"default","site-content-style":"default","site-sidebar-style":"default","ast-global-header-display":"","ast-banner-title-visibility":"","ast-main-header-display":"","ast-hfb-above-header-display":"","ast-hfb-below-header-display":"","ast-hfb-mobile-header-display":"","site-post-title":"","ast-breadcrumbs-content":"","ast-featured-img":"","footer-sml-layout":"","theme-transparent-header-meta":"default","adv-header-id-meta":"","stick-header-meta":"default","header-above-stick-meta":"","header-main-stick-meta":"","header-below-stick-meta":"","astra-migrate-meta-layouts":"set","ast-page-background-enabled":"default","ast-page-background-meta":{"desktop":{"background-color":"","background-image":"","background-repeat":"repeat","background-position":"center center","background-size":"auto","background-attachment":"scroll","background-type":"","background-media":"","overlay-type":"","overlay-color":"","overlay-opacity":"","overlay-gradient":""},"tablet":{"background-color":"","background-image":"","background-repeat":"repeat","background-position":"center center","background-size":"auto","background-attachment":"scroll","background-type":"","background-media":"","overlay-type":"","overlay-color":"","overlay-opacity":"","overlay-gradient":""},"mobile":{"background-color":"","background-image":"","background-repeat":"repeat","background-position":"center center","background-size":"auto","background-attachment":"scroll","background-type":"","background-media":"","overlay-type":"","overlay-color":"","overlay-opacity":"","overlay-gradient":""}},"ast-content-background-meta":{"desktop":{"background-color":"var(--ast-global-color-5)","background-image":"","background-repeat":"repeat","background-position":"center center","background-size":"auto","background-attachment":"scroll","background-type":"","background-media":"","overlay-type":"","overlay-color":"","overlay-opacity":"","overlay-gradient":""},"tablet":{"background-color":"var(--ast-global-color-5)","background-image":"","background-repeat":"repeat","background-position":"center center","background-size":"auto","background-attachment":"scroll","background-type":"","background-media":"","overlay-type":"","overlay-color":"","overlay-opacity":"","overlay-gradient":""},"mobile":{"background-color":"var(--ast-global-color-5)","background-image":"","background-repeat":"repeat","background-position":"center center","background-size":"auto","background-attachment":"scroll","background-type":"","background-media":"","overlay-type":"","overlay-color":"","overlay-opacity":"","overlay-gradient":""}}},"product_brand":[],"product_cat":[25],"product_tag":[],"class_list":{"0":"post-2235","1":"product","2":"type-product","3":"status-publish","4":"has-post-thumbnail","6":"product_cat-anti-photoageing","7":"desktop-align-left","8":"tablet-align-left","9":"mobile-align-left","11":"first","12":"instock","13":"shipping-taxable","14":"product-type-simple"},"acf":[],"_links":{"self":[{"href":"https:\/\/zleyholdings.com\/de\/wp-json\/wp\/v2\/product\/2235","targetHints":{"allow":["GET"]}}],"collection":[{"href":"https:\/\/zleyholdings.com\/de\/wp-json\/wp\/v2\/product"}],"about":[{"href":"https:\/\/zleyholdings.com\/de\/wp-json\/wp\/v2\/types\/product"}],"replies":[{"embeddable":true,"href":"https:\/\/zleyholdings.com\/de\/wp-json\/wp\/v2\/comments?post=2235"}],"wp:featuredmedia":[{"embeddable":true,"href":"https:\/\/zleyholdings.com\/de\/wp-json\/wp\/v2\/media\/4023"}],"wp:attachment":[{"href":"https:\/\/zleyholdings.com\/de\/wp-json\/wp\/v2\/media?parent=2235"}],"wp:term":[{"taxonomy":"product_brand","embeddable":true,"href":"https:\/\/zleyholdings.com\/de\/wp-json\/wp\/v2\/product_brand?post=2235"},{"taxonomy":"product_cat","embeddable":true,"href":"https:\/\/zleyholdings.com\/de\/wp-json\/wp\/v2\/product_cat?post=2235"},{"taxonomy":"product_tag","embeddable":true,"href":"https:\/\/zleyholdings.com\/de\/wp-json\/wp\/v2\/product_tag?post=2235"}],"curies":[{"name":"wp","href":"https:\/\/api.w.org\/{rel}","templated":true}]}}