{"id":2208,"date":"2025-06-17T10:02:44","date_gmt":"2025-06-17T02:02:44","guid":{"rendered":"https:\/\/zleyholdings.com\/?post_type=product&#038;p=2208"},"modified":"2025-09-26T15:40:20","modified_gmt":"2025-09-26T07:40:20","slug":"stephania-tetranda-wurzelextrakt-caprylsaure-caprinsauretriglycerid","status":"publish","type":"product","link":"https:\/\/zleyholdings.com\/de\/produkte\/stephania-tetranda-wurzelextrakt-caprylsaure-caprinsauretriglycerid\/","title":{"rendered":"ZLEY\u00aePE402-PHEACNE-\u00d6L"},"content":{"rendered":"<p data-start=\"107\" data-end=\"479\">Diese Formulierung kombiniert <strong data-start=\"133\" data-end=\"164\">Stephania Tetrandra-Extrakt<\/strong> mit <strong data-start=\"170\" data-end=\"202\">Caprylic\/Capric Triglyceride<\/strong> um ein <strong data-start=\"215\" data-end=\"255\">100% pflanzlicher Wirkstoff<\/strong> bekannt f\u00fcr seine <strong data-start=\"270\" data-end=\"319\">nat\u00fcrliche beruhigende und reizlindernde Eigenschaften<\/strong>. Es ist ideal zur Beruhigung empfindlicher oder gestresster Haut und hilft <strong data-start=\"384\" data-end=\"432\">Reduzieren Sie Reizungen und verbessern Sie das Hautgef\u00fchl<\/strong> und beh\u00e4lt dabei ein sanftes und sicheres Profil bei.<\/p>\n<p data-start=\"481\" data-end=\"804\">Lieferung als <strong data-start=\"495\" data-end=\"527\">farblose transparente Fl\u00fcssigkeit<\/strong>, diese Zutat ist <strong data-start=\"548\" data-end=\"566\">\u00f6ll\u00f6slich<\/strong>, wodurch es sich f\u00fcr die Einarbeitung in \u00d6le, Seren, Cremes und andere \u00f6lbasierte Hautpflegeformulierungen eignet. Mit einer empfohlenen Verwendung von <strong data-start=\"703\" data-end=\"716\">bis zu 90%<\/strong>, es bietet flexible Formulierungsoptionen und bietet gleichzeitig eine wirksame beruhigende Wirkung.<\/p>","protected":false},"excerpt":{"rendered":"<div class=\"number\">\n<table width=\"667\">\n<tbody>\n<tr>\n<td width=\"208\"><strong>INCI:<\/strong><\/td>\n<td width=\"458\">Stephania Tetrandra-Extrakt, Capryl-\/Caprin-Triglycerid<\/td>\n<\/tr>\n<tr>\n<td width=\"208\"><strong>Eigenschaften:<\/strong><\/td>\n<td width=\"458\">100% pflanzliche Inhaltsstoffe mit nat\u00fcrlichen beruhigenden und reizlindernden Eigenschaften.<\/td>\n<\/tr>\n<tr>\n<td width=\"208\"><strong>Aussehen:<\/strong><\/td>\n<td width=\"458\">Farblose transparente Fl\u00fcssigkeit<\/td>\n<\/tr>\n<tr>\n<td width=\"208\"><strong>Empfohlene Dosierung:<\/strong><\/td>\n<td width=\"458\">NMT90%<\/td>\n<\/tr>\n<tr>\n<td width=\"208\"><strong>L\u00f6slichkeit:<\/strong><\/td>\n<td width=\"458\">\u00d6ll\u00f6slich<\/td>\n<\/tr>\n<\/tbody>\n<\/table>\n<\/div>","protected":false},"featured_media":4045,"comment_status":"open","ping_status":"closed","template":"","meta":{"_acf_changed":false,"site-sidebar-layout":"default","site-content-layout":"","ast-site-content-layout":"default","site-content-style":"default","site-sidebar-style":"default","ast-global-header-display":"","ast-banner-title-visibility":"","ast-main-header-display":"","ast-hfb-above-header-display":"","ast-hfb-below-header-display":"","ast-hfb-mobile-header-display":"","site-post-title":"","ast-breadcrumbs-content":"","ast-featured-img":"","footer-sml-layout":"","theme-transparent-header-meta":"default","adv-header-id-meta":"","stick-header-meta":"default","header-above-stick-meta":"","header-main-stick-meta":"","header-below-stick-meta":"","astra-migrate-meta-layouts":"set","ast-page-background-enabled":"default","ast-page-background-meta":{"desktop":{"background-color":"","background-image":"","background-repeat":"repeat","background-position":"center center","background-size":"auto","background-attachment":"scroll","background-type":"","background-media":"","overlay-type":"","overlay-color":"","overlay-opacity":"","overlay-gradient":""},"tablet":{"background-color":"","background-image":"","background-repeat":"repeat","background-position":"center center","background-size":"auto","background-attachment":"scroll","background-type":"","background-media":"","overlay-type":"","overlay-color":"","overlay-opacity":"","overlay-gradient":""},"mobile":{"background-color":"","background-image":"","background-repeat":"repeat","background-position":"center center","background-size":"auto","background-attachment":"scroll","background-type":"","background-media":"","overlay-type":"","overlay-color":"","overlay-opacity":"","overlay-gradient":""}},"ast-content-background-meta":{"desktop":{"background-color":"var(--ast-global-color-5)","background-image":"","background-repeat":"repeat","background-position":"center center","background-size":"auto","background-attachment":"scroll","background-type":"","background-media":"","overlay-type":"","overlay-color":"","overlay-opacity":"","overlay-gradient":""},"tablet":{"background-color":"var(--ast-global-color-5)","background-image":"","background-repeat":"repeat","background-position":"center center","background-size":"auto","background-attachment":"scroll","background-type":"","background-media":"","overlay-type":"","overlay-color":"","overlay-opacity":"","overlay-gradient":""},"mobile":{"background-color":"var(--ast-global-color-5)","background-image":"","background-repeat":"repeat","background-position":"center center","background-size":"auto","background-attachment":"scroll","background-type":"","background-media":"","overlay-type":"","overlay-color":"","overlay-opacity":"","overlay-gradient":""}}},"product_brand":[],"product_cat":[28],"product_tag":[],"class_list":{"0":"post-2208","1":"product","2":"type-product","3":"status-publish","4":"has-post-thumbnail","6":"product_cat-soothing","7":"desktop-align-left","8":"tablet-align-left","9":"mobile-align-left","11":"first","12":"instock","13":"shipping-taxable","14":"product-type-simple"},"acf":[],"_links":{"self":[{"href":"https:\/\/zleyholdings.com\/de\/wp-json\/wp\/v2\/product\/2208","targetHints":{"allow":["GET"]}}],"collection":[{"href":"https:\/\/zleyholdings.com\/de\/wp-json\/wp\/v2\/product"}],"about":[{"href":"https:\/\/zleyholdings.com\/de\/wp-json\/wp\/v2\/types\/product"}],"replies":[{"embeddable":true,"href":"https:\/\/zleyholdings.com\/de\/wp-json\/wp\/v2\/comments?post=2208"}],"wp:featuredmedia":[{"embeddable":true,"href":"https:\/\/zleyholdings.com\/de\/wp-json\/wp\/v2\/media\/4045"}],"wp:attachment":[{"href":"https:\/\/zleyholdings.com\/de\/wp-json\/wp\/v2\/media?parent=2208"}],"wp:term":[{"taxonomy":"product_brand","embeddable":true,"href":"https:\/\/zleyholdings.com\/de\/wp-json\/wp\/v2\/product_brand?post=2208"},{"taxonomy":"product_cat","embeddable":true,"href":"https:\/\/zleyholdings.com\/de\/wp-json\/wp\/v2\/product_cat?post=2208"},{"taxonomy":"product_tag","embeddable":true,"href":"https:\/\/zleyholdings.com\/de\/wp-json\/wp\/v2\/product_tag?post=2208"}],"curies":[{"name":"wp","href":"https:\/\/api.w.org\/{rel}","templated":true}]}}