{"id":2205,"date":"2025-06-17T09:50:06","date_gmt":"2025-06-17T01:50:06","guid":{"rendered":"https:\/\/zleyholdings.com\/?post_type=product&#038;p=2205"},"modified":"2025-09-26T16:05:27","modified_gmt":"2025-09-26T08:05:27","slug":"kavapiper-methysticum","status":"publish","type":"product","link":"https:\/\/zleyholdings.com\/de\/produkte\/kavapiper-methysticum\/","title":{"rendered":"ZLEY\u00aePE203-KAENDA"},"content":{"rendered":"<p data-start=\"86\" data-end=\"518\">KAVA, ein Wirkstoff aus Kava-Wurzelextrakt, kombiniert mit Hydroxypropylcyclodextrin, Butylenglykol und Wasser, wurde speziell f\u00fcr empfindliche Haut entwickelt. Es hemmt die TRPV1- und GABA-Expression, lindert R\u00f6tungen und Reizungen schnell und sorgt f\u00fcr anhaltende Linderung. Die gelbe, sowohl alkohol- als auch wasserl\u00f6sliche Fl\u00fcssigkeit eignet sich f\u00fcr Seren, Lotionen und Cremes. Die empfohlene Dosierung betr\u00e4gt 0,2\u201320%. Sie beruhigt die Haut effektiv und gew\u00e4hrleistet die Stabilit\u00e4t der Formel.<\/p>","protected":false},"excerpt":{"rendered":"<table width=\"631\">\n<tbody>\n<tr>\n<td width=\"200\"><strong>INCI:<\/strong><\/td>\n<td width=\"431\">Piper Methysticum Wurzelextrakt, Hydroxypropylcyclodextrin, Butylenglykol, Wasser<\/td>\n<\/tr>\n<tr>\n<td width=\"200\"><strong>Eigenschaften:<\/strong><\/td>\n<td width=\"431\"><strong><em>NEUROKOSMETIK<br \/>\n<\/em><\/strong>Pflanzlicher Inhaltsstoff, der empfindliche Haut beruhigt, indem er die Expression von TRPV1 und GABA hemmt. Sofortige und langanhaltende Linderung von R\u00f6tungen.<\/td>\n<\/tr>\n<tr>\n<td width=\"200\"><strong>Aussehen:<\/strong><\/td>\n<td width=\"431\">Gelbe Fl\u00fcssigkeit<\/td>\n<\/tr>\n<tr>\n<td width=\"200\"><strong>Empfohlene Dosierung:<\/strong><\/td>\n<td width=\"431\">0.2-20.0%<\/td>\n<\/tr>\n<tr>\n<td width=\"200\"><strong>L\u00f6slichkeit:<\/strong><\/td>\n<td width=\"431\">L\u00f6slich in Alkohol, l\u00f6slich in Wasser<\/td>\n<\/tr>\n<\/tbody>\n<\/table>\n<p>&nbsp;<\/p>","protected":false},"featured_media":4054,"comment_status":"open","ping_status":"closed","template":"","meta":{"_acf_changed":false,"site-sidebar-layout":"default","site-content-layout":"","ast-site-content-layout":"default","site-content-style":"default","site-sidebar-style":"default","ast-global-header-display":"","ast-banner-title-visibility":"","ast-main-header-display":"","ast-hfb-above-header-display":"","ast-hfb-below-header-display":"","ast-hfb-mobile-header-display":"","site-post-title":"","ast-breadcrumbs-content":"","ast-featured-img":"","footer-sml-layout":"","theme-transparent-header-meta":"default","adv-header-id-meta":"","stick-header-meta":"default","header-above-stick-meta":"","header-main-stick-meta":"","header-below-stick-meta":"","astra-migrate-meta-layouts":"set","ast-page-background-enabled":"default","ast-page-background-meta":{"desktop":{"background-color":"","background-image":"","background-repeat":"repeat","background-position":"center center","background-size":"auto","background-attachment":"scroll","background-type":"","background-media":"","overlay-type":"","overlay-color":"","overlay-opacity":"","overlay-gradient":""},"tablet":{"background-color":"","background-image":"","background-repeat":"repeat","background-position":"center center","background-size":"auto","background-attachment":"scroll","background-type":"","background-media":"","overlay-type":"","overlay-color":"","overlay-opacity":"","overlay-gradient":""},"mobile":{"background-color":"","background-image":"","background-repeat":"repeat","background-position":"center center","background-size":"auto","background-attachment":"scroll","background-type":"","background-media":"","overlay-type":"","overlay-color":"","overlay-opacity":"","overlay-gradient":""}},"ast-content-background-meta":{"desktop":{"background-color":"var(--ast-global-color-5)","background-image":"","background-repeat":"repeat","background-position":"center center","background-size":"auto","background-attachment":"scroll","background-type":"","background-media":"","overlay-type":"","overlay-color":"","overlay-opacity":"","overlay-gradient":""},"tablet":{"background-color":"var(--ast-global-color-5)","background-image":"","background-repeat":"repeat","background-position":"center center","background-size":"auto","background-attachment":"scroll","background-type":"","background-media":"","overlay-type":"","overlay-color":"","overlay-opacity":"","overlay-gradient":""},"mobile":{"background-color":"var(--ast-global-color-5)","background-image":"","background-repeat":"repeat","background-position":"center center","background-size":"auto","background-attachment":"scroll","background-type":"","background-media":"","overlay-type":"","overlay-color":"","overlay-opacity":"","overlay-gradient":""}}},"product_brand":[],"product_cat":[28],"product_tag":[],"class_list":{"0":"post-2205","1":"product","2":"type-product","3":"status-publish","4":"has-post-thumbnail","6":"product_cat-soothing","7":"desktop-align-left","8":"tablet-align-left","9":"mobile-align-left","11":"first","12":"instock","13":"shipping-taxable","14":"product-type-simple"},"acf":[],"_links":{"self":[{"href":"https:\/\/zleyholdings.com\/de\/wp-json\/wp\/v2\/product\/2205","targetHints":{"allow":["GET"]}}],"collection":[{"href":"https:\/\/zleyholdings.com\/de\/wp-json\/wp\/v2\/product"}],"about":[{"href":"https:\/\/zleyholdings.com\/de\/wp-json\/wp\/v2\/types\/product"}],"replies":[{"embeddable":true,"href":"https:\/\/zleyholdings.com\/de\/wp-json\/wp\/v2\/comments?post=2205"}],"wp:featuredmedia":[{"embeddable":true,"href":"https:\/\/zleyholdings.com\/de\/wp-json\/wp\/v2\/media\/4054"}],"wp:attachment":[{"href":"https:\/\/zleyholdings.com\/de\/wp-json\/wp\/v2\/media?parent=2205"}],"wp:term":[{"taxonomy":"product_brand","embeddable":true,"href":"https:\/\/zleyholdings.com\/de\/wp-json\/wp\/v2\/product_brand?post=2205"},{"taxonomy":"product_cat","embeddable":true,"href":"https:\/\/zleyholdings.com\/de\/wp-json\/wp\/v2\/product_cat?post=2205"},{"taxonomy":"product_tag","embeddable":true,"href":"https:\/\/zleyholdings.com\/de\/wp-json\/wp\/v2\/product_tag?post=2205"}],"curies":[{"name":"wp","href":"https:\/\/api.w.org\/{rel}","templated":true}]}}