{"id":2198,"date":"2025-06-17T09:39:04","date_gmt":"2025-06-17T01:39:04","guid":{"rendered":"https:\/\/zleyholdings.com\/?post_type=product&#038;p=2198"},"modified":"2025-09-26T15:41:40","modified_gmt":"2025-09-26T07:41:40","slug":"menthyl-pca","status":"publish","type":"product","link":"https:\/\/zleyholdings.com\/de\/produkte\/menthyl-pca\/","title":{"rendered":"ZLEY\u00aeMPCA"},"content":{"rendered":"<p data-start=\"59\" data-end=\"369\">Menthyl PCA ist ein <strong data-start=\"76\" data-end=\"123\">von der Kryotherapie der Haut inspirierter Wirkstoff<\/strong> das liefert eine <strong data-start=\"140\" data-end=\"181\">k\u00fchlende, beruhigende und wohltuende Wirkung<\/strong> f\u00fcr empfindliche oder gereizte Haut. Es hilft, Beschwerden durch Hitze, R\u00f6tungen oder Entz\u00fcndungen zu reduzieren und ist daher ideal f\u00fcr Formulierungen, die entwickelt wurden, um <strong data-start=\"329\" data-end=\"366\">tr\u00f6sten und sch\u00fctzen Sie empfindliche Haut<\/strong>.<\/p>\n<p data-start=\"371\" data-end=\"723\">Lieferung als <strong data-start=\"385\" data-end=\"417\">hellgelbe, viskose Fl\u00fcssigkeit<\/strong>, Menthyl PCA ist <strong data-start=\"434\" data-end=\"469\">l\u00f6slich in Alkohol und \u00d6l<\/strong>, was eine flexible Einarbeitung in Seren, Cremes, Lotionen und andere \u00f6l- oder alkoholbasierte Hautpflegeprodukte erm\u00f6glicht. Mit einer empfohlenen Verwendung von <strong data-start=\"612\" data-end=\"624\">0,1\u20132,0%<\/strong>, es bietet wirksame beruhigende und erfrischende Vorteile bei gleichzeitiger Wahrung der Formulierungsstabilit\u00e4t.<\/p>","protected":false},"excerpt":{"rendered":"<div class=\"number\">\n<table width=\"622\">\n<tbody>\n<tr>\n<td width=\"208\"><strong>INCI:<\/strong><\/td>\n<td width=\"414\">Menthyl PCA<\/td>\n<\/tr>\n<tr>\n<td width=\"208\"><strong>Eigenschaften:<\/strong><\/td>\n<td width=\"414\"><strong><em>HAUTKRYOTHERAPIE<\/em><\/strong><\/p>\n<p>Wirkt k\u00fchlend, beruhigend und lindernd auf empfindliche Haut.<\/td>\n<\/tr>\n<tr>\n<td width=\"208\"><strong>Aussehen:<\/strong><\/td>\n<td width=\"414\">Hellgelbe, viskose Fl\u00fcssigkeit<\/td>\n<\/tr>\n<tr>\n<td width=\"208\"><strong>Empfohlene Dosierung:<\/strong><\/td>\n<td width=\"414\">0.1-2.0%<\/td>\n<\/tr>\n<tr>\n<td width=\"208\"><strong>L\u00f6slichkeit:<\/strong><\/td>\n<td width=\"414\">L\u00f6slich in Alkohol, l\u00f6slich in \u00d6l<\/td>\n<\/tr>\n<\/tbody>\n<\/table>\n<\/div>","protected":false},"featured_media":4058,"comment_status":"open","ping_status":"closed","template":"","meta":{"_acf_changed":false,"site-sidebar-layout":"default","site-content-layout":"","ast-site-content-layout":"default","site-content-style":"default","site-sidebar-style":"default","ast-global-header-display":"","ast-banner-title-visibility":"","ast-main-header-display":"","ast-hfb-above-header-display":"","ast-hfb-below-header-display":"","ast-hfb-mobile-header-display":"","site-post-title":"","ast-breadcrumbs-content":"","ast-featured-img":"","footer-sml-layout":"","theme-transparent-header-meta":"default","adv-header-id-meta":"","stick-header-meta":"default","header-above-stick-meta":"","header-main-stick-meta":"","header-below-stick-meta":"","astra-migrate-meta-layouts":"set","ast-page-background-enabled":"default","ast-page-background-meta":{"desktop":{"background-color":"","background-image":"","background-repeat":"repeat","background-position":"center center","background-size":"auto","background-attachment":"scroll","background-type":"","background-media":"","overlay-type":"","overlay-color":"","overlay-opacity":"","overlay-gradient":""},"tablet":{"background-color":"","background-image":"","background-repeat":"repeat","background-position":"center center","background-size":"auto","background-attachment":"scroll","background-type":"","background-media":"","overlay-type":"","overlay-color":"","overlay-opacity":"","overlay-gradient":""},"mobile":{"background-color":"","background-image":"","background-repeat":"repeat","background-position":"center center","background-size":"auto","background-attachment":"scroll","background-type":"","background-media":"","overlay-type":"","overlay-color":"","overlay-opacity":"","overlay-gradient":""}},"ast-content-background-meta":{"desktop":{"background-color":"var(--ast-global-color-5)","background-image":"","background-repeat":"repeat","background-position":"center center","background-size":"auto","background-attachment":"scroll","background-type":"","background-media":"","overlay-type":"","overlay-color":"","overlay-opacity":"","overlay-gradient":""},"tablet":{"background-color":"var(--ast-global-color-5)","background-image":"","background-repeat":"repeat","background-position":"center center","background-size":"auto","background-attachment":"scroll","background-type":"","background-media":"","overlay-type":"","overlay-color":"","overlay-opacity":"","overlay-gradient":""},"mobile":{"background-color":"var(--ast-global-color-5)","background-image":"","background-repeat":"repeat","background-position":"center center","background-size":"auto","background-attachment":"scroll","background-type":"","background-media":"","overlay-type":"","overlay-color":"","overlay-opacity":"","overlay-gradient":""}}},"product_brand":[],"product_cat":[26],"product_tag":[],"class_list":{"0":"post-2198","1":"product","2":"type-product","3":"status-publish","4":"has-post-thumbnail","6":"product_cat-oil-controlacne","7":"desktop-align-left","8":"tablet-align-left","9":"mobile-align-left","11":"first","12":"instock","13":"shipping-taxable","14":"product-type-simple"},"acf":[],"_links":{"self":[{"href":"https:\/\/zleyholdings.com\/de\/wp-json\/wp\/v2\/product\/2198","targetHints":{"allow":["GET"]}}],"collection":[{"href":"https:\/\/zleyholdings.com\/de\/wp-json\/wp\/v2\/product"}],"about":[{"href":"https:\/\/zleyholdings.com\/de\/wp-json\/wp\/v2\/types\/product"}],"replies":[{"embeddable":true,"href":"https:\/\/zleyholdings.com\/de\/wp-json\/wp\/v2\/comments?post=2198"}],"wp:featuredmedia":[{"embeddable":true,"href":"https:\/\/zleyholdings.com\/de\/wp-json\/wp\/v2\/media\/4058"}],"wp:attachment":[{"href":"https:\/\/zleyholdings.com\/de\/wp-json\/wp\/v2\/media?parent=2198"}],"wp:term":[{"taxonomy":"product_brand","embeddable":true,"href":"https:\/\/zleyholdings.com\/de\/wp-json\/wp\/v2\/product_brand?post=2198"},{"taxonomy":"product_cat","embeddable":true,"href":"https:\/\/zleyholdings.com\/de\/wp-json\/wp\/v2\/product_cat?post=2198"},{"taxonomy":"product_tag","embeddable":true,"href":"https:\/\/zleyholdings.com\/de\/wp-json\/wp\/v2\/product_tag?post=2198"}],"curies":[{"name":"wp","href":"https:\/\/api.w.org\/{rel}","templated":true}]}}