{"id":2124,"date":"2025-06-11T10:41:18","date_gmt":"2025-06-11T02:41:18","guid":{"rendered":"https:\/\/zleyholdings.com\/?post_type=product&#038;p=2124"},"modified":"2025-09-26T15:42:50","modified_gmt":"2025-09-26T07:42:50","slug":"ethylhexylglycerin","status":"publish","type":"product","link":"https:\/\/zleyholdings.com\/de\/produkte\/ethylhexylglycerin\/","title":{"rendered":"ZLEY\u00aeBIOCARE-ZEHG"},"content":{"rendered":"<p data-start=\"66\" data-end=\"402\">Ethylhexylglycerin ist ein multifunktionales <strong data-start=\"106\" data-end=\"155\">Konservierungsverst\u00e4rker und hautfreundlicher Wirkstoff<\/strong> die die Wirksamkeit von Konservierungssystemen erh\u00f6ht. Durch <strong data-start=\"211\" data-end=\"301\">Reduzierung der Oberfl\u00e4chenspannung mikrobieller Zellw\u00e4nde und Hemmung der bakteriellen Aktivit\u00e4t<\/strong>, tr\u00e4gt es dazu bei, dass Konservierungsmittel effizienter und schneller wirken und sorgt so f\u00fcr eine l\u00e4nger anhaltende Produktsicherheit.<\/p>\n<p data-start=\"404\" data-end=\"781\">Lieferung als <strong data-start=\"418\" data-end=\"450\">farblose transparente Fl\u00fcssigkeit<\/strong>, Ethylhexylglycerin ist <strong data-start=\"474\" data-end=\"509\">l\u00f6slich in Alkohol und \u00d6l<\/strong>, wodurch es f\u00fcr eine breite Palette von Formulierungen geeignet ist, darunter Cremes, Seren, Lotionen und andere Hautpflegeprodukte auf \u00d6l- oder Alkoholbasis. Mit einer empfohlenen Verwendung von <strong data-start=\"678\" data-end=\"690\">0,2\u20132,0%<\/strong>, es bietet eine wirksame Konservierungsverbesserung bei gleichzeitiger Wahrung der Formulierungsstabilit\u00e4t.<\/p>","protected":false},"excerpt":{"rendered":"<div class=\"number\">\n<table width=\"659\">\n<tbody>\n<tr>\n<td width=\"208\"><strong>INCI:<\/strong><\/td>\n<td width=\"451\">Ethylhexylglycerin<\/td>\n<\/tr>\n<tr>\n<td width=\"208\"><strong>Eigenschaften:<\/strong><\/td>\n<td width=\"451\">Durch die Verringerung der Oberfl\u00e4chenspannung der Zellwand von Mikroorganismen und bakteriellen Aktivit\u00e4ten wird das Konservierungssystem effektiver und schneller.<\/td>\n<\/tr>\n<tr>\n<td width=\"208\"><strong>Aussehen:<\/strong><\/td>\n<td width=\"451\">Farblose transparente Fl\u00fcssigkeit<\/td>\n<\/tr>\n<tr>\n<td width=\"208\"><strong>Empfohlene Dosierung:<\/strong><\/td>\n<td width=\"451\">0.2-2.0%<\/td>\n<\/tr>\n<tr>\n<td width=\"208\"><strong>L\u00f6slichkeit:<\/strong><\/td>\n<td width=\"451\">L\u00f6slich in Alkohol, l\u00f6slich in \u00d6l<\/td>\n<\/tr>\n<\/tbody>\n<\/table>\n<\/div>","protected":false},"featured_media":4045,"comment_status":"open","ping_status":"closed","template":"","meta":{"_acf_changed":false,"site-sidebar-layout":"default","site-content-layout":"","ast-site-content-layout":"default","site-content-style":"default","site-sidebar-style":"default","ast-global-header-display":"","ast-banner-title-visibility":"","ast-main-header-display":"","ast-hfb-above-header-display":"","ast-hfb-below-header-display":"","ast-hfb-mobile-header-display":"","site-post-title":"","ast-breadcrumbs-content":"","ast-featured-img":"","footer-sml-layout":"","theme-transparent-header-meta":"default","adv-header-id-meta":"","stick-header-meta":"default","header-above-stick-meta":"","header-main-stick-meta":"","header-below-stick-meta":"","astra-migrate-meta-layouts":"set","ast-page-background-enabled":"default","ast-page-background-meta":{"desktop":{"background-color":"","background-image":"","background-repeat":"repeat","background-position":"center center","background-size":"auto","background-attachment":"scroll","background-type":"","background-media":"","overlay-type":"","overlay-color":"","overlay-opacity":"","overlay-gradient":""},"tablet":{"background-color":"","background-image":"","background-repeat":"repeat","background-position":"center center","background-size":"auto","background-attachment":"scroll","background-type":"","background-media":"","overlay-type":"","overlay-color":"","overlay-opacity":"","overlay-gradient":""},"mobile":{"background-color":"","background-image":"","background-repeat":"repeat","background-position":"center center","background-size":"auto","background-attachment":"scroll","background-type":"","background-media":"","overlay-type":"","overlay-color":"","overlay-opacity":"","overlay-gradient":""}},"ast-content-background-meta":{"desktop":{"background-color":"var(--ast-global-color-5)","background-image":"","background-repeat":"repeat","background-position":"center center","background-size":"auto","background-attachment":"scroll","background-type":"","background-media":"","overlay-type":"","overlay-color":"","overlay-opacity":"","overlay-gradient":""},"tablet":{"background-color":"var(--ast-global-color-5)","background-image":"","background-repeat":"repeat","background-position":"center center","background-size":"auto","background-attachment":"scroll","background-type":"","background-media":"","overlay-type":"","overlay-color":"","overlay-opacity":"","overlay-gradient":""},"mobile":{"background-color":"var(--ast-global-color-5)","background-image":"","background-repeat":"repeat","background-position":"center center","background-size":"auto","background-attachment":"scroll","background-type":"","background-media":"","overlay-type":"","overlay-color":"","overlay-opacity":"","overlay-gradient":""}}},"product_brand":[],"product_cat":[29],"product_tag":[],"class_list":{"0":"post-2124","1":"product","2":"type-product","3":"status-publish","4":"has-post-thumbnail","6":"product_cat-preservative","7":"desktop-align-left","8":"tablet-align-left","9":"mobile-align-left","11":"first","12":"instock","13":"shipping-taxable","14":"product-type-simple"},"acf":[],"_links":{"self":[{"href":"https:\/\/zleyholdings.com\/de\/wp-json\/wp\/v2\/product\/2124","targetHints":{"allow":["GET"]}}],"collection":[{"href":"https:\/\/zleyholdings.com\/de\/wp-json\/wp\/v2\/product"}],"about":[{"href":"https:\/\/zleyholdings.com\/de\/wp-json\/wp\/v2\/types\/product"}],"replies":[{"embeddable":true,"href":"https:\/\/zleyholdings.com\/de\/wp-json\/wp\/v2\/comments?post=2124"}],"wp:featuredmedia":[{"embeddable":true,"href":"https:\/\/zleyholdings.com\/de\/wp-json\/wp\/v2\/media\/4045"}],"wp:attachment":[{"href":"https:\/\/zleyholdings.com\/de\/wp-json\/wp\/v2\/media?parent=2124"}],"wp:term":[{"taxonomy":"product_brand","embeddable":true,"href":"https:\/\/zleyholdings.com\/de\/wp-json\/wp\/v2\/product_brand?post=2124"},{"taxonomy":"product_cat","embeddable":true,"href":"https:\/\/zleyholdings.com\/de\/wp-json\/wp\/v2\/product_cat?post=2124"},{"taxonomy":"product_tag","embeddable":true,"href":"https:\/\/zleyholdings.com\/de\/wp-json\/wp\/v2\/product_tag?post=2124"}],"curies":[{"name":"wp","href":"https:\/\/api.w.org\/{rel}","templated":true}]}}