{"id":2116,"date":"2025-06-11T10:22:52","date_gmt":"2025-06-11T02:22:52","guid":{"rendered":"https:\/\/zleyholdings.com\/?post_type=product&#038;p=2116"},"modified":"2025-09-26T15:50:16","modified_gmt":"2025-09-26T07:50:16","slug":"caprylylglykol-2","status":"publish","type":"product","link":"https:\/\/zleyholdings.com\/de\/produkte\/caprylylglykol-2\/","title":{"rendered":"ZLEY\u00aeBIOCARE-ZCG"},"content":{"rendered":"<p>Caprylyl Glycol (INCI: Caprylyl Glycol) ist ein wei\u00dfer Feststoff, der h\u00e4ufig als gr\u00fcnes Konservierungsmittel in K\u00f6rperpflegeprodukten verwendet wird. Frei von zus\u00e4tzlichen Zus\u00e4tzen bietet es eine hohe Vertr\u00e4glichkeit mit den meisten Inhaltsstoffen. Es ist wasserl\u00f6slich und wird typischerweise in Konzentrationen von 0,2\u20136,41 TP3T verwendet.<\/p>","protected":false},"excerpt":{"rendered":"<div class=\"number\">\n<table width=\"659\">\n<tbody>\n<tr>\n<td width=\"208\"><strong>INCI:<\/strong><\/td>\n<td width=\"451\">Caprylylglykol<\/td>\n<\/tr>\n<tr>\n<td width=\"208\"><strong>Eigenschaften:<\/strong><\/td>\n<td width=\"451\">Umweltfreundliches Konservierungsmittel ohne Zus\u00e4tze. Sehr gut vertr\u00e4glich mit den meisten Inhaltsstoffen in K\u00f6rperpflegeprodukten.<\/td>\n<\/tr>\n<tr>\n<td width=\"208\"><strong>Aussehen:<\/strong><\/td>\n<td width=\"451\">Wei\u00dfer Feststoff<\/td>\n<\/tr>\n<tr>\n<td width=\"208\"><strong>Empfohlene Dosierung:<\/strong><\/td>\n<td width=\"451\">0.2-6.4%<\/td>\n<\/tr>\n<tr>\n<td width=\"208\"><strong>L\u00f6slichkeit:<\/strong><\/td>\n<td width=\"451\">Wasserl\u00f6slich<\/td>\n<\/tr>\n<\/tbody>\n<\/table>\n<\/div>","protected":false},"featured_media":4025,"comment_status":"open","ping_status":"closed","template":"","meta":{"_acf_changed":false,"site-sidebar-layout":"default","site-content-layout":"","ast-site-content-layout":"default","site-content-style":"default","site-sidebar-style":"default","ast-global-header-display":"","ast-banner-title-visibility":"","ast-main-header-display":"","ast-hfb-above-header-display":"","ast-hfb-below-header-display":"","ast-hfb-mobile-header-display":"","site-post-title":"","ast-breadcrumbs-content":"","ast-featured-img":"","footer-sml-layout":"","theme-transparent-header-meta":"default","adv-header-id-meta":"","stick-header-meta":"default","header-above-stick-meta":"","header-main-stick-meta":"","header-below-stick-meta":"","astra-migrate-meta-layouts":"set","ast-page-background-enabled":"default","ast-page-background-meta":{"desktop":{"background-color":"","background-image":"","background-repeat":"repeat","background-position":"center center","background-size":"auto","background-attachment":"scroll","background-type":"","background-media":"","overlay-type":"","overlay-color":"","overlay-opacity":"","overlay-gradient":""},"tablet":{"background-color":"","background-image":"","background-repeat":"repeat","background-position":"center center","background-size":"auto","background-attachment":"scroll","background-type":"","background-media":"","overlay-type":"","overlay-color":"","overlay-opacity":"","overlay-gradient":""},"mobile":{"background-color":"","background-image":"","background-repeat":"repeat","background-position":"center center","background-size":"auto","background-attachment":"scroll","background-type":"","background-media":"","overlay-type":"","overlay-color":"","overlay-opacity":"","overlay-gradient":""}},"ast-content-background-meta":{"desktop":{"background-color":"var(--ast-global-color-5)","background-image":"","background-repeat":"repeat","background-position":"center center","background-size":"auto","background-attachment":"scroll","background-type":"","background-media":"","overlay-type":"","overlay-color":"","overlay-opacity":"","overlay-gradient":""},"tablet":{"background-color":"var(--ast-global-color-5)","background-image":"","background-repeat":"repeat","background-position":"center center","background-size":"auto","background-attachment":"scroll","background-type":"","background-media":"","overlay-type":"","overlay-color":"","overlay-opacity":"","overlay-gradient":""},"mobile":{"background-color":"var(--ast-global-color-5)","background-image":"","background-repeat":"repeat","background-position":"center center","background-size":"auto","background-attachment":"scroll","background-type":"","background-media":"","overlay-type":"","overlay-color":"","overlay-opacity":"","overlay-gradient":""}}},"product_brand":[],"product_cat":[29],"product_tag":[],"class_list":{"0":"post-2116","1":"product","2":"type-product","3":"status-publish","4":"has-post-thumbnail","6":"product_cat-preservative","7":"desktop-align-left","8":"tablet-align-left","9":"mobile-align-left","11":"first","12":"instock","13":"shipping-taxable","14":"product-type-simple"},"acf":[],"_links":{"self":[{"href":"https:\/\/zleyholdings.com\/de\/wp-json\/wp\/v2\/product\/2116","targetHints":{"allow":["GET"]}}],"collection":[{"href":"https:\/\/zleyholdings.com\/de\/wp-json\/wp\/v2\/product"}],"about":[{"href":"https:\/\/zleyholdings.com\/de\/wp-json\/wp\/v2\/types\/product"}],"replies":[{"embeddable":true,"href":"https:\/\/zleyholdings.com\/de\/wp-json\/wp\/v2\/comments?post=2116"}],"wp:featuredmedia":[{"embeddable":true,"href":"https:\/\/zleyholdings.com\/de\/wp-json\/wp\/v2\/media\/4025"}],"wp:attachment":[{"href":"https:\/\/zleyholdings.com\/de\/wp-json\/wp\/v2\/media?parent=2116"}],"wp:term":[{"taxonomy":"product_brand","embeddable":true,"href":"https:\/\/zleyholdings.com\/de\/wp-json\/wp\/v2\/product_brand?post=2116"},{"taxonomy":"product_cat","embeddable":true,"href":"https:\/\/zleyholdings.com\/de\/wp-json\/wp\/v2\/product_cat?post=2116"},{"taxonomy":"product_tag","embeddable":true,"href":"https:\/\/zleyholdings.com\/de\/wp-json\/wp\/v2\/product_tag?post=2116"}],"curies":[{"name":"wp","href":"https:\/\/api.w.org\/{rel}","templated":true}]}}