{"id":1836,"date":"2025-06-06T14:21:28","date_gmt":"2025-06-06T06:21:28","guid":{"rendered":"https:\/\/zleyholdings.com\/?post_type=product&#038;p=1836"},"modified":"2025-09-26T15:53:51","modified_gmt":"2025-09-26T07:53:51","slug":"zleypaeonol-hplc-%e2%89%a599","status":"publish","type":"product","link":"https:\/\/zleyholdings.com\/de\/produkte\/zleypaeonol-hplc-%e2%89%a599\/","title":{"rendered":"ZLEY\u00aePAE"},"content":{"rendered":"<p>Paeonol (INCI: Paeonol) ist ein wei\u00dfes bis cremefarbenes kristallines Pulver, das die Tyrosinase-Aktivit\u00e4t hemmt und so den Hautton aufhellt. Es wirkt entz\u00fcndungshemmend und antibakteriell (MIC 62,5 mg\/ml) und lindert Hautschmerzen und Juckreiz. Es ist alkohol- und \u00f6ll\u00f6slich und wird typischerweise in Konzentrationen von 0,01\u20130,21 TP3T verwendet.<\/p>","protected":false},"excerpt":{"rendered":"<div class=\"number\">\n<table width=\"622\">\n<tbody>\n<tr>\n<td width=\"208\"><strong>INCI:<\/strong><\/td>\n<td width=\"414\">Paeonol<\/td>\n<\/tr>\n<tr>\n<td width=\"208\"><strong>Eigenschaften:<\/strong><\/td>\n<td width=\"414\">Hemmt die Tyrosinase-Aktivit\u00e4t und hellt so den Hautton auf. Wirkt entz\u00fcndungshemmend und antibakteriell mit einer MHK von 62,5 mg\/ml und hilft, Hautschmerzen und Juckreiz zu lindern.<\/td>\n<\/tr>\n<tr>\n<td width=\"208\"><strong>Aussehen:<\/strong><\/td>\n<td width=\"414\">wei\u00dfes oder cremefarbenes kristallines Pulver<\/td>\n<\/tr>\n<tr>\n<td width=\"208\"><strong>Empfohlene Dosierung:<\/strong><\/td>\n<td width=\"414\">0.01-0.2%<\/td>\n<\/tr>\n<tr>\n<td width=\"208\"><strong>L\u00f6slichkeit:<\/strong><\/td>\n<td width=\"414\">L\u00f6slich in Alkohol, l\u00f6slich in \u00d6l<\/td>\n<\/tr>\n<\/tbody>\n<\/table>\n<\/div>","protected":false},"featured_media":4327,"comment_status":"open","ping_status":"closed","template":"","meta":{"_acf_changed":false,"site-sidebar-layout":"default","site-content-layout":"","ast-site-content-layout":"default","site-content-style":"default","site-sidebar-style":"default","ast-global-header-display":"","ast-banner-title-visibility":"","ast-main-header-display":"","ast-hfb-above-header-display":"","ast-hfb-below-header-display":"","ast-hfb-mobile-header-display":"","site-post-title":"","ast-breadcrumbs-content":"","ast-featured-img":"","footer-sml-layout":"","theme-transparent-header-meta":"default","adv-header-id-meta":"","stick-header-meta":"default","header-above-stick-meta":"","header-main-stick-meta":"","header-below-stick-meta":"","astra-migrate-meta-layouts":"set","ast-page-background-enabled":"default","ast-page-background-meta":{"desktop":{"background-color":"","background-image":"","background-repeat":"repeat","background-position":"center center","background-size":"auto","background-attachment":"scroll","background-type":"","background-media":"","overlay-type":"","overlay-color":"","overlay-opacity":"","overlay-gradient":""},"tablet":{"background-color":"","background-image":"","background-repeat":"repeat","background-position":"center center","background-size":"auto","background-attachment":"scroll","background-type":"","background-media":"","overlay-type":"","overlay-color":"","overlay-opacity":"","overlay-gradient":""},"mobile":{"background-color":"","background-image":"","background-repeat":"repeat","background-position":"center center","background-size":"auto","background-attachment":"scroll","background-type":"","background-media":"","overlay-type":"","overlay-color":"","overlay-opacity":"","overlay-gradient":""}},"ast-content-background-meta":{"desktop":{"background-color":"var(--ast-global-color-5)","background-image":"","background-repeat":"repeat","background-position":"center center","background-size":"auto","background-attachment":"scroll","background-type":"","background-media":"","overlay-type":"","overlay-color":"","overlay-opacity":"","overlay-gradient":""},"tablet":{"background-color":"var(--ast-global-color-5)","background-image":"","background-repeat":"repeat","background-position":"center center","background-size":"auto","background-attachment":"scroll","background-type":"","background-media":"","overlay-type":"","overlay-color":"","overlay-opacity":"","overlay-gradient":""},"mobile":{"background-color":"var(--ast-global-color-5)","background-image":"","background-repeat":"repeat","background-position":"center center","background-size":"auto","background-attachment":"scroll","background-type":"","background-media":"","overlay-type":"","overlay-color":"","overlay-opacity":"","overlay-gradient":""}}},"product_brand":[],"product_cat":[25],"product_tag":[],"class_list":{"0":"post-1836","1":"product","2":"type-product","3":"status-publish","4":"has-post-thumbnail","6":"product_cat-anti-photoageing","7":"desktop-align-left","8":"tablet-align-left","9":"mobile-align-left","11":"first","12":"instock","13":"shipping-taxable","14":"product-type-simple"},"acf":[],"_links":{"self":[{"href":"https:\/\/zleyholdings.com\/de\/wp-json\/wp\/v2\/product\/1836","targetHints":{"allow":["GET"]}}],"collection":[{"href":"https:\/\/zleyholdings.com\/de\/wp-json\/wp\/v2\/product"}],"about":[{"href":"https:\/\/zleyholdings.com\/de\/wp-json\/wp\/v2\/types\/product"}],"replies":[{"embeddable":true,"href":"https:\/\/zleyholdings.com\/de\/wp-json\/wp\/v2\/comments?post=1836"}],"wp:featuredmedia":[{"embeddable":true,"href":"https:\/\/zleyholdings.com\/de\/wp-json\/wp\/v2\/media\/4327"}],"wp:attachment":[{"href":"https:\/\/zleyholdings.com\/de\/wp-json\/wp\/v2\/media?parent=1836"}],"wp:term":[{"taxonomy":"product_brand","embeddable":true,"href":"https:\/\/zleyholdings.com\/de\/wp-json\/wp\/v2\/product_brand?post=1836"},{"taxonomy":"product_cat","embeddable":true,"href":"https:\/\/zleyholdings.com\/de\/wp-json\/wp\/v2\/product_cat?post=1836"},{"taxonomy":"product_tag","embeddable":true,"href":"https:\/\/zleyholdings.com\/de\/wp-json\/wp\/v2\/product_tag?post=1836"}],"curies":[{"name":"wp","href":"https:\/\/api.w.org\/{rel}","templated":true}]}}