{"id":5306,"date":"2025-08-25T16:50:50","date_gmt":"2025-08-25T08:50:50","guid":{"rendered":"https:\/\/zleyholdings.com\/?page_id=5306"},"modified":"2025-09-11T11:00:55","modified_gmt":"2025-09-11T03:00:55","slug":"unsere-einrichtungen-2","status":"publish","type":"page","link":"https:\/\/zleyholdings.com\/de\/unsere-einrichtungen-2\/","title":{"rendered":"UNSERE QUALIT\u00c4T"},"content":{"rendered":"<div data-elementor-type=\"wp-page\" data-elementor-id=\"5306\" class=\"elementor elementor-5306\" data-elementor-settings=\"{&quot;element_pack_global_tooltip_width&quot;:{&quot;unit&quot;:&quot;px&quot;,&quot;size&quot;:&quot;&quot;,&quot;sizes&quot;:[]},&quot;element_pack_global_tooltip_width_tablet&quot;:{&quot;unit&quot;:&quot;px&quot;,&quot;size&quot;:&quot;&quot;,&quot;sizes&quot;:[]},&quot;element_pack_global_tooltip_width_mobile&quot;:{&quot;unit&quot;:&quot;px&quot;,&quot;size&quot;:&quot;&quot;,&quot;sizes&quot;:[]},&quot;element_pack_global_tooltip_padding&quot;:{&quot;unit&quot;:&quot;px&quot;,&quot;top&quot;:&quot;&quot;,&quot;right&quot;:&quot;&quot;,&quot;bottom&quot;:&quot;&quot;,&quot;left&quot;:&quot;&quot;,&quot;isLinked&quot;:true},&quot;element_pack_global_tooltip_padding_tablet&quot;:{&quot;unit&quot;:&quot;px&quot;,&quot;top&quot;:&quot;&quot;,&quot;right&quot;:&quot;&quot;,&quot;bottom&quot;:&quot;&quot;,&quot;left&quot;:&quot;&quot;,&quot;isLinked&quot;:true},&quot;element_pack_global_tooltip_padding_mobile&quot;:{&quot;unit&quot;:&quot;px&quot;,&quot;top&quot;:&quot;&quot;,&quot;right&quot;:&quot;&quot;,&quot;bottom&quot;:&quot;&quot;,&quot;left&quot;:&quot;&quot;,&quot;isLinked&quot;:true},&quot;element_pack_global_tooltip_border_radius&quot;:{&quot;unit&quot;:&quot;px&quot;,&quot;top&quot;:&quot;&quot;,&quot;right&quot;:&quot;&quot;,&quot;bottom&quot;:&quot;&quot;,&quot;left&quot;:&quot;&quot;,&quot;isLinked&quot;:true},&quot;element_pack_global_tooltip_border_radius_tablet&quot;:{&quot;unit&quot;:&quot;px&quot;,&quot;top&quot;:&quot;&quot;,&quot;right&quot;:&quot;&quot;,&quot;bottom&quot;:&quot;&quot;,&quot;left&quot;:&quot;&quot;,&quot;isLinked&quot;:true},&quot;element_pack_global_tooltip_border_radius_mobile&quot;:{&quot;unit&quot;:&quot;px&quot;,&quot;top&quot;:&quot;&quot;,&quot;right&quot;:&quot;&quot;,&quot;bottom&quot;:&quot;&quot;,&quot;left&quot;:&quot;&quot;,&quot;isLinked&quot;:true}}\" data-elementor-post-type=\"page\">\n\t\t\t\t<div class=\"elementor-element elementor-element-31a7443 e-flex e-con-boxed e-con e-parent\" data-id=\"31a7443\" data-element_type=\"container\" data-e-type=\"container\" data-settings=\"{&quot;background_background&quot;:&quot;classic&quot;}\">\n\t\t\t\t\t<div class=\"e-con-inner\">\n\t\t<div class=\"elementor-element elementor-element-7395cfe e-con-full e-flex e-con e-child\" data-id=\"7395cfe\" data-element_type=\"container\" data-e-type=\"container\">\n\t\t\t\t<div class=\"elementor-element elementor-element-b1dcaa7 elementor-widget elementor-widget-heading\" data-id=\"b1dcaa7\" data-element_type=\"widget\" data-e-type=\"widget\" data-widget_type=\"heading.default\">\n\t\t\t\t<div class=\"elementor-widget-container\">\n\t\t\t\t\t<h2 class=\"elementor-heading-title elementor-size-default\">UNSERE QUALIT\u00c4T\/<\/h2>\t\t\t\t<\/div>\n\t\t\t\t<\/div>\n\t\t\t\t<\/div>\n\t\t<div class=\"elementor-element elementor-element-dc6b998 e-con-full e-flex e-con e-child\" data-id=\"dc6b998\" data-element_type=\"container\" data-e-type=\"container\">\n\t\t<div class=\"elementor-element elementor-element-0897e8e e-con-full e-flex e-con e-child\" data-id=\"0897e8e\" data-element_type=\"container\" data-e-type=\"container\" data-settings=\"{&quot;background_background&quot;:&quot;classic&quot;}\">\n\t\t\t\t<div class=\"elementor-element elementor-element-3fce088 elementor-widget elementor-widget-image\" data-id=\"3fce088\" data-element_type=\"widget\" data-e-type=\"widget\" data-widget_type=\"image.default\">\n\t\t\t\t<div class=\"elementor-widget-container\">\n\t\t\t\t\t\t\t\t\t\t\t\t\t\t\t<img fetchpriority=\"high\" decoding=\"async\" width=\"1024\" height=\"681\" src=\"https:\/\/zleyholdings.com\/wp-content\/uploads\/2025\/09\/55686c241e89e7294d0697133ed676d1-1024x681.png\" class=\"attachment-large size-large wp-image-6502\" alt=\"\" srcset=\"https:\/\/zleyholdings.com\/wp-content\/uploads\/2025\/09\/55686c241e89e7294d0697133ed676d1-1024x681.png 1024w, https:\/\/zleyholdings.com\/wp-content\/uploads\/2025\/09\/55686c241e89e7294d0697133ed676d1-300x199.png 300w, https:\/\/zleyholdings.com\/wp-content\/uploads\/2025\/09\/55686c241e89e7294d0697133ed676d1-768x511.png 768w, https:\/\/zleyholdings.com\/wp-content\/uploads\/2025\/09\/55686c241e89e7294d0697133ed676d1-600x399.png 600w, https:\/\/zleyholdings.com\/wp-content\/uploads\/2025\/09\/55686c241e89e7294d0697133ed676d1-64x43.png 64w, https:\/\/zleyholdings.com\/wp-content\/uploads\/2025\/09\/55686c241e89e7294d0697133ed676d1.png 1173w\" sizes=\"(max-width: 1024px) 100vw, 1024px\" title=\"\">\t\t\t\t\t\t\t\t\t\t\t\t\t\t\t<\/div>\n\t\t\t\t<\/div>\n\t\t\t\t<div class=\"elementor-element elementor-element-46ad4c5 bdt-icon-type-icon elementor-position-top bdt-icon-effect-none elementor-widget elementor-widget-bdt-advanced-icon-box\" data-id=\"46ad4c5\" data-element_type=\"widget\" data-e-type=\"widget\" data-widget_type=\"bdt-advanced-icon-box.default\">\n\t\t\t\t<div class=\"elementor-widget-container\">\n\t\t\t\t\t\t\t<div class=\"bdt-ep-advanced-icon-box\">\n\n\t\t\t\t\t\t\t\n\t\t\n\t\t\t\t\n\t\t\t<div class=\"bdt-ep-advanced-icon-box-content\">\n\n\t\t\t\t\t\t\t\t\t\n\t\t\t\t\t<h3 class=\"bdt-ep-advanced-icon-box-title ep-title-\">\n\t\t\t\t<span >\n\t\t\t\t\tQualit\u00e4tssicherung \t\t\t\t<\/span>\n\t\t\t<\/h3>\n\t\t\n\n\t\t\n\t\t\t\t\t\n\t\t\t\t\n\t\t\t\t\t\t\t\t\t<div class=\"bdt-ep-advanced-icon-box-description\">\n\t\t\t\t\t\t<p>Wir verf\u00fcgen \u00fcber ein erfahrenes QS-Team, das sich der Sicherstellung der Produktqualit\u00e4t widmet. Ein umfassendes Qualit\u00e4tsmanagementsystem gew\u00e4hrleistet die Einhaltung der Vorschriften. Jedes Produkt wird durch eine vollst\u00e4ndige Dokumentation unterst\u00fctzt, einschlie\u00dflich Produktionsaufzeichnungen, vollst\u00e4ndigen Testberichten, COA, Sicherheitsdatenblatt und relevanten Erkl\u00e4rungen.<\/p>\t\t\t\t\t<\/div>\n\t\t\t\t\n\t\t\t\t\t\t\t\t\t<a class=\"bdt-ep-advanced-icon-box-readmore bdt-display-inline-block\">\n\t\t\t\t\t\t\n\t\t\t\t\t\t\t\t\t\t\t<\/a>\n\t\t\t\t\t\t\t<\/div>\n\t\t<\/div>\n\n\t\t\n\t\t\n\t\t\t\t<\/div>\n\t\t\t\t<\/div>\n\t\t\t\t<\/div>\n\t\t\t\t<\/div>\n\t\t<div class=\"elementor-element elementor-element-954823c e-con-full e-flex e-con e-child\" data-id=\"954823c\" data-element_type=\"container\" data-e-type=\"container\" data-settings=\"{&quot;background_background&quot;:&quot;classic&quot;}\">\n\t\t<div class=\"elementor-element elementor-element-963b2fd e-con-full e-flex e-con e-child\" data-id=\"963b2fd\" data-element_type=\"container\" data-e-type=\"container\">\n\t\t\t\t<div class=\"elementor-element elementor-element-7e2f2bf elementor-widget elementor-widget-image\" data-id=\"7e2f2bf\" data-element_type=\"widget\" data-e-type=\"widget\" data-widget_type=\"image.default\">\n\t\t\t\t<div class=\"elementor-widget-container\">\n\t\t\t\t\t\t\t\t\t\t\t\t\t\t\t<img decoding=\"async\" width=\"1024\" height=\"576\" src=\"https:\/\/zleyholdings.com\/wp-content\/uploads\/2025\/08\/3-3-1024x576.png\" class=\"attachment-large size-large wp-image-5180\" alt=\"Bereich-5\" srcset=\"https:\/\/zleyholdings.com\/wp-content\/uploads\/2025\/08\/3-3-1024x576.png 1024w, https:\/\/zleyholdings.com\/wp-content\/uploads\/2025\/08\/3-3-300x169.png 300w, https:\/\/zleyholdings.com\/wp-content\/uploads\/2025\/08\/3-3-768x432.png 768w, https:\/\/zleyholdings.com\/wp-content\/uploads\/2025\/08\/3-3-1536x864.png 1536w, https:\/\/zleyholdings.com\/wp-content\/uploads\/2025\/08\/3-3-600x338.png 600w, https:\/\/zleyholdings.com\/wp-content\/uploads\/2025\/08\/3-3-64x36.png 64w, https:\/\/zleyholdings.com\/wp-content\/uploads\/2025\/08\/3-3.png 1920w\" sizes=\"(max-width: 1024px) 100vw, 1024px\" title=\"\">\t\t\t\t\t\t\t\t\t\t\t\t\t\t\t<\/div>\n\t\t\t\t<\/div>\n\t\t\t\t<div class=\"elementor-element elementor-element-757f2f3 bdt-icon-type-icon elementor-position-top bdt-icon-effect-none elementor-widget elementor-widget-bdt-advanced-icon-box\" data-id=\"757f2f3\" data-element_type=\"widget\" data-e-type=\"widget\" data-widget_type=\"bdt-advanced-icon-box.default\">\n\t\t\t\t<div class=\"elementor-widget-container\">\n\t\t\t\t\t\t\t<div class=\"bdt-ep-advanced-icon-box\">\n\n\t\t\t\t\t\t\t\n\t\t\n\t\t\t\t\n\t\t\t<div class=\"bdt-ep-advanced-icon-box-content\">\n\n\t\t\t\t\t\t\t\t\t\n\t\t\t\t\t<h3 class=\"bdt-ep-advanced-icon-box-title ep-title-\">\n\t\t\t\t<span >\n\t\t\t\t\tQualit\u00e4tskontrolle\t\t\t\t<\/span>\n\t\t\t<\/h3>\n\t\t\n\n\t\t\n\t\t\t\t\t\n\t\t\t\t\n\t\t\t\t\t\t\t\t\t<div class=\"bdt-ep-advanced-icon-box-description\">\n\t\t\t\t\t\t<p>Wir verf\u00fcgen \u00fcber ein voll ausgestattetes Qualit\u00e4tskontrolllabor. Unser unabh\u00e4ngiges, 2.000 m\u00b2 gro\u00dfes Zentrum f\u00fcr Hautpflege-Funktionalit\u00e4tstests und -evaluierung ist gem\u00e4\u00df den P2-Laborstandards der nationalen Allgemeinen Anforderungen an die Laborbiologie GB19498-2011 errichtet. Das Zentrum ist CMA-zertifiziert und kann umfassende Inspektionen durchf\u00fchren, darunter physikalische und chemische Analysen, mikrobielle Tests und sensorische Bewertungen.<\/p>\t\t\t\t\t<\/div>\n\t\t\t\t\n\t\t\t\t\t\t\t\t\t<a class=\"bdt-ep-advanced-icon-box-readmore bdt-display-inline-block\">\n\t\t\t\t\t\t\n\t\t\t\t\t\t\t\t\t\t\t<\/a>\n\t\t\t\t\t\t\t<\/div>\n\t\t<\/div>\n\n\t\t\n\t\t\n\t\t\t\t<\/div>\n\t\t\t\t<\/div>\n\t\t\t\t<\/div>\n\t\t\t\t<\/div>\n\t\t<div class=\"elementor-element elementor-element-f580e3a e-con-full e-flex e-con e-child\" data-id=\"f580e3a\" data-element_type=\"container\" data-e-type=\"container\" data-settings=\"{&quot;background_background&quot;:&quot;classic&quot;}\">\n\t\t<div class=\"elementor-element elementor-element-0fadd30 e-con-full e-flex e-con e-child\" data-id=\"0fadd30\" data-element_type=\"container\" data-e-type=\"container\">\n\t\t\t\t<div class=\"elementor-element elementor-element-8859fb9 elementor-widget elementor-widget-image\" data-id=\"8859fb9\" data-element_type=\"widget\" data-e-type=\"widget\" data-widget_type=\"image.default\">\n\t\t\t\t<div class=\"elementor-widget-container\">\n\t\t\t\t\t\t\t\t\t\t\t\t\t\t\t<img decoding=\"async\" width=\"1024\" height=\"576\" src=\"https:\/\/zleyholdings.com\/wp-content\/uploads\/2025\/08\/3-2-1024x576.png\" class=\"attachment-large size-large wp-image-5179\" alt=\"Bereich-5\" srcset=\"https:\/\/zleyholdings.com\/wp-content\/uploads\/2025\/08\/3-2-1024x576.png 1024w, https:\/\/zleyholdings.com\/wp-content\/uploads\/2025\/08\/3-2-300x169.png 300w, https:\/\/zleyholdings.com\/wp-content\/uploads\/2025\/08\/3-2-768x432.png 768w, https:\/\/zleyholdings.com\/wp-content\/uploads\/2025\/08\/3-2-1536x864.png 1536w, https:\/\/zleyholdings.com\/wp-content\/uploads\/2025\/08\/3-2-600x338.png 600w, https:\/\/zleyholdings.com\/wp-content\/uploads\/2025\/08\/3-2-64x36.png 64w, https:\/\/zleyholdings.com\/wp-content\/uploads\/2025\/08\/3-2.png 1920w\" sizes=\"(max-width: 1024px) 100vw, 1024px\" title=\"\">\t\t\t\t\t\t\t\t\t\t\t\t\t\t\t<\/div>\n\t\t\t\t<\/div>\n\t\t\t\t<div class=\"elementor-element elementor-element-bd39e87 bdt-icon-type-icon elementor-position-top bdt-icon-effect-none elementor-widget elementor-widget-bdt-advanced-icon-box\" data-id=\"bd39e87\" data-element_type=\"widget\" data-e-type=\"widget\" data-widget_type=\"bdt-advanced-icon-box.default\">\n\t\t\t\t<div class=\"elementor-widget-container\">\n\t\t\t\t\t\t\t<div class=\"bdt-ep-advanced-icon-box\">\n\n\t\t\t\t\t\t\t\n\t\t\n\t\t\t\t\n\t\t\t<div class=\"bdt-ep-advanced-icon-box-content\">\n\n\t\t\t\t\t\t\t\t\t\n\t\t\t\t\t<h3 class=\"bdt-ep-advanced-icon-box-title ep-title-\">\n\t\t\t\t<span >\n\t\t\t\t\tFOSCTEC\t\t\t\t<\/span>\n\t\t\t<\/h3>\n\t\t\n\n\t\t\n\t\t\t\t\t\n\t\t\t\t\n\t\t\t\t\t\t\t\t\t<div class=\"bdt-ep-advanced-icon-box-description\">\n\t\t\t\t\t\t<p>Wir arbeiten mit einem professionellen, unabh\u00e4ngigen Pr\u00fcfinstitut zusammen, das auf Kosmetika, Rohstoffe und pharmazeutische Zwischenprodukte spezialisiert ist. Dies gew\u00e4hrleistet eine unabh\u00e4ngige \u00dcberpr\u00fcfung durch umfassende Tests, einschlie\u00dflich chemischer, mikrobiologischer, Stabilit\u00e4ts- und Funktionsbewertungen, und garantiert so die Produktzuverl\u00e4ssigkeit und Einhaltung gesetzlicher Vorschriften.<\/p>\t\t\t\t\t<\/div>\n\t\t\t\t\n\t\t\t\t\t\t\t\t\t<a class=\"bdt-ep-advanced-icon-box-readmore bdt-display-inline-block\">\n\t\t\t\t\t\t\n\t\t\t\t\t\t\t\t\t\t\t<\/a>\n\t\t\t\t\t\t\t<\/div>\n\t\t<\/div>\n\n\t\t\n\t\t\n\t\t\t\t<\/div>\n\t\t\t\t<\/div>\n\t\t\t\t<\/div>\n\t\t\t\t<\/div>\n\t\t\t\t\t<\/div>\n\t\t\t\t<\/div>\n\t\t\t\t<\/div>","protected":false},"excerpt":{"rendered":"<p>OUR QUALITY\/ QA We have an experienced QA team dedicated to ensuring product quality. A comprehensive quality management system is in place to guarantee compliance. Each product is supported by complete documentation, including production records, full test reports, COA, SDS, and relevant statements. QC We have a fully equipped QC laboratory. Our independent Skincare Functionality [&hellip;]<\/p>","protected":false},"author":1,"featured_media":0,"parent":0,"menu_order":0,"comment_status":"closed","ping_status":"closed","template":"","meta":{"_acf_changed":false,"site-sidebar-layout":"no-sidebar","site-content-layout":"page-builder","ast-site-content-layout":"full-width-container","site-content-style":"unboxed","site-sidebar-style":"unboxed","ast-global-header-display":"","ast-banner-title-visibility":"","ast-main-header-display":"","ast-hfb-above-header-display":"","ast-hfb-below-header-display":"","ast-hfb-mobile-header-display":"","site-post-title":"disabled","ast-breadcrumbs-content":"","ast-featured-img":"disabled","footer-sml-layout":"","theme-transparent-header-meta":"","adv-header-id-meta":"","stick-header-meta":"default","header-above-stick-meta":"","header-main-stick-meta":"","header-below-stick-meta":"","astra-migrate-meta-layouts":"set","ast-page-background-enabled":"default","ast-page-background-meta":{"desktop":{"background-color":"","background-image":"","background-repeat":"repeat","background-position":"center center","background-size":"auto","background-attachment":"scroll","background-type":"","background-media":"","overlay-type":"","overlay-color":"","overlay-opacity":"","overlay-gradient":""},"tablet":{"background-color":"","background-image":"","background-repeat":"repeat","background-position":"center center","background-size":"auto","background-attachment":"scroll","background-type":"","background-media":"","overlay-type":"","overlay-color":"","overlay-opacity":"","overlay-gradient":""},"mobile":{"background-color":"","background-image":"","background-repeat":"repeat","background-position":"center center","background-size":"auto","background-attachment":"scroll","background-type":"","background-media":"","overlay-type":"","overlay-color":"","overlay-opacity":"","overlay-gradient":""}},"ast-content-background-meta":{"desktop":{"background-color":"var(--ast-global-color-5)","background-image":"","background-repeat":"repeat","background-position":"center center","background-size":"auto","background-attachment":"scroll","background-type":"","background-media":"","overlay-type":"","overlay-color":"","overlay-opacity":"","overlay-gradient":""},"tablet":{"background-color":"var(--ast-global-color-5)","background-image":"","background-repeat":"repeat","background-position":"center center","background-size":"auto","background-attachment":"scroll","background-type":"","background-media":"","overlay-type":"","overlay-color":"","overlay-opacity":"","overlay-gradient":""},"mobile":{"background-color":"var(--ast-global-color-5)","background-image":"","background-repeat":"repeat","background-position":"center center","background-size":"auto","background-attachment":"scroll","background-type":"","background-media":"","overlay-type":"","overlay-color":"","overlay-opacity":"","overlay-gradient":""}},"footnotes":""},"class_list":["post-5306","page","type-page","status-publish","hentry"],"acf":[],"_links":{"self":[{"href":"https:\/\/zleyholdings.com\/de\/wp-json\/wp\/v2\/pages\/5306","targetHints":{"allow":["GET"]}}],"collection":[{"href":"https:\/\/zleyholdings.com\/de\/wp-json\/wp\/v2\/pages"}],"about":[{"href":"https:\/\/zleyholdings.com\/de\/wp-json\/wp\/v2\/types\/page"}],"author":[{"embeddable":true,"href":"https:\/\/zleyholdings.com\/de\/wp-json\/wp\/v2\/users\/1"}],"replies":[{"embeddable":true,"href":"https:\/\/zleyholdings.com\/de\/wp-json\/wp\/v2\/comments?post=5306"}],"version-history":[{"count":0,"href":"https:\/\/zleyholdings.com\/de\/wp-json\/wp\/v2\/pages\/5306\/revisions"}],"wp:attachment":[{"href":"https:\/\/zleyholdings.com\/de\/wp-json\/wp\/v2\/media?parent=5306"}],"curies":[{"name":"wp","href":"https:\/\/api.w.org\/{rel}","templated":true}]}}