{"id":2639,"date":"2025-06-25T12:00:10","date_gmt":"2025-06-25T04:00:10","guid":{"rendered":"https:\/\/zleyholdings.com\/?page_id=2639"},"modified":"2025-06-25T13:43:42","modified_gmt":"2025-06-25T05:43:42","slug":"datenschutzrichtlinie","status":"publish","type":"page","link":"https:\/\/zleyholdings.com\/de\/datenschutzrichtlinie\/","title":{"rendered":"Datenschutzrichtlinie"},"content":{"rendered":"<div data-elementor-type=\"wp-page\" data-elementor-id=\"2639\" class=\"elementor elementor-2639\" data-elementor-settings=\"{&quot;element_pack_global_tooltip_width&quot;:{&quot;unit&quot;:&quot;px&quot;,&quot;size&quot;:&quot;&quot;,&quot;sizes&quot;:[]},&quot;element_pack_global_tooltip_width_tablet&quot;:{&quot;unit&quot;:&quot;px&quot;,&quot;size&quot;:&quot;&quot;,&quot;sizes&quot;:[]},&quot;element_pack_global_tooltip_width_mobile&quot;:{&quot;unit&quot;:&quot;px&quot;,&quot;size&quot;:&quot;&quot;,&quot;sizes&quot;:[]},&quot;element_pack_global_tooltip_padding&quot;:{&quot;unit&quot;:&quot;px&quot;,&quot;top&quot;:&quot;&quot;,&quot;right&quot;:&quot;&quot;,&quot;bottom&quot;:&quot;&quot;,&quot;left&quot;:&quot;&quot;,&quot;isLinked&quot;:true},&quot;element_pack_global_tooltip_padding_tablet&quot;:{&quot;unit&quot;:&quot;px&quot;,&quot;top&quot;:&quot;&quot;,&quot;right&quot;:&quot;&quot;,&quot;bottom&quot;:&quot;&quot;,&quot;left&quot;:&quot;&quot;,&quot;isLinked&quot;:true},&quot;element_pack_global_tooltip_padding_mobile&quot;:{&quot;unit&quot;:&quot;px&quot;,&quot;top&quot;:&quot;&quot;,&quot;right&quot;:&quot;&quot;,&quot;bottom&quot;:&quot;&quot;,&quot;left&quot;:&quot;&quot;,&quot;isLinked&quot;:true},&quot;element_pack_global_tooltip_border_radius&quot;:{&quot;unit&quot;:&quot;px&quot;,&quot;top&quot;:&quot;&quot;,&quot;right&quot;:&quot;&quot;,&quot;bottom&quot;:&quot;&quot;,&quot;left&quot;:&quot;&quot;,&quot;isLinked&quot;:true},&quot;element_pack_global_tooltip_border_radius_tablet&quot;:{&quot;unit&quot;:&quot;px&quot;,&quot;top&quot;:&quot;&quot;,&quot;right&quot;:&quot;&quot;,&quot;bottom&quot;:&quot;&quot;,&quot;left&quot;:&quot;&quot;,&quot;isLinked&quot;:true},&quot;element_pack_global_tooltip_border_radius_mobile&quot;:{&quot;unit&quot;:&quot;px&quot;,&quot;top&quot;:&quot;&quot;,&quot;right&quot;:&quot;&quot;,&quot;bottom&quot;:&quot;&quot;,&quot;left&quot;:&quot;&quot;,&quot;isLinked&quot;:true}}\" data-elementor-post-type=\"page\">\n\t\t\t\t<div class=\"elementor-element elementor-element-3428455 e-flex e-con-boxed e-con e-parent\" data-id=\"3428455\" data-element_type=\"container\" data-e-type=\"container\">\n\t\t\t\t\t<div class=\"e-con-inner\">\n\t\t\t\t<div class=\"elementor-element elementor-element-3e0e420 elementor-widget elementor-widget-heading\" data-id=\"3e0e420\" data-element_type=\"widget\" data-e-type=\"widget\" data-widget_type=\"heading.default\">\n\t\t\t\t<div class=\"elementor-widget-container\">\n\t\t\t\t\t<h1 class=\"elementor-heading-title elementor-size-default\">Datenschutzrichtlinie<\/h1>\t\t\t\t<\/div>\n\t\t\t\t<\/div>\n\t\t\t\t<div class=\"elementor-element elementor-element-e7ce641 elementor-widget elementor-widget-breadcrumbs\" data-id=\"e7ce641\" data-element_type=\"widget\" data-e-type=\"widget\" data-widget_type=\"breadcrumbs.default\">\n\t\t\t\t<div class=\"elementor-widget-container\">\n\t\t\t\t\t<nav aria-label=\"Paniermehl\" class=\"rank-math-breadcrumb\"><p><span class=\"last\">Heim<\/span><\/p><\/nav>\t\t\t\t<\/div>\n\t\t\t\t<\/div>\n\t\t\t\t<div class=\"elementor-element elementor-element-318afc9 elementor-widget elementor-widget-text-editor\" data-id=\"318afc9\" data-element_type=\"widget\" data-e-type=\"widget\" data-widget_type=\"text-editor.default\">\n\t\t\t\t<div class=\"elementor-widget-container\">\n\t\t\t\t\t\t\t\t\t<p>Aktualisiert am 10. Mai 2023<\/p><p>Vielen Dank f\u00fcr Ihren Besuch! Wir legen Wert auf die Beziehung zu unseren Kunden und legen gr\u00f6\u00dften Wert auf Ihre Privatsph\u00e4re. Diese Datenschutzerkl\u00e4rung f\u00fcr Zleyholdings informiert Sie dar\u00fcber, wie wir Informationen sammeln, welche Arten von Informationen wir sammeln und welche Verwendungsm\u00f6glichkeiten diese Informationen bieten. Wir nutzen alle verf\u00fcgbaren Ressourcen und Informationen, um unsere Dienstleistungen kontinuierlich zu verbessern und Einblicke in unsere Praktiken und Marketingdaten zu gewinnen. Unser Motto ist es, stets der beste und f\u00fchrende Anbieter der Branche zu sein.<\/p><p>Wir legen Wert auf Ihre Privatsph\u00e4re und verkaufen Ihre Daten niemals weiter. Wir m\u00f6chten sicherstellen, dass Ihre personenbezogenen Daten vor versehentlicher, unrechtm\u00e4\u00dfiger oder unbefugter Nutzung, Zerst\u00f6rung, Verlust, Ver\u00e4nderung, Zugriff und Offenlegung gesch\u00fctzt sind. Die gesamte Datenerfassung dient der Verbesserung unserer Dienste. Die Weitergabe von Informationen beschr\u00e4nkt sich auf unsere Gesch\u00e4ftspartner, Dienstleister, Plattformen und Parteien, die an Transaktionen und Interaktionen beteiligt sind, die unsere Dienste f\u00fcr Sie erm\u00f6glichen, Werbeunternehmen und andere Dritte, beispielsweise zu Verbraucherschutzzwecken. Sie haben das Recht, Dienste, denen Sie nicht zustimmen, abzulehnen, z. B. E-Mail-Abmeldungen und die Ablehnung oder Anpassung von Cookies.<\/p><p>Bitte lesen Sie diese Datenschutzrichtlinie sorgf\u00e4ltig durch, um unsere Richtlinien und Praktiken in Bezug auf Ihre Daten und deren Behandlung zu verstehen. Wenn Sie mit unseren Richtlinien und Praktiken nicht einverstanden sind, nutzen Sie unsere Website bitte nicht. Durch den Zugriff auf oder die Nutzung dieser Website stimmen Sie dieser Datenschutzrichtlinie zu. Wir k\u00f6nnen unsere Datenschutzrichtlinie von Zeit zu Zeit \u00fcberarbeiten und aktualisieren. Alle Aktualisierungen werden auf dieser Seite ver\u00f6ffentlicht. Sofern gesetzlich nichts anderes vorgeschrieben ist, gilt Ihre fortgesetzte Nutzung dieser Website nach von uns vorgenommenen \u00c4nderungen als Zustimmung zu diesen \u00c4nderungen. Bitte \u00fcberpr\u00fcfen Sie die Datenschutzrichtlinie daher regelm\u00e4\u00dfig auf Aktualisierungen. Wenn Sie noch Fragen oder Bedenken haben, kontaktieren Sie uns bitte unter services@zleyholdings.com.<\/p><h2>1. Von uns erfasste Informationen<\/h2><p>Zley Holdings erhebt Ihre personenbezogenen Daten, wenn Sie unsere Website besuchen, unsere Online-Kontakttools nutzen, uns eine E-Mail senden oder auf andere Weise mit uns kommunizieren. Diese personenbezogenen Daten k\u00f6nnen unter anderem Ihren Namen und Ihre Kontaktdaten umfassen, wie z. B. Ihren tats\u00e4chlichen Namen, Ihre Firmenadresse, Telefonnummer, IP-Adresse, E-Mail-Adresse und B\u00fcronummern.<\/p><h2>2. Wie verwenden wir Ihre Daten?<\/h2><p>Ihre Daten, ob \u00f6ffentlich oder privat, werden ohne Ihre Zustimmung nicht verkauft, ausgetauscht, \u00fcbertragen oder an andere Unternehmen weitergegeben, au\u00dfer wie in dieser Datenschutzrichtlinie angegeben. Wir verwenden Ihre personenbezogenen Daten f\u00fcr unsere berechtigten Interessen, d. h. f\u00fcr unsere Interessen an der Durchf\u00fchrung unseres Gesch\u00e4fts, der Ausf\u00fchrung von Bestellungen und der Abwicklung von Transaktionen sowie der Verwaltung und Bereitstellung von Dienstleistungen f\u00fcr Sie, darunter:<\/p><ul><li>Bereitstellung, Aufrechterhaltung und Verbesserung unseres Gesch\u00e4fts;<\/li><li>Verwaltung und Bereitstellung von Diensten f\u00fcr Sie;<\/li><li>Beantwortung Ihrer Fragen, Anliegen und sonstigen Unterst\u00fctzungsanfragen;<\/li><li>Sie \u00fcber administrative \u00c4nderungen an unserer Website auf dem Laufenden zu halten, einschlie\u00dflich \u00c4nderungen unserer Allgemeinen Gesch\u00e4ftsbedingungen und anderer Richtlinien sowie anderer Informationen bez\u00fcglich der Website;<\/li><li>Analyse von Website-Statistiken, wie z. B. Nutzung und Erfahrungen, die Ihr Browser-Erlebnis beeinflussen. Wir nutzen diese Informationen, um Fehler zu beheben und andere Probleme zu l\u00f6sen, um Ihnen das bestm\u00f6gliche Browser-Erlebnis zu bieten.<\/li><li>Durchf\u00fchrung von Marktforschung, die unsere Marketingstrategie beeinflusst und es uns erm\u00f6glicht, Ihnen ein auf Ihre Interessen zugeschnittenes Browser-Erlebnis zu bieten. Beispielsweise erstellen wir Benutzerprofile, um personalisierte Direktmarketing-Kommunikation zu erm\u00f6glichen;<\/li><li>Verhinderung von Betrug, kriminellen Aktivit\u00e4ten und Missbrauch unserer Website. Wir verwenden diese Informationen auch, um unzul\u00e4ssigen Wiederverk\u00e4ufern den Zugriff auf unsere Website zu verweigern und die Sicherheit dieser Website sowie unserer Infrastruktur zu gew\u00e4hrleisten;<\/li><li>Einhaltung gesetzlicher Verpflichtungen und Verfahren und Schutz unserer Rechte, Privatsph\u00e4re, Sicherheit und unseres Eigentums sowie Ihrer Rechte, Privatsph\u00e4re, Sicherheit und Ihres Eigentums und der Rechte, Privatsph\u00e4re, Sicherheit und des Eigentums unserer verbundenen Unternehmen und Dritter;<\/li><li>Erm\u00f6glicht uns die Ver\u00f6ffentlichung Ihrer Bewertungen, Fotos, Videos und anderer Inhalte;<\/li><li>Kommunikation mit Ihnen, auch per E-Mail. Wir k\u00f6nnen die E-Mail-Adresse, die Sie f\u00fcr die Auftragsabwicklung angeben, verwenden, um Ihnen Informationen und Aktualisierungen zu Ihren Bestellungen sowie gelegentliche Neuigkeiten, Aktualisierungen und Informationen zu unserem Unternehmen und verwandten Produkten und Dienstleistungen zu senden.<\/li><\/ul><h2>3. Wie sch\u00fctzen wir Ihre Daten?<\/h2><p>Wir verpflichten uns, Ihre Privatsph\u00e4re bei der Nutzung unserer Website und bei der Erfassung Ihrer Daten zu sch\u00fctzen. Wir nehmen die Sicherheit Ihrer Daten ernst und setzen verschiedene Sicherheitsma\u00dfnahmen ein, um die Sicherheit aller von Ihnen bereitgestellten personenbezogenen Daten zu gew\u00e4hrleisten. Ihre personenbezogenen Daten werden in gesicherten Netzwerken gespeichert und sind nur einer begrenzten Anzahl von Personen zug\u00e4nglich, die \u00fcber besondere Zugriffsrechte auf diese Systeme verf\u00fcgen und zur Geheimhaltung verpflichtet sind. Wenn Sie auf Ihre personenbezogenen Daten zugreifen, bieten wir Ihnen die Nutzung eines sicheren Servers an. Alle von Ihnen bereitgestellten vertraulichen Informationen werden per Secure Socket Layer (SSL)-Technologie \u00fcbertragen und anschlie\u00dfend verschl\u00fcsselt in unseren Datenbanken gespeichert, sodass nur wie oben beschrieben darauf zugegriffen werden kann.<\/p><h2>4. Weitergabe an Dritte<\/h2><p>Wir verkaufen, handeln oder \u00fcbermitteln Ihre personenbezogenen Daten nicht an Dritte, es sei denn, wir informieren Sie im Voraus dar\u00fcber (au\u00dfer wie unten beschrieben). Der Begriff \u201eDritte\u201c umfasst nicht Website-Hosting-Partner und andere Parteien, die uns beim Betrieb unserer Website, der Durchf\u00fchrung unserer Gesch\u00e4fte oder der Bereitstellung von Dienstleistungen unterst\u00fctzen, sofern diese Parteien sich verpflichten, diese Informationen vertraulich zu behandeln. Wir k\u00f6nnen Ihre Daten auch weitergeben, wenn wir dies f\u00fcr angemessen halten, um Gesetze einzuhalten, unsere Website-Richtlinien durchzusetzen oder unsere oder die Rechte, das Eigentum oder die Sicherheit anderer zu sch\u00fctzen.<\/p><h2>5. Cookies<\/h2><p>Die Internetseiten verwenden teilweise so genannte Cookies. Cookies richten auf Ihrem Rechner keinen Schaden an und enthalten keine Viren. Cookies dienen dazu, unser Angebot nutzerfreundlicher, effektiver und sicherer zu machen. Cookies sind kleine Textdateien, die auf Ihrem Rechner abgelegt werden und die Ihr Browser speichert.<\/p><p>Sie k\u00f6nnen Ihren Computer so einstellen, dass er Sie jedes Mal warnt, wenn ein Cookie gesendet wird, oder Sie k\u00f6nnen Cookies komplett deaktivieren. Dies k\u00f6nnen Sie \u00fcber Ihre Browsereinstellungen tun. Jeder Browser ist etwas anders. Schauen Sie daher im Hilfemen\u00fc Ihres Browsers nach, wie Sie Ihre Cookies richtig \u00e4ndern k\u00f6nnen. Wenn Sie Cookies deaktivieren, haben Sie keinen Zugriff auf viele Funktionen, die Ihre Website-Erfahrung effizienter machen, und einige unserer Dienste funktionieren nicht richtig. Sie k\u00f6nnen uns jedoch weiterhin per E-Mail oder \u00fcber unser Kontaktformular kontaktieren.<\/p><h2>6. \u00c4nderungen unserer Richtlinie<\/h2><p>Sollten wir unsere Datenschutzrichtlinie \u00e4ndern, ver\u00f6ffentlichen wir diese \u00c4nderungen auf dieser Webseite. \u00c4nderungen gelten nur f\u00fcr Daten, die nach dem Datum der \u00c4nderung erhoben wurden.<\/p>\t\t\t\t\t\t\t\t<\/div>\n\t\t\t\t<\/div>\n\t\t\t\t\t<\/div>\n\t\t\t\t<\/div>\n\t\t\t\t<\/div>","protected":false},"excerpt":{"rendered":"<p>Privacy Policy Home Updated on May 10, 2023 Thank you for visiting us! We value our relationship with our customers, and we place top priority on your privacy. This privacy notice for Zleyholdings aims to inform you about how we collect information, the types of information we collect, and the potential uses of that information. [&hellip;]<\/p>","protected":false},"author":1,"featured_media":0,"parent":0,"menu_order":0,"comment_status":"closed","ping_status":"closed","template":"","meta":{"_acf_changed":false,"site-sidebar-layout":"no-sidebar","site-content-layout":"page-builder","ast-site-content-layout":"full-width-container","site-content-style":"default","site-sidebar-style":"default","ast-global-header-display":"","ast-banner-title-visibility":"","ast-main-header-display":"","ast-hfb-above-header-display":"","ast-hfb-below-header-display":"","ast-hfb-mobile-header-display":"","site-post-title":"disabled","ast-breadcrumbs-content":"","ast-featured-img":"disabled","footer-sml-layout":"","theme-transparent-header-meta":"","adv-header-id-meta":"","stick-header-meta":"","header-above-stick-meta":"","header-main-stick-meta":"","header-below-stick-meta":"","astra-migrate-meta-layouts":"set","ast-page-background-enabled":"default","ast-page-background-meta":{"desktop":{"background-color":"","background-image":"","background-repeat":"repeat","background-position":"center center","background-size":"auto","background-attachment":"scroll","background-type":"","background-media":"","overlay-type":"","overlay-color":"","overlay-opacity":"","overlay-gradient":""},"tablet":{"background-color":"","background-image":"","background-repeat":"repeat","background-position":"center center","background-size":"auto","background-attachment":"scroll","background-type":"","background-media":"","overlay-type":"","overlay-color":"","overlay-opacity":"","overlay-gradient":""},"mobile":{"background-color":"","background-image":"","background-repeat":"repeat","background-position":"center center","background-size":"auto","background-attachment":"scroll","background-type":"","background-media":"","overlay-type":"","overlay-color":"","overlay-opacity":"","overlay-gradient":""}},"ast-content-background-meta":{"desktop":{"background-color":"var(--ast-global-color-5)","background-image":"","background-repeat":"repeat","background-position":"center center","background-size":"auto","background-attachment":"scroll","background-type":"","background-media":"","overlay-type":"","overlay-color":"","overlay-opacity":"","overlay-gradient":""},"tablet":{"background-color":"var(--ast-global-color-5)","background-image":"","background-repeat":"repeat","background-position":"center center","background-size":"auto","background-attachment":"scroll","background-type":"","background-media":"","overlay-type":"","overlay-color":"","overlay-opacity":"","overlay-gradient":""},"mobile":{"background-color":"var(--ast-global-color-5)","background-image":"","background-repeat":"repeat","background-position":"center center","background-size":"auto","background-attachment":"scroll","background-type":"","background-media":"","overlay-type":"","overlay-color":"","overlay-opacity":"","overlay-gradient":""}},"footnotes":""},"class_list":["post-2639","page","type-page","status-publish","hentry"],"acf":[],"_links":{"self":[{"href":"https:\/\/zleyholdings.com\/de\/wp-json\/wp\/v2\/pages\/2639","targetHints":{"allow":["GET"]}}],"collection":[{"href":"https:\/\/zleyholdings.com\/de\/wp-json\/wp\/v2\/pages"}],"about":[{"href":"https:\/\/zleyholdings.com\/de\/wp-json\/wp\/v2\/types\/page"}],"author":[{"embeddable":true,"href":"https:\/\/zleyholdings.com\/de\/wp-json\/wp\/v2\/users\/1"}],"replies":[{"embeddable":true,"href":"https:\/\/zleyholdings.com\/de\/wp-json\/wp\/v2\/comments?post=2639"}],"version-history":[{"count":0,"href":"https:\/\/zleyholdings.com\/de\/wp-json\/wp\/v2\/pages\/2639\/revisions"}],"wp:attachment":[{"href":"https:\/\/zleyholdings.com\/de\/wp-json\/wp\/v2\/media?parent=2639"}],"curies":[{"name":"wp","href":"https:\/\/api.w.org\/{rel}","templated":true}]}}